{"id":814,"date":"2023-01-11T21:00:18","date_gmt":"2023-01-11T12:00:18","guid":{"rendered":"http:\/\/good-loop.co.jp"},"modified":"2025-10-26T16:27:51","modified_gmt":"2025-10-26T07:27:51","slug":"entreprise","status":"publish","type":"page","link":"https:\/\/good-loop.co.jp\/fr\/entreprise\/","title":{"rendered":"Profil de l&rsquo;entreprise"},"content":{"rendered":"\n<p>Au-del\u00e0 des oc\u00e9ans, le voyage continue<\/p>\n\n\n\n<figure class=\"wp-block-table\"><table><tbody><tr><td><strong>Nom de l&rsquo;entreprise (nom commercial)<\/strong><\/td><td>Good Loop S.A.<br>(japonais) \u682a\u5f0f\u4f1a\u793e\u30b0\u30c3\u30c9\u30eb\u30fc\u30d7<\/td><\/tr><tr><td><strong>Principales activit\u00e9s<\/strong><\/td><td>Exportation, importation et vente d&rsquo;automobiles<br>D\u00e9veloppement et vente de pi\u00e8ces automobiles<br>D\u00e9veloppement et vente de logiciels<\/td><\/tr><tr><td><strong>Cr\u00e9\u00e9e<\/strong><\/td><td>le 11 janvier 2023<\/td><\/tr><tr><td><strong>Repr\u00e9sentant<\/strong><\/td><td><iframe src=\"\/nocrawl\/ceo_fr.html\" style=\"border:none\" scrolling=\"no\" height=\"25px\"><\/iframe><\/td><\/tr><tr><td><strong>Lieu<\/strong><\/td><td>Yokohama, pr\u00e9fecture de Kanagawa<\/td><\/tr><\/tbody><\/table><\/figure>\n\n\n\n<h3 class=\"wp-block-heading\">Notification conform\u00e9ment \u00e0 la loi sur les revendeurs de biens d&rsquo;occasion<\/h3>\n\n\n\n<p>Toute personne souhaitant acheter ou vendre des biens d&rsquo;occasion, tels que des voitures d&rsquo;occasion, doit obtenir l&rsquo;autorisation de la commission pr\u00e9fectorale de s\u00e9curit\u00e9 publique. Good Loop Co. Ltd. est agr\u00e9\u00e9e par la commission pr\u00e9fectorale de s\u00e9curit\u00e9 publique de Kanagawa.<\/p>\n\n\n\n<figure class=\"wp-block-table\"><table><tbody><tr><td><strong>Nom<\/strong><\/td><td>Good Loop S.A.<\/td><\/tr><tr><td><strong>Agr\u00e9\u00e9 par la Commission de la s\u00e9curit\u00e9 publique<\/strong><\/td><td>Commission pr\u00e9fectorale de la s\u00e9curit\u00e9 publique de Kanagawa<\/td><\/tr><tr><td><strong>Num\u00e9ro de licence<\/strong><\/td><td>No. 451920003680<\/td><\/tr><\/tbody><\/table><\/figure>\n\n\n\n<h3 class=\"wp-block-heading\">Notation bas\u00e9e sur la loi sur le recyclage automobile<\/h3>\n\n\n\n<p> Les entreprises qui traitent des v\u00e9hicules hors d&rsquo;usage (v\u00e9hicules mis \u00e0 la casse) doivent s&rsquo;enregistrer aupr\u00e8s des autorit\u00e9s locales. Good Loop Co. Ltd. est enregistr\u00e9e aupr\u00e8s du maire de Yokohama. <\/p>\n\n\n\n<figure class=\"wp-block-table\"><table><tbody><tr><td><strong>Base juridique<\/strong><\/td><td>Loi sur le recyclage, etc., des v\u00e9hicules hors d&rsquo;usage, article 42<\/td><\/tr><tr><td><strong>Type d&rsquo;immatriculation<\/strong><\/td><td>Soci\u00e9t\u00e9 de collecte<\/td><\/tr><tr><td><strong>Num\u00e9ro d&rsquo;immatriculation<\/strong><\/td><td>20561001739<\/td><\/tr><tr><td><strong>Nom commercial<\/strong><\/td><td>Good Loop S.A.<\/td><\/tr><tr><td><strong>Stockage de v\u00e9hicules hors d&rsquo;usage, etc.<\/strong><\/td><td>Aucun<\/td><\/tr><\/tbody><\/table><\/figure>\n","protected":false},"excerpt":{"rendered":"<p>Au-del\u00e0 des oc\u00e9ans, le voyage continue Nom de l&rsquo;entreprise (nom commercial) Good Loop S.A.(japonais) \u682a\u5f0f\u4f1a\u793e\u30b0\u30c3\u30c9\u30eb\u30fc\u30d7 Principales activit\u00e9s Exportation, importation et vente d&rsquo;automobilesD\u00e9veloppement et vente de pi\u00e8ces automobilesD\u00e9veloppement et vente de logiciels Cr\u00e9\u00e9e le 11 janvier 2023 Repr\u00e9sentant Lieu Yokohama, pr\u00e9fecture de Kanagawa Notification conform\u00e9ment \u00e0 la loi sur les revendeurs de biens d&rsquo;occasion Toute personne [&hellip;]<\/p>\n","protected":false},"author":1,"featured_media":0,"parent":0,"menu_order":0,"comment_status":"closed","ping_status":"closed","template":"","meta":{"footnotes":""},"class_list":["post-814","page","type-page","status-publish","hentry"],"_links":{"self":[{"href":"https:\/\/good-loop.co.jp\/fr\/wp-json\/wp\/v2\/pages\/814","targetHints":{"allow":["GET"]}}],"collection":[{"href":"https:\/\/good-loop.co.jp\/fr\/wp-json\/wp\/v2\/pages"}],"about":[{"href":"https:\/\/good-loop.co.jp\/fr\/wp-json\/wp\/v2\/types\/page"}],"author":[{"embeddable":true,"href":"https:\/\/good-loop.co.jp\/fr\/wp-json\/wp\/v2\/users\/1"}],"replies":[{"embeddable":true,"href":"https:\/\/good-loop.co.jp\/fr\/wp-json\/wp\/v2\/comments?post=814"}],"version-history":[{"count":3,"href":"https:\/\/good-loop.co.jp\/fr\/wp-json\/wp\/v2\/pages\/814\/revisions"}],"predecessor-version":[{"id":866,"href":"https:\/\/good-loop.co.jp\/fr\/wp-json\/wp\/v2\/pages\/814\/revisions\/866"}],"wp:attachment":[{"href":"https:\/\/good-loop.co.jp\/fr\/wp-json\/wp\/v2\/media?parent=814"}],"curies":[{"name":"wp","href":"https:\/\/api.w.org\/{rel}","templated":true}]}}