{"id":830,"date":"2025-08-20T22:49:17","date_gmt":"2025-08-20T13:49:17","guid":{"rendered":"https:\/\/good-loop.co.jp\/?page_id=830"},"modified":"2025-08-20T22:49:17","modified_gmt":"2025-08-20T13:49:17","slug":"entree-outre-mer-tc","status":"publish","type":"page","link":"https:\/\/good-loop.co.jp\/fr\/entree-outre-mer-tc\/","title":{"rendered":"Comment participer \u00e0 Attack Tsukuba depuis l&rsquo;\u00e9tranger"},"content":{"rendered":"\nAttack Tsukuba, l&rsquo;un des \u00e9v\u00e9nements de course contre la montre les plus importants du Japon, a suscit\u00e9 un vif int\u00e9r\u00eat \u00e0 l&rsquo;\u00e9tranger ces derni\u00e8res ann\u00e9es. Avec son fort rayonnement international, notamment gr\u00e2ce aux temps impressionnants enregistr\u00e9s par des pilotes \u00e9trangers, les passionn\u00e9s du monde entier r\u00eavent de courir sur ce \u00ab\u00a0terrain sacr\u00e9\u00a0\u00bb de Tsukuba. Cependant, amener sa voiture ch\u00e9rie au Japon pour une course pr\u00e9sente de nombreux obstacles, du transport du v\u00e9hicule \u00e0 la pr\u00e9paration et \u00e0 l&rsquo;assistance sur place. En tant qu&rsquo;entreprise internationale d&rsquo;import-export de v\u00e9hicules, Good Loop offre un accompagnement complet pour relever ce d\u00e9fi. Nous vous pr\u00e9sentons ci-dessous les services dont vous avez besoin pour participer \u00e0 Attack Tsukuba (et \u00e0 d&rsquo;autres courses sur circuit) depuis l&rsquo;\u00e9tranger. <\/p>\n\n\n\n<h2 class=\"wp-block-heading\">Exp\u00e9dition de v\u00e9hicules au Japon\u00a0: maritime ou a\u00e9rienne<\/h2>\n\n\n\n<p>Il existe deux principaux moyens d&rsquo;exp\u00e9dier des v\u00e9hicules de l&rsquo;\u00e9tranger au Japon\u00a0: le fret maritime et le fret a\u00e9rien. Chaque m\u00e9thode pr\u00e9sente des temps de transport et des co\u00fbts diff\u00e9rents, ainsi que des avantages et des inconv\u00e9nients. Nous trouverons la m\u00e9thode la plus adapt\u00e9e \u00e0 vos besoins. <\/p>\n\n\n\n<ul class=\"wp-block-list\">\n<li><strong>Fret maritime (porte-conteneurs\/navire RORO)\u00a0:<\/strong> Il s&rsquo;agit d&rsquo;une m\u00e9thode courante et \u00e9conomique. Le voyage de l&rsquo;Europe au Japon dure g\u00e9n\u00e9ralement de 3 \u00e0 6 semaines, et le transport simultan\u00e9 de plusieurs v\u00e9hicules r\u00e9duit le co\u00fbt par v\u00e9hicule. Par exemple, si vous chargez trois ou quatre voitures particuli\u00e8res dans un seul conteneur maritime de 12 m\u00e8tres, elles peuvent \u00eatre scell\u00e9es et prot\u00e9g\u00e9es contre le vol et les dommages. Cependant, le transport d&rsquo;un seul v\u00e9hicule dans un conteneur peut \u00eatre co\u00fbteux. Envisagez donc de partager un conteneur avec plusieurs v\u00e9hicules ou d&rsquo;utiliser un navire roulier (RORO). <\/li>\n\n\n\n<li><strong>Fret a\u00e9rien\u00a0:<\/strong> Cette m\u00e9thode est id\u00e9ale pour les situations d&rsquo;urgence ou le transport de voitures de luxe. Elle est extr\u00eamement rapide, ne prenant que quelques jours \u00e0 une semaine. Par exemple, elle est efficace lorsque vous devez envoyer une voiture participer \u00e0 une course \u00e0 la derni\u00e8re minute, ou lorsque vous souhaitez utiliser une voiture localement jusqu&rsquo;\u00e0 la date de l&rsquo;\u00e9v\u00e9nement, puis la ramener au Japon. Cependant, elle est tr\u00e8s co\u00fbteuse\u00a0: alors que le fret maritime co\u00fbte plusieurs centaines de milliers de yens, le fret a\u00e9rien d\u00e9passe souvent largement le million de yens, et des restrictions de taille et de poids s&rsquo;appliquent. Pour les clients n\u00e9cessitant un fret a\u00e9rien, nous fournissons des devis et des proc\u00e9dures d\u00e9taill\u00e9s \u00e0 l&rsquo;avance, offrant ainsi la possibilit\u00e9 de \u00ab\u00a0gagner du temps avec de l&rsquo;argent\u00a0\u00bb. <\/li>\n<\/ul>\n\n\n\n<p>Voici \u00e9galement les m\u00e9thodes suivantes pour importer temporairement un v\u00e9hicule au Japon\u00a0: <\/p>\n\n\n\n<ul class=\"wp-block-list\">\n<li><strong>Carnet ATA (Admission Temporaire)<\/strong><br>Ce document douanier est utilis\u00e9 pour les expositions, les n\u00e9gociations commerciales, etc. Il est d\u00e9livr\u00e9 au Japon par l&rsquo;Association japonaise d&rsquo;arbitrage commercial (JCAA). Le carnet ATA est g\u00e9n\u00e9ralement utilis\u00e9 pour importer une voiture de course afin de participer \u00e0 des \u00e9v\u00e9nements et salons de sport automobile comme Attack Tsukuba. Il peut \u00eatre utilis\u00e9 pendant une certaine p\u00e9riode (g\u00e9n\u00e9ralement un an), exon\u00e9r\u00e9 de taxes et de droits, et peut \u00eatre r\u00e9export\u00e9 apr\u00e8s la fin de l&rsquo;\u00e9v\u00e9nement. <\/li>\n\n\n\n<li><strong>Le Carnet de Passage en Douane (CPD)<\/strong><br> est un syst\u00e8me permettant d&rsquo;importer temporairement un v\u00e9hicule personnel \u00e0 l&rsquo;\u00e9tranger. Au Japon, il est d\u00e9livr\u00e9 par la F\u00e9d\u00e9ration japonaise de l&rsquo;automobile (JAF). Il est g\u00e9n\u00e9ralement utilis\u00e9 pour les voyages touristiques ou les voyages de tourisme, lorsque le v\u00e9hicule est immatricul\u00e9 au Japon et peut circuler sur la voie publique japonaise. <\/li>\n\n\n\n<li><strong>Demande d&rsquo;importation temporaire aupr\u00e8s des douanes habituelles<\/strong><br>Au lieu d&rsquo;utiliser un carnet, vous pouvez \u00e9galement demander un \u00ab\u00a0Permis d&rsquo;importation temporaire\u00a0\u00bb aupr\u00e8s des douanes. Dans ce cas, vous payez les droits de douane et la taxe \u00e0 la consommation \u00e0 l&rsquo;importation et \u00eates rembours\u00e9 \u00e0 la r\u00e9exportation. Cette m\u00e9thode est une option r\u00e9aliste pour les v\u00e9hicules provenant de pays o\u00f9 les carnets ne sont pas disponibles ou pour les v\u00e9hicules ayant des exigences particuli\u00e8res. <\/li>\n\n\n\n<li><strong>Importation temporaire par ferry international<\/strong><br>Les v\u00e9hicules automobiles import\u00e9s temporairement par ferry entre le Japon et d&rsquo;autres pays peuvent \u00eatre d\u00e9douan\u00e9s en franchise de taxes gr\u00e2ce au formulaire de d\u00e9claration d&rsquo;importation\/exportation temporaire de v\u00e9hicules automobiles (C5014) joint au carnet. <\/li>\n<\/ul>\n\n\n\n<p>Que vous choisissiez cette m\u00e9thode, nous collaborons avec des partenaires logistiques et douaniers de confiance pour vous accompagner dans votre d\u00e9marche. Nous vous offrons un accompagnement complet, de la pr\u00e9paration des documents n\u00e9cessaires (factures, manifestes, connaissements, etc.) aux d\u00e9clarations douani\u00e8res, en passant par la gestion du temps. <\/p>\n\n\n\n<h2 class=\"wp-block-heading\"> Services de stockage de v\u00e9hicules au Japon <\/h2>\n\n\n\n<p> Si vous pr\u00e9voyez de laisser votre v\u00e9hicule au Japon pendant un certain temps apr\u00e8s l&rsquo;\u00e9v\u00e9nement pour profiter du tourisme ou conduire, il est important de r\u00e9server un lieu de stockage. Notre entreprise entreposera votre v\u00e9hicule dans nos garages partenaires en toute s\u00e9curit\u00e9. Le stockage en int\u00e9rieur pr\u00e9vient le vol et le vandalisme, et nous assurons \u00e9galement l&rsquo;entretien de la batterie, le d\u00e9marrage r\u00e9gulier du moteur et l&rsquo;entretien de la housse de protection si n\u00e9cessaire pour pr\u00e9server l&rsquo;\u00e9tat du v\u00e9hicule. Un stockage longue dur\u00e9e est \u00e9galement disponible, ce qui nous permet de r\u00e9pondre aux demandes de nos clients souhaitant conserver leur v\u00e9hicule au Japon apr\u00e8s l&rsquo;\u00e9v\u00e9nement Attack Tsukuba de cette ann\u00e9e et participer \u00e0 de futurs \u00e9v\u00e9nements et comp\u00e9titions de conduite. <\/p>\n\n\n\n<h2 class=\"wp-block-heading\">Assistance \u00e0 la configuration et \u00e0 l&rsquo;entretien du v\u00e9hicule<\/h2>\n\n\n\n<p>Pour optimiser vos performances sur les circuits japonais, la configuration de votre v\u00e9hicule sur place<\/strong> est essentielle. Nous collaborons avec des ateliers de r\u00e9paration et de tuning pour vous accompagner dans l&rsquo;entretien et les r\u00e9glages avant et apr\u00e8s la course. Nous prenons en charge tous les aspects, des vidanges d&rsquo;huile et de liquide de refroidissement aux r\u00e9glages de suspension, en passant par le remplacement et le montage des pneus et les plaquettes de frein de rechange. <\/p>\n\n\n\n<p>Le circuit de Tsukuba est un circuit technique de 2\u00a0045 m\u00e8tres de long. Une bonne connaissance du terrain est essentielle pour r\u00e9gler votre voiture en priorit\u00e9 en sortie de virage et s&rsquo;adapter \u00e0 l&rsquo;adh\u00e9rence des routes japonaises. Nous disposons d&rsquo;un r\u00e9seau de m\u00e9caniciens et d&rsquo;ing\u00e9nieurs exp\u00e9riment\u00e9s \u00e0 Tsukuba. Si n\u00e9cessaire, nous pouvons vous pr\u00e9senter notre \u00e9quipe d&rsquo;assistance locale le jour du trajet. \ud83d\ude09\n\n\nOrganisez des visites dans des ateliers de tuning japonais renomm\u00e9s \ud83d\ude09\n\n\n\n\ud83d\ude09 Nous intervenons \u00e9galement pour vos demandes de tuning et d&rsquo;entretien chez votre atelier de tuning JDM pr\u00e9f\u00e9r\u00e9 \ud83d\ude09. Par exemple, nous pouvons r\u00e9pondre avec flexibilit\u00e9 \u00e0 des demandes telles que \u00ab\u00a0Je souhaite peaufiner les r\u00e9glages de mon calculateur pendant mon s\u00e9jour au Japon\u00a0\u00bb ou \u00ab\u00a0Je souhaite faire ajuster mon alignement par un artisan d&rsquo;un atelier r\u00e9put\u00e9\u00a0\u00bb. Nous proposons \u00e9galement des services d&rsquo;interpr\u00e9tation terminologique et de n\u00e9gociation. Veuillez noter cependant que les ateliers r\u00e9put\u00e9s sont souvent complets \u00e0 l&rsquo;avance. <\/p>\n\n\n\n<h2 class=\"wp-block-heading\">Visite des mus\u00e9es des constructeurs automobiles et des collections priv\u00e9es<\/h2>\n\n\n\n<p>Le Japon poss\u00e8de une riche culture automobile et compte de fascinants mus\u00e9es automobiles \u00e0 travers le pays. Parmi les mus\u00e9es g\u00e9r\u00e9s par des constructeurs c\u00e9l\u00e8bres, citons le Mus\u00e9e de l&rsquo;automobile Toyota (Nagakute, pr\u00e9fecture d&rsquo;Aichi), la Collection du patrimoine Nissan (Zama, pr\u00e9fecture de Kanagawa, r\u00e9servation obligatoire), le Mus\u00e9e d&rsquo;histoire Suzuki (pr\u00e9fecture de Shizuoka, r\u00e9servation obligatoire) et le Honda Collection Hall (Twin Ring Motegi, pr\u00e9fecture de Tochigi). Le Honda Collection Hall, en particulier, pr\u00e9sente une grande vari\u00e9t\u00e9 de voitures classiques et de machines de course de toute l&rsquo;histoire, ce qui en fait un lieu incontournable non seulement pour les passionn\u00e9s de Honda, mais aussi pour les passionn\u00e9s de sport automobile. D&rsquo;autres constructeurs poss\u00e8dent \u00e9galement d&rsquo;impressionnants mus\u00e9es, comme le Mus\u00e9e Mazda au si\u00e8ge de Mazda \u00e0 Hiroshima et le Yamaha Communication Plaza \u00e0 Shizuoka.\n\nD&rsquo;autre part, des mus\u00e9es fond\u00e9s gr\u00e2ce \u00e0 des collections priv\u00e9es sont diss\u00e9min\u00e9s \u00e0 travers le pays. Par exemple, le Mus\u00e9e japonais de l&rsquo;automobile, dans la pr\u00e9fecture d&rsquo;Ishikawa, est l&rsquo;un des plus grands du pays, abritant environ 500 voitures rares et c\u00e9l\u00e8bres, dont la Toyota 2000GT et la Jaguar XK140. Parmi les autres mus\u00e9es c\u00e9l\u00e8bres, citons le Mus\u00e9e de l&rsquo;automobile de Kawaguchiko (ouvert uniquement en ao\u00fbt et pr\u00e9sentant une Cizeta V16T) et le Mus\u00e9e GLION d&rsquo;Osaka. Citons \u00e9galement la Collection Iwashita (Oita), qui expose l&rsquo;unique Ducati Apollo L-4 au monde, et le Mus\u00e9e des voitures classiques de Nasu (Tochigi), entre autres. \n\n\n\n<figure class=\"wp-block-image size-large\"><img loading=\"lazy\" decoding=\"async\" width=\"1024\" height=\"576\" src=\"https:\/\/good-loop.co.jp\/fr\/wp-content\/uploads\/sites\/9\/2025\/08\/cizeta-1024x576.jpg\" alt=\"\" class=\"wp-image-838\" srcset=\"https:\/\/good-loop.co.jp\/fr\/wp-content\/uploads\/sites\/9\/2025\/08\/cizeta-1024x576.jpg 1024w, https:\/\/good-loop.co.jp\/fr\/wp-content\/uploads\/sites\/9\/2025\/08\/cizeta-300x169.jpg 300w, https:\/\/good-loop.co.jp\/fr\/wp-content\/uploads\/sites\/9\/2025\/08\/cizeta-768x432.jpg 768w, https:\/\/good-loop.co.jp\/fr\/wp-content\/uploads\/sites\/9\/2025\/08\/cizeta-1536x864.jpg 1536w, https:\/\/good-loop.co.jp\/fr\/wp-content\/uploads\/sites\/9\/2025\/08\/cizeta-2048x1152.jpg 2048w\" sizes=\"auto, (max-width: 1024px) 100vw, 1024px\" \/><figcaption class=\"wp-element-caption\"> Cizeta V16T @ Mus\u00e9e de l&rsquo;automobile de Kawaguchiko\n\n\n\n\n\n<p> Nous organisons \u00e9galement des visites guid\u00e9es de mus\u00e9es en fonction de vos centres d&rsquo;int\u00e9r\u00eat. Si vous souhaitez visiter ces mus\u00e9es lors de votre s\u00e9jour au Japon, mais que vous ne savez pas comment y acc\u00e9der ou r\u00e9server, pas d&rsquo;inqui\u00e9tude. Par exemple, la Nissan Heritage Collection n\u00e9cessite une r\u00e9servation, mais notre entreprise g\u00e8re le processus et propose des visites guid\u00e9es en anglais. Pour les visiteurs internationaux, visiter ces mus\u00e9es et d\u00e9couvrir la culture automobile japonaise sera une exp\u00e9rience inoubliable.\n\n\n\n\n\n<h2 class=\"wp-block-heading\"> Visite des lieux de courses de rue comme Daikoku PA et Hakone Turnpike\n\n\n\n\n\n<p> Les p\u00e8lerinages au berceau des courses de rue sont essentiels pour aborder le monde automobile japonais. Le parking de la jet\u00e9e de Daikoku (Daikoku PA) en est un parfait exemple. Situ\u00e9 au coin d&rsquo;une \u00eele artificielle sous la ligne Bayshore de l&rsquo;autoroute Shuto, ce parking est l&rsquo;un des plus grands rendez-vous automobiles au monde, attirant d&rsquo;innombrables voitures modifi\u00e9es et supercars la nuit. Avec son paysage atypique, bord\u00e9 de bretelles d&rsquo;autoroute en spirale, Daikoku PA a \u00e9t\u00e9 d\u00e9crit comme un microcosme de la culture automobile japonaise. <\/p>\n\n\n\n<p> Les cours de conduite en banlieue, en dehors de la capitale, sont \u00e9galement populaires. L&rsquo;autoroute de Hakone, dans la pr\u00e9fecture de Kanagawa (aujourd&rsquo;hui la route \u00e0 p\u00e9age menant au Mazda Sky Lounge), est r\u00e9put\u00e9e pour \u00eatre l&rsquo;une des routes les plus sinueuses du Japon. Avec ses virages rapides et fluides et ses vues exceptionnelles sur le mont Fuji, elle est parfois surnomm\u00e9e le \u00ab\u00a0Mini N\u00fcrburgring japonais\u00a0\u00bb. Pourquoi ne pas partir de Tokyo t\u00f4t le matin pour une balade jusqu&rsquo;au pied du mont Fuji, en sillonnant les sources chaudes et en admirant le paysage\u00a0? <\/p>\n\n\n\n<p> Nous pouvons \u00e9galement organiser des visites d&rsquo;autres circuits de courses automobiles urbains \u00e0 travers le Japon, selon vos besoins. Vivez une exp\u00e9rience automobile inoubliable. <strong>\n\n\n\n<h2 class=\"wp-block-heading\">Assistance voyage (Informations) pendant votre s\u00e9jour<\/h2>\n\n\n\n<p>Nous vous fournissons gratuitement des informations et des conseils<\/strong> sur les aspects non li\u00e9s \u00e0 la voiture de votre s\u00e9jour afin que vous puissiez profiter du Japon en toute s\u00e9r\u00e9nit\u00e9. Nous vous aidons \u00e0 planifier votre voyage en vous pr\u00e9sentant des services externes fiables et des sites de r\u00e9servation officiels. <\/p>\n\n\n\n<ul class=\"wp-block-list\">\n<li><strong>Informations sur l&rsquo;h\u00e9bergement<\/strong><br>Nous fournissons gratuitement des informations sur les h\u00f4tels \u00e0 proximit\u00e9 du circuit, les h\u00e9bergements en centre-ville et les auberges thermales. Les clients sont responsables de leurs r\u00e9servations. <\/li>\n\n\n\n<li><strong> Informations sur la location de voitures et les transports<\/strong><br> Nous pr\u00e9sentons les mod\u00e8les de voitures autoris\u00e9s avec un permis de conduire international et les cat\u00e9gories de v\u00e9hicules les plus populaires aupr\u00e8s des participants du circuit. <\/li>\n\n\n\n<li><strong> Conseils touristiques et gastronomiques<\/strong><br> Nous pr\u00e9sentons les sites touristiques et les restaurants \u00e0 visiter pr\u00e8s de Tsukuba et de la r\u00e9gion de Tokyo, en nous basant sur les exp\u00e9riences et les avis de notre \u00e9quipe. <\/li>\n\n\n\n<li><strong> Pr\u00e9sentation des interpr\u00e8tes et des services d&rsquo;assistance<\/strong><br> Si vous avez besoin d&rsquo;interpr\u00e8tes ou de guides professionnels, nous vous mettrons en relation avec des partenaires externes de confiance. <\/li>\n<\/ul>\n\n\n\n<p>Bien que nous ne proposions pas de services de voyage, nous offrons un accompagnement complet sous forme d&rsquo;informations pour faciliter le s\u00e9jour de nos clients internationaux au Japon. <\/p>\n\n\n\n<h2 class=\"wp-block-heading\">Pourquoi choisir Good Loop\u00a0: Des partenariats fiables et une r\u00e9activit\u00e9 optimale<\/h2>\n\n\n\n<ul class=\"wp-block-list\">\n<li><strong>Travailler avec des partenaires de confiance\u00a0:<\/strong> Nous collaborons avec des sp\u00e9cialistes reconnus dans divers domaines, notamment la logistique internationale, la maintenance et le tourisme, afin de fournir des services sur mesure. Nous collaborons avec des entreprises de logistique exp\u00e9riment\u00e9es pour assurer un accompagnement fiable et s\u00fbr dans les proc\u00e9dures d&rsquo;import\/export et le transport. <\/li>\n\n\n\n<li><strong> Services complets et sur mesure\u00a0: <\/strong> L&rsquo;offre unique de Good Loop repose sur un service complet, du transport et du stockage \u00e0 l&rsquo;installation et \u00e0 l&rsquo;accompagnement lors des d\u00e9placements. Parce que la situation de chaque client est unique, nous proposons une personnalisation flexible pour cr\u00e9er un \u00ab\u00a0plan personnalis\u00e9 et sp\u00e9cial\u00a0\u00bb. <\/li>\n\n\n\n<li><strong> Transparence et prise en compte des co\u00fbts\u00a0: <\/strong> Nous fournissons des devis clairs et d\u00e9taill\u00e9s et proposons des plans optimaux qui \u00e9liminent les co\u00fbts inutiles. Par exemple, nous pouvons proposer des solutions \u00e9conomiques, comme le partage de conteneurs avec plusieurs clients ou l&rsquo;utilisation d&rsquo;itin\u00e9raires \u00e9conomiques hors saison. <\/li>\n\n\n\n<li><strong> Un accompagnement passionn\u00e9 :<\/strong> Passionn\u00e9s d&rsquo;automobile et de sport automobile, Good Loop souhaite accompagner ses clients dans leurs projets. Nous \u00e9tudions chaque projet avec attention et nous effor\u00e7ons de cr\u00e9er une exp\u00e9rience enrichissante. <\/li>\n<\/ul>\n\n\n\n<p> Voyager au-del\u00e0 des fronti\u00e8res avec votre voiture sera un souvenir inoubliable. Good Loop mettra tout en \u0153uvre pour vous aider \u00e0 concr\u00e9tiser ce r\u00eave. <strong> Si vous envisagez de participer \u00e0 Attack Tsukuba, n&rsquo;h\u00e9sitez pas \u00e0 nous contacter. <\/strong> Ensemble, visons le meilleur temps sur le Circuit 2000 de Tsukuba\u00a0! <\/p>\n\n\n\n<h2 class=\"wp-block-heading\">Nous contacter<\/h2>\n\n\n\n<div class=\"wp-block-buttons is-layout-flex wp-block-buttons-is-layout-flex\">\n<div class=\"wp-block-button\"><a class=\"wp-block-button__link has-small-font-size has-custom-font-size wp-element-button\" href=\"https:\/\/docs.google.com\/forms\/d\/1JATPpeGfRXaemIpjUO1PbKltxmmkNDiiO8owNQoPJU4\/\" target=\"_blank\" rel=\"noreferrer noopener\">\nNous contacter<\/a><\/div>\n<\/div>\n","protected":false},"excerpt":{"rendered":"<p>Attack Tsukuba, l&rsquo;un des \u00e9v\u00e9nements de course contre la montre les plus importants du Japon, a suscit\u00e9 un vif int\u00e9r\u00eat \u00e0 l&rsquo;\u00e9tranger ces derni\u00e8res ann\u00e9es. Avec son fort rayonnement international, notamment gr\u00e2ce aux temps impressionnants enregistr\u00e9s par des pilotes \u00e9trangers, les passionn\u00e9s du monde entier r\u00eavent de courir sur ce \u00ab\u00a0terrain sacr\u00e9\u00a0\u00bb de Tsukuba. Cependant, [&hellip;]<\/p>\n","protected":false},"author":1,"featured_media":831,"parent":0,"menu_order":0,"comment_status":"closed","ping_status":"closed","template":"","meta":{"footnotes":""},"class_list":["post-830","page","type-page","status-publish","has-post-thumbnail","hentry"],"_links":{"self":[{"href":"https:\/\/good-loop.co.jp\/fr\/wp-json\/wp\/v2\/pages\/830","targetHints":{"allow":["GET"]}}],"collection":[{"href":"https:\/\/good-loop.co.jp\/fr\/wp-json\/wp\/v2\/pages"}],"about":[{"href":"https:\/\/good-loop.co.jp\/fr\/wp-json\/wp\/v2\/types\/page"}],"author":[{"embeddable":true,"href":"https:\/\/good-loop.co.jp\/fr\/wp-json\/wp\/v2\/users\/1"}],"replies":[{"embeddable":true,"href":"https:\/\/good-loop.co.jp\/fr\/wp-json\/wp\/v2\/comments?post=830"}],"version-history":[{"count":0,"href":"https:\/\/good-loop.co.jp\/fr\/wp-json\/wp\/v2\/pages\/830\/revisions"}],"wp:featuredmedia":[{"embeddable":true,"href":"https:\/\/good-loop.co.jp\/fr\/wp-json\/wp\/v2\/media\/831"}],"wp:attachment":[{"href":"https:\/\/good-loop.co.jp\/fr\/wp-json\/wp\/v2\/media?parent=830"}],"curies":[{"name":"wp","href":"https:\/\/api.w.org\/{rel}","templated":true}]}}