{"id":892,"date":"2026-02-18T22:38:55","date_gmt":"2026-02-18T13:38:55","guid":{"rendered":"https:\/\/good-loop.co.jp\/fr\/rider-support\/how-it-works\/"},"modified":"2026-02-18T22:38:55","modified_gmt":"2026-02-18T13:38:55","slug":"how-it-works","status":"publish","type":"page","link":"https:\/\/good-loop.co.jp\/fr\/how-it-works\/","title":{"rendered":"Comment \u00e7a fonctionne &amp; Contact"},"content":{"rendered":"\n<p><strong>\u00ab Par o\u00f9 commencer ? \u00bb \u2014 C\u2019est simple.<\/strong><br>Contactez-nous. Nous prenons le relais.<\/p>\n\n\n\n<hr class=\"wp-block-separator has-alpha-channel-opacity\" \/>\n\n\n\n<h2 class=\"wp-block-heading\">\u00c9tape 1 : Nous contacter<\/h2>\n\n\n\n<p>Envoyez-nous un message via le formulaire ci-dessous. \u00c9crivez dans la langue qui vous convient.<\/p>\n\n\n\n<p><strong>\u00c0 inclure :<\/strong><\/p>\n\n\n\n<ul class=\"wp-block-list\">\n<li>Votre nom et vos coordonn\u00e9es<\/li>\n\n\n\n<li>Informations sur la moto (marque, mod\u00e8le, ann\u00e9e, pays d\u2019immatriculation)<\/li>\n\n\n\n<li>Dates (arriv\u00e9e pr\u00e9vue au Japon, d\u00e9part pr\u00e9vu)<\/li>\n\n\n\n<li>Ce dont vous avez besoin (aide \u00e0 l\u2019achat, transport international, etc.)<\/li>\n\n\n\n<li>Dimensions de la moto et photos (avant, c\u00f4t\u00e9, arri\u00e8re)<\/li>\n<\/ul>\n\n\n\n<hr class=\"wp-block-separator has-alpha-channel-opacity\" \/>\n\n\n\n<h2 class=\"wp-block-heading\">\u00c9tape 2 : Notre proposition<\/h2>\n\n\n\n<p>Nous vous r\u00e9pondons sur la base des informations que vous avez envoy\u00e9es \u2014 sous 24 \u00e0 48 heures.<\/p>\n\n\n\n<ul class=\"wp-block-list\">\n<li>S\u2019il manque des \u00e9l\u00e9ments, nous vous les demanderons<\/li>\n\n\n\n<li>Nous vous indiquerons si nous pouvons vous aider<\/li>\n\n\n\n<li>Nous vous fournirons une estimation approximative<\/li>\n<\/ul>\n\n\n\n<p>Nous pouvons \u00e9galement vous sugg\u00e9rer des approches alternatives auxquelles vous n\u2019aviez pas pens\u00e9. Trouvons ensemble la meilleure solution.<\/p>\n\n\n\n<hr class=\"wp-block-separator has-alpha-channel-opacity\" \/>\n\n\n\n<h2 class=\"wp-block-heading\">\u00c9tape 3 : Confirmation<\/h2>\n\n\n\n<p>Une fois satisfait de la proposition, vous pouvez passer votre demande formelle.<\/p>\n\n\n\n<ul class=\"wp-block-list\">\n<li>Finalisation du planning<\/li>\n\n\n\n<li>Accord sur les lieux de remise<\/li>\n\n\n\n<li>Confirmation finale du p\u00e9rim\u00e8tre des prestations<\/li>\n\n\n\n<li>Paiement<\/li>\n<\/ul>\n\n\n\n<p>Nous commen\u00e7ons les d\u00e9marches d\u00e8s r\u00e9ception d\u2019un acompte ou du paiement int\u00e9gral.<\/p>\n\n\n\n<hr class=\"wp-block-separator has-alpha-channel-opacity\" \/>\n\n\n\n<h2 class=\"wp-block-heading\">\u00c9tape 4 : Coordination &amp; Ex\u00e9cution<\/h2>\n\n\n\n<p>\u00c0 partir de l\u00e0, c\u2019est \u00e0 nous de jouer.<\/p>\n\n\n\n<ul class=\"wp-block-list\">\n<li>Coordination avec nos partenaires (ateliers, transporteurs)<\/li>\n\n\n\n<li>Planification et logistique de remise<\/li>\n\n\n\n<li>Mises \u00e0 jour sur l\u2019avancement<\/li>\n<\/ul>\n\n\n\n<p>Nous vous tenons inform\u00e9 au fur et \u00e0 mesure de l\u2019avancement. Et bien s\u00fbr, n\u2019h\u00e9sitez pas \u00e0 nous poser vos questions \u00e0 tout moment.<\/p>\n\n\n\n<hr class=\"wp-block-separator has-alpha-channel-opacity\" \/>\n\n\n\n<h2 class=\"wp-block-heading\">\u00c9tape 5 : Finalisation<\/h2>\n\n\n\n<p>Une fois que tout est termin\u00e9, nous vous envoyons un rapport de finalisation comprenant des photos des travaux et un d\u00e9compte d\u00e9taill\u00e9.<\/p>\n\n\n\n<hr class=\"wp-block-separator has-alpha-channel-opacity\" \/>\n\n\n\n<h2 class=\"wp-block-heading\">D\u00e9lais pr\u00e9visionnels<\/h2>\n\n\n\n<h3 class=\"wp-block-heading\">Aide \u00e0 l\u2019achat de v\u00e9hicule<\/h3>\n\n\n\n<p>Trouver des candidats, n\u00e9gocier avec les vendeurs, r\u00e9gler les formalit\u00e9s, organiser la r\u00e9cup\u00e9ration \u2014 chaque \u00e9tape prend plusieurs jours. Les mod\u00e8les rares ou les exigences strictes rallongent les d\u00e9lais. Contactez-nous le plus t\u00f4t possible.<\/p>\n\n\n\n<h3 class=\"wp-block-heading\">Transport international<\/h3>\n\n\n\n<p>Le fret maritime est moins cher mais lent. Le fret a\u00e9rien est plus rapide mais co\u00fbteux. Votre choix a un impact majeur sur votre calendrier global. Pour le fret maritime en particulier, plus t\u00f4t c\u2019est toujours mieux.<\/p>\n\n\n\n<h3 class=\"wp-block-heading\">P\u00e9riodes de pointe<\/h3>\n\n\n\n<p>Pendant l\u2019\u00e9t\u00e9, la Golden Week et la p\u00e9riode de fin d\u2019ann\u00e9e\/Nouvel An, la logistique et les r\u00e9servations deviennent plus difficiles \u00e0 obtenir. Si vous devez exp\u00e9dier pendant ces p\u00e9riodes, contactez-nous avec un d\u00e9lai suppl\u00e9mentaire.<\/p>\n\n\n\n<h3 class=\"wp-block-heading\">Demandes urgentes<\/h3>\n\n\n\n<p>Nous ferons de notre mieux pour r\u00e9pondre \u00e0 vos besoins. Des frais suppl\u00e9mentaires peuvent s\u2019appliquer.<\/p>\n\n\n\n<hr class=\"wp-block-separator has-alpha-channel-opacity\" \/>\n\n\n\n<h2 class=\"wp-block-heading\">Contact<\/h2>\n\n\n\n<p>\u00ab Je n\u2019ai encore rien d\u00e9cid\u00e9 \u2014 puis-je simplement poser une question ? \u00bb \u00ab Je veux juste une id\u00e9e approximative du co\u00fbt. \u00bb \u00ab Est-ce quelque chose que vous pouvez faire ? \u00bb<\/p>\n\n\n\n<p>\u00c0 n\u2019importe quel stade, n\u2019h\u00e9sitez pas.<\/p>\n\n\n\n<p><strong>Comment nous joindre :<\/strong> Utilisez le formulaire ci-dessous. Il prend en charge la traduction, \u00e9crivez dans la langue de votre choix.<\/p>\n\n\n\n<div class=\"wp-block-buttons is-layout-flex wp-block-buttons-is-layout-flex\">\n<div class=\"wp-block-button\"><a class=\"wp-block-button__link has-small-font-size has-custom-font-size wp-element-button\" href=\"https:\/\/docs.google.com\/forms\/d\/1JATPpeGfRXaemIpjUO1PbKltxmmkNDiiO8owNQoPJU4\/\" target=\"_blank\" rel=\"noreferrer noopener\">Nous contacter<\/a><\/div>\n<\/div>\n\n\n\n<p><strong>D\u00e9lai de r\u00e9ponse :<\/strong> Nous nous effor\u00e7ons de r\u00e9pondre sous 24 \u00e0 48 heures. En p\u00e9riode de pointe, cela peut prendre un peu plus de temps, mais nous vous r\u00e9pondrons toujours.<\/p>\n\n\n\n<hr class=\"wp-block-separator has-alpha-channel-opacity\" \/>\n\n\n\n<p><strong>Pages associ\u00e9es<\/strong><\/p>\n\n\n\n<ul class=\"wp-block-list\">\n<li><a href=\"https:\/\/good-loop.co.jp\/fr\/fr\/rider-support\/\" data-type=\"page\" data-id=\"906\">Conciergerie V\u00e9hicule (Accueil)<\/a><\/li>\n\n\n\n<li><a href=\"https:\/\/good-loop.co.jp\/fr\/fr\/purchase\/\" data-type=\"page\" data-id=\"915\">Recherche de v\u00e9hicules JDM &amp; de qualit\u00e9 (Japon)<\/a><\/li>\n\n\n\n<li><a href=\"https:\/\/good-loop.co.jp\/fr\/fr\/rider-support\/shipping\/\" data-type=\"page\" data-id=\"911\">Transport international (import &amp; export)<\/a><\/li>\n\n\n\n<li><a href=\"https:\/\/good-loop.co.jp\/fr\/fr\/rider-support\/pricing\/\" data-type=\"page\" data-id=\"923\">Fonctionnement des tarifs<\/a><\/li>\n\n\n\n<li><a href=\"https:\/\/good-loop.co.jp\/fr\/fr\/rider-support\/faq\/\" data-type=\"page\" data-id=\"930\">FAQ<\/a><\/li>\n<\/ul>\n","protected":false},"excerpt":{"rendered":"<p>\u00ab Par o\u00f9 commencer ? \u00bb \u2014 C\u2019est simple.Contactez-nous. Nous prenons le relais. \u00c9tape 1 : Nous contacter Envoyez-nous un message via le formulaire ci-dessous. \u00c9crivez dans la langue qui vous convient. \u00c0 inclure : \u00c9tape 2 : Notre proposition Nous vous r\u00e9pondons sur la base des informations que vous avez envoy\u00e9es \u2014 sous 24 [&hellip;]<\/p>\n","protected":false},"author":1,"featured_media":0,"parent":0,"menu_order":0,"comment_status":"closed","ping_status":"closed","template":"","meta":{"footnotes":""},"class_list":["post-892","page","type-page","status-publish","hentry"],"_links":{"self":[{"href":"https:\/\/good-loop.co.jp\/fr\/wp-json\/wp\/v2\/pages\/892","targetHints":{"allow":["GET"]}}],"collection":[{"href":"https:\/\/good-loop.co.jp\/fr\/wp-json\/wp\/v2\/pages"}],"about":[{"href":"https:\/\/good-loop.co.jp\/fr\/wp-json\/wp\/v2\/types\/page"}],"author":[{"embeddable":true,"href":"https:\/\/good-loop.co.jp\/fr\/wp-json\/wp\/v2\/users\/1"}],"replies":[{"embeddable":true,"href":"https:\/\/good-loop.co.jp\/fr\/wp-json\/wp\/v2\/comments?post=892"}],"version-history":[{"count":0,"href":"https:\/\/good-loop.co.jp\/fr\/wp-json\/wp\/v2\/pages\/892\/revisions"}],"wp:attachment":[{"href":"https:\/\/good-loop.co.jp\/fr\/wp-json\/wp\/v2\/media?parent=892"}],"curies":[{"name":"wp","href":"https:\/\/api.w.org\/{rel}","templated":true}]}}