{"id":893,"date":"2026-02-18T22:38:55","date_gmt":"2026-02-18T13:38:55","guid":{"rendered":"https:\/\/good-loop.co.jp\/fr\/rider-support\/pricing\/"},"modified":"2026-02-18T22:38:55","modified_gmt":"2026-02-18T13:38:55","slug":"pricing","status":"publish","type":"page","link":"https:\/\/good-loop.co.jp\/fr\/pricing\/","title":{"rendered":"Fonctionnement des tarifs"},"content":{"rendered":"\n<p><strong>Chaque mission est diff\u00e9rente, il n\u2019existe donc pas de grille tarifaire fixe.<\/strong><\/p>\n\n\n\n<hr class=\"wp-block-separator has-alpha-channel-opacity\" \/>\n\n\n\n<h2 class=\"wp-block-heading\">Structure de nos tarifs<\/h2>\n\n\n\n<p>La Conciergerie V\u00e9hicule de Good Loop est un <strong>service de coordination et de logistique<\/strong>. Les tarifs se composent de deux \u00e9l\u00e9ments :<\/p>\n\n\n\n<figure class=\"wp-block-table\"><table class=\"has-fixed-layout\"><tbody><tr><td><strong>Frais de service<\/strong><\/td><td>Vers\u00e9s \u00e0 Good Loop. Couvrent la planification, la communication et le suivi de l\u2019avancement.<\/td><\/tr><tr><td><strong>Co\u00fbts r\u00e9els<\/strong><\/td><td>Vers\u00e9s \u00e0 nos partenaires. Comprennent le transport, l\u2019emballage, la manutention et les frais associ\u00e9s.<\/td><\/tr><\/tbody><\/table><\/figure>\n\n\n\n<p>Les frais de service varient selon la nature de la mission \u2014 taille du v\u00e9hicule, localisation, \u00e9tendue des prestations et urgence. Les co\u00fbts r\u00e9els d\u00e9pendent des devis de nos partenaires et, comme beaucoup sont libell\u00e9s en USD, sont soumis aux fluctuations des taux de change.<\/p>\n\n\n\n<p>Nous vous donnerons un chiffre pr\u00e9cis apr\u00e8s avoir \u00e9cout\u00e9 les d\u00e9tails de votre demande.<\/p>\n\n\n\n<hr class=\"wp-block-separator has-alpha-channel-opacity\" \/>\n\n\n\n<h2 class=\"wp-block-heading\">Ce qui influence le prix<\/h2>\n\n\n\n<p><strong>Tend \u00e0 \u00eatre plus \u00e9lev\u00e9 lorsque :<\/strong><\/p>\n\n\n\n<ul class=\"wp-block-list\">\n<li>Un d\u00e9lai rapide est requis (d\u00e9lai plus court que d\u2019habitude)<\/li>\n\n\n\n<li>La mission concerne un lieu \u00e9loign\u00e9<\/li>\n\n\n\n<li>Le dossier est particuli\u00e8rement complexe<\/li>\n<\/ul>\n\n\n\n<p><strong>Tend \u00e0 \u00eatre moins \u00e9lev\u00e9 lorsque :<\/strong><\/p>\n\n\n\n<ul class=\"wp-block-list\">\n<li>Plusieurs services sont group\u00e9s (par ex. achat + transport)<\/li>\n\n\n\n<li>Les informations sont pr\u00eates d\u00e8s le d\u00e9part (photos, dimensions, planning)<\/li>\n\n\n\n<li>Le d\u00e9lai est confortable<\/li>\n<\/ul>\n\n\n\n<p>Plus vous avez d\u2019informations pr\u00eates lorsque vous nous contactez, plus il nous est facile d\u2019avancer rapidement \u2014 et plus nous avons de chances de maintenir les co\u00fbts \u00e0 un niveau raisonnable.<\/p>\n\n\n\n<hr class=\"wp-block-separator has-alpha-channel-opacity\" \/>\n\n\n\n<h2 class=\"wp-block-heading\">Comment fonctionnent les devis<\/h2>\n\n\n\n<ol class=\"wp-block-list\">\n<li><strong>Demande<\/strong> \u2014 Envoyez-nous les informations pertinentes<\/li>\n\n\n\n<li><strong>Estimation<\/strong> \u2014 Nous vous r\u00e9pondons sous 24 \u00e0 48 heures<\/li>\n\n\n\n<li><strong>R\u00e9vision &amp; questions<\/strong> \u2014 Posez-nous toutes vos questions<\/li>\n\n\n\n<li><strong>Accord<\/strong> \u2014 Une fois satisfait, le paiement est effectu\u00e9<\/li>\n\n\n\n<li><strong>Nous commen\u00e7ons<\/strong><\/li>\n<\/ol>\n\n\n\n<p>Les devis sont gratuits. \u00ab Je n\u2019ai pas encore d\u00e9cid\u00e9 \u2014 je veux juste une id\u00e9e approximative \u00bb est tout \u00e0 fait acceptable.<\/p>\n\n\n\n<hr class=\"wp-block-separator has-alpha-channel-opacity\" \/>\n\n\n\n<h2 class=\"wp-block-heading\">Moyens de paiement<\/h2>\n\n\n\n<ul class=\"wp-block-list\">\n<li>Virement bancaire<\/li>\n\n\n\n<li>Carte de cr\u00e9dit<\/li>\n\n\n\n<li>Wise, Revolut, PayPal<\/li>\n\n\n\n<li>Devise : Yen japonais (JPY)<\/li>\n<\/ul>\n\n\n\n<p><em>Les frais de change et de transfert sont \u00e0 la charge du client.<\/em><\/p>\n\n\n\n<hr class=\"wp-block-separator has-alpha-channel-opacity\" \/>\n\n\n\n<h2 class=\"wp-block-heading\">Tarification transparente<\/h2>\n\n\n\n<p>Nous fournissons une ventilation compl\u00e8te des co\u00fbts au stade du devis. Si quelque chose est susceptible de changer, nous en discuterons avec vous avant de proc\u00e9der.<\/p>\n\n\n\n<div class=\"wp-block-buttons is-layout-flex wp-block-buttons-is-layout-flex\">\n<div class=\"wp-block-button\"><a class=\"wp-block-button__link has-small-font-size has-custom-font-size wp-element-button\" href=\"https:\/\/docs.google.com\/forms\/d\/1JATPpeGfRXaemIpjUO1PbKltxmmkNDiiO8owNQoPJU4\/\" target=\"_blank\" rel=\"noreferrer noopener\">Nous contacter<\/a><\/div>\n<\/div>\n\n\n\n<hr class=\"wp-block-separator has-alpha-channel-opacity\" \/>\n\n\n\n<p><strong>Pages associ\u00e9es<\/strong><\/p>\n\n\n\n<ul class=\"wp-block-list\">\n<li><a href=\"https:\/\/good-loop.co.jp\/fr\/fr\/rider-support\/\" data-type=\"page\" data-id=\"906\">Conciergerie V\u00e9hicule (Accueil)<\/a><\/li>\n\n\n\n<li><a href=\"https:\/\/good-loop.co.jp\/fr\/fr\/purchase\/\" data-type=\"page\" data-id=\"915\">Recherche de v\u00e9hicules JDM &amp; de qualit\u00e9 (Japon)<\/a><\/li>\n\n\n\n<li><a href=\"https:\/\/good-loop.co.jp\/fr\/fr\/rider-support\/shipping\/\" data-type=\"page\" data-id=\"911\">Transport international (import &amp; export)<\/a><\/li>\n\n\n\n<li><a href=\"https:\/\/good-loop.co.jp\/fr\/fr\/rider-support\/how-it-works\/\" data-type=\"page\" data-id=\"920\">Comment \u00e7a fonctionne &amp; Contact<\/a><\/li>\n\n\n\n<li><a href=\"https:\/\/good-loop.co.jp\/fr\/fr\/rider-support\/faq\/\" data-type=\"page\" data-id=\"930\">FAQ<\/a><\/li>\n<\/ul>\n","protected":false},"excerpt":{"rendered":"<p>Chaque mission est diff\u00e9rente, il n\u2019existe donc pas de grille tarifaire fixe. Structure de nos tarifs La Conciergerie V\u00e9hicule de Good Loop est un service de coordination et de logistique. Les tarifs se composent de deux \u00e9l\u00e9ments : Frais de service Vers\u00e9s \u00e0 Good Loop. Couvrent la planification, la communication et le suivi de l\u2019avancement. [&hellip;]<\/p>\n","protected":false},"author":1,"featured_media":0,"parent":0,"menu_order":0,"comment_status":"closed","ping_status":"closed","template":"","meta":{"footnotes":""},"class_list":["post-893","page","type-page","status-publish","hentry"],"_links":{"self":[{"href":"https:\/\/good-loop.co.jp\/fr\/wp-json\/wp\/v2\/pages\/893","targetHints":{"allow":["GET"]}}],"collection":[{"href":"https:\/\/good-loop.co.jp\/fr\/wp-json\/wp\/v2\/pages"}],"about":[{"href":"https:\/\/good-loop.co.jp\/fr\/wp-json\/wp\/v2\/types\/page"}],"author":[{"embeddable":true,"href":"https:\/\/good-loop.co.jp\/fr\/wp-json\/wp\/v2\/users\/1"}],"replies":[{"embeddable":true,"href":"https:\/\/good-loop.co.jp\/fr\/wp-json\/wp\/v2\/comments?post=893"}],"version-history":[{"count":0,"href":"https:\/\/good-loop.co.jp\/fr\/wp-json\/wp\/v2\/pages\/893\/revisions"}],"wp:attachment":[{"href":"https:\/\/good-loop.co.jp\/fr\/wp-json\/wp\/v2\/media?parent=893"}],"curies":[{"name":"wp","href":"https:\/\/api.w.org\/{rel}","templated":true}]}}