{"id":211,"date":"2023-08-15T23:26:49","date_gmt":"2023-08-15T14:26:49","guid":{"rendered":"https:\/\/good-loop.co.jp\/?page_id=211"},"modified":"2025-10-26T16:13:59","modified_gmt":"2025-10-26T07:13:59","slug":"viagem-turismo-alpes","status":"publish","type":"page","link":"https:\/\/good-loop.co.jp\/pt\/colunas\/viagem-turismo-alpes\/","title":{"rendered":"Passeio pelos Alpes Europeus de moto"},"content":{"rendered":"\n<p>A Good Loop fez uma parceria com a AllroundRent, uma empresa alem\u00e3 com 30 anos de experi\u00eancia, para facilitar o aluguel de motocicletas na Europa. A AllroundRent est\u00e1 localizada no cora\u00e7\u00e3o da cidade hist\u00f3rica de Munique, mas tamb\u00e9m pode providenciar retiradas em aeroportos e hot\u00e9is. Op\u00e7\u00f5es de devolu\u00e7\u00e3o est\u00e3o dispon\u00edveis em toda a Europa, permitindo um planejamento flex\u00edvel. A AllroundRent n\u00e3o aluga apenas motocicletas, mas tamb\u00e9m capacetes, roupas e outros equipamentos para apoiar suas aventuras de turismo. <br><a href=\"https:\/\/allroundrent.de\/\" data-type=\"link\" data-id=\"https:\/\/allroundrent.de\/\" target=\"_blank\" rel=\"noreferrer noopener\">Motocicletas e Carros Antigos em Munique &#8211; AllroundRent<\/a><\/p>\n\n\n\n<p>A Good Loop tamb\u00e9m oferece seguro viagem internacional, portanto, entre em contato conosco para obter mais informa\u00e7\u00f5es. O representante da Good Loop tem ampla experi\u00eancia em turismo pela Europa e pode aconselh\u00e1-lo sobre suas necessidades de viagem. <\/p>\n\n\n\n<h2 class=\"wp-block-heading\">Di\u00e1rio de Turismo nos Alpes<\/h2>\n\n\n\n<p>O CEO decidiu viajar pelos Alpes Europeus de moto no outono de 2022. A ideia surgiu quando a neve estava prestes a cair nos Alpes, ent\u00e3o n\u00e3o havia tempo para planejar. A viagem de mais de 2.000 quil\u00f4metros, com dura\u00e7\u00e3o de uma semana, em uma BMW R1200GS, foi uma del\u00edcia. <\/p>\n\n\n\n<figure class=\"wp-block-image size-large is-style-default\"><img loading=\"lazy\" decoding=\"async\" width=\"1024\" height=\"701\" src=\"https:\/\/good-loop.co.jp\/pt\/wp-content\/uploads\/2023\/08\/europe_map-1024x701.png\" alt=\"\" class=\"wp-image-212\" srcset=\"https:\/\/good-loop.co.jp\/pt\/wp-content\/uploads\/sites\/7\/2023\/08\/europe_map-1024x701.png 1024w, https:\/\/good-loop.co.jp\/pt\/wp-content\/uploads\/sites\/7\/2023\/08\/europe_map-300x205.png 300w, https:\/\/good-loop.co.jp\/pt\/wp-content\/uploads\/sites\/7\/2023\/08\/europe_map-768x526.png 768w, https:\/\/good-loop.co.jp\/pt\/wp-content\/uploads\/sites\/7\/2023\/08\/europe_map-1536x1051.png 1536w, https:\/\/good-loop.co.jp\/pt\/wp-content\/uploads\/sites\/7\/2023\/08\/europe_map-2048x1401.png 2048w\" sizes=\"auto, (max-width: 1024px) 100vw, 1024px\" \/><\/figure>\n\n\n\n<p><\/p>\n\n\n\n<p>Dia 1<br> Cheguei ao Aeroporto de Munique e peguei o trem para a AllroundRent. Depois de despachar minha bagagem desnecess\u00e1ria, parti por volta do meio-dia na minha BMW R1200GS. Comprei uma vinheta austr\u00edaca (permiss\u00e3o) na ADAC, o equivalente \u00e0 JAF do Jap\u00e3o, e peguei a Autobahn. A previs\u00e3o \u00e9 de neve para amanh\u00e3, ent\u00e3o preciso atravessar os Alpes hoje, mas estou preso num engarrafamento devido ao transporte de uma turbina e\u00f3lica. Paramos em Salzburgo para avistar a Fortaleza de Hohensalzburg e chegamos \u00e0 Estrada Alpina Grossglockner no momento em que as sombras come\u00e7avam a se alongar. <\/p>\n\n\n\n<figure class=\"wp-block-image size-large\"><img decoding=\"async\" src=\"https:\/\/good-loop.co.jp\/pt\/wp-content\/uploads\/2023\/08\/DSC04101-1024x683.jpg\" alt=\"\" class=\"wp-image-213\"\/><\/figure>\n\n\n\n<p><\/p>\n\n\n\n<figure class=\"wp-block-image size-large\"><img decoding=\"async\" src=\"https:\/\/good-loop.co.jp\/pt\/wp-content\/uploads\/2023\/08\/IMG_20220913_180147398-1024x576.jpg\" alt=\"\" class=\"wp-image-214\"\/><\/figure>\n\n\n\n<p><br>Eu queria pedalar mais pelas majestosas estradas sinuosas das montanhas, mas precisava encontrar um lugar para ficar. Desci a montanha at\u00e9 Lienz, mas n\u00e3o consegui encontrar nenhuma, ent\u00e3o voltei e fiquei em uma pequena pens\u00e3o. Era tarde, ent\u00e3o n\u00e3o comi nada, s\u00f3 bebi cerveja. <\/p>\n\n\n\n<p>Dia 2<br> Acordei tarde e segui para o oeste, passando pela f\u00e1brica de wafers de Roakar. Chuva congelante e neblina espessa atingiram o Passo Jofen. <\/p>\n\n\n\n<figure class=\"wp-block-image size-large\"><img decoding=\"async\" src=\"https:\/\/good-loop.co.jp\/pt\/wp-content\/uploads\/2023\/08\/IMG_20220914_152252719-1024x576.jpg\" alt=\"\" class=\"wp-image-215\"\/><\/figure>\n\n\n\n<p><br> Atravessei o Passo Timmelsjoch e fui at\u00e9 o Museu de Motocicletas TOP Mountain em Hochgurgl. H\u00e1 mais de 500 motocicletas em exposi\u00e7\u00e3o, desde Bluff Superior e M\u00fcnch at\u00e9 Elf Honda. <\/p>\n\n\n\n<figure class=\"wp-block-gallery has-nested-images columns-default is-cropped wp-block-gallery-1 is-layout-flex wp-block-gallery-is-layout-flex\">\n<figure class=\"wp-block-image size-large\"><img decoding=\"async\" data-id=\"216\" src=\"https:\/\/good-loop.co.jp\/pt\/wp-content\/uploads\/2023\/08\/IMG_20220914_152924458-1024x576.jpg\" alt=\"\" class=\"wp-image-216\"\/><\/figure>\n\n\n\n<figure class=\"wp-block-image size-large\"><img decoding=\"async\" data-id=\"217\" src=\"https:\/\/good-loop.co.jp\/pt\/wp-content\/uploads\/2023\/08\/IMG_20220914_162100489-1024x576.jpg\" alt=\"\" class=\"wp-image-217\"\/><\/figure>\n<\/figure>\n\n\n\n<p><br> Retorne a Moso em Passiria e siga para a Estalagem de Dolph Tirole. <\/p>\n\n\n\n<p>Dia 3<br>Chuva. <\/p>\n\n\n\n<figure class=\"wp-block-image size-large\"><img decoding=\"async\" src=\"https:\/\/good-loop.co.jp\/pt\/wp-content\/uploads\/2023\/08\/IMG_20220915_101830106-1024x576.jpg\" alt=\"\" class=\"wp-image-218\"\/><\/figure>\n\n\n\n<p><br>Passando por Merano e seguindo para o Passo Stelvio. <\/p>\n\n\n\n<figure class=\"wp-block-image size-large\"><img decoding=\"async\" src=\"https:\/\/good-loop.co.jp\/pt\/wp-content\/uploads\/2023\/08\/DSC04185-1024x683.jpg\" alt=\"\" class=\"wp-image-222\"\/><\/figure>\n\n\n\n<p><br>Depois de passar por Kuzuori, come\u00e7ou a chover no cume. <\/p>\n\n\n\n<figure class=\"wp-block-gallery has-nested-images columns-2 is-cropped wp-block-gallery-2 is-layout-flex wp-block-gallery-is-layout-flex\">\n<figure class=\"wp-block-image size-large\"><img decoding=\"async\" data-id=\"219\" src=\"https:\/\/good-loop.co.jp\/pt\/wp-content\/uploads\/2023\/08\/IMG_20220915_120111947-1024x576.jpg\" alt=\"\" class=\"wp-image-219\"\/><\/figure>\n\n\n\n<figure class=\"wp-block-image size-large\"><img decoding=\"async\" data-id=\"220\" src=\"https:\/\/good-loop.co.jp\/pt\/wp-content\/uploads\/2023\/08\/IMG_20220915_121819090-1024x576.jpg\" alt=\"\" class=\"wp-image-220\"\/><\/figure>\n\n\n\n<figure class=\"wp-block-image size-large\"><img decoding=\"async\" data-id=\"221\" src=\"https:\/\/good-loop.co.jp\/pt\/wp-content\/uploads\/2023\/08\/DSC04186-1024x683.jpg\" alt=\"\" class=\"wp-image-221\"\/><\/figure>\n\n\n\n<figure class=\"wp-block-image size-large\"><img decoding=\"async\" data-id=\"223\" src=\"https:\/\/good-loop.co.jp\/pt\/wp-content\/uploads\/2023\/08\/DSC04188-1024x683.jpg\" alt=\"\" class=\"wp-image-223\"\/><\/figure>\n<\/figure>\n\n\n\n<p><br> Passando por Santa Caterina e seguindo para o Passo Gavia. <\/p>\n\n\n\n<figure class=\"wp-block-image size-large\"><img decoding=\"async\" src=\"https:\/\/good-loop.co.jp\/pt\/wp-content\/uploads\/2023\/08\/IMG_20220915_151800344-1024x576.jpg\" alt=\"\" class=\"wp-image-224\"\/><\/figure>\n\n\n\n<p><\/p>\n\n\n\n<figure class=\"wp-block-gallery has-nested-images columns-default is-cropped wp-block-gallery-3 is-layout-flex wp-block-gallery-is-layout-flex\">\n<figure class=\"wp-block-image size-large\"><img decoding=\"async\" data-id=\"225\" src=\"https:\/\/good-loop.co.jp\/pt\/wp-content\/uploads\/2023\/08\/IMG_20220915_152130485-1024x576.jpg\" alt=\"\" class=\"wp-image-225\"\/><\/figure>\n\n\n\n<figure class=\"wp-block-image size-large\"><img decoding=\"async\" data-id=\"226\" src=\"https:\/\/good-loop.co.jp\/pt\/wp-content\/uploads\/2023\/08\/IMG_20220915_143737193-1024x576.jpg\" alt=\"\" class=\"wp-image-226\"\/><\/figure>\n<\/figure>\n\n\n\n<p><br>Almo\u00e7amos na Fonte de Santa Apol\u00f4nia e dirigimos pelas ruas de paralelep\u00edpedos at\u00e9 nossa hospedagem em Rovere. <\/p>\n\n\n\n<p>Dia 4<br>O tempo estava bom e quente. Passamos por B\u00e9rgamo e seguimos para Monza. O circuito estava fechado, ent\u00e3o fomos ao Pal\u00e1cio Real. <\/p>\n\n\n\n<figure class=\"wp-block-image size-large\"><img decoding=\"async\" src=\"https:\/\/good-loop.co.jp\/pt\/wp-content\/uploads\/2023\/08\/IMG_20220916_131513680-a-1024x576.jpg\" alt=\"\" class=\"wp-image-227\"\/><\/figure>\n\n\n\n<p><\/p>\n\n\n\n<figure class=\"wp-block-gallery has-nested-images columns-2 is-cropped wp-block-gallery-4 is-layout-flex wp-block-gallery-is-layout-flex\">\n<figure class=\"wp-block-image size-large\"><img decoding=\"async\" data-id=\"228\" src=\"https:\/\/good-loop.co.jp\/pt\/wp-content\/uploads\/2023\/08\/IMG_20220916_145242479-1024x576.jpg\" alt=\"\" class=\"wp-image-228\"\/><\/figure>\n\n\n\n<figure class=\"wp-block-image size-large\"><img decoding=\"async\" data-id=\"229\" src=\"https:\/\/good-loop.co.jp\/pt\/wp-content\/uploads\/2023\/08\/IMG_20220916_201534082-1024x576.jpg\" alt=\"\" class=\"wp-image-229\"\/><\/figure>\n<\/figure>\n\n\n\n<p><br> Compramos um passaporte su\u00ed\u00e7o na fronteira de Breggia e seguimos para Camolino. Como a Vodafone alem\u00e3 n\u00e3o oferece roaming na Su\u00ed\u00e7a, mudamos para um chip triplo. Retornamos a Sigirino e apreciamos a especialidade local, o cordon bleu. <\/p>\n\n\n\n<p>Dia 5<br> Seguimos para Wassen pelo T\u00fanel de S\u00e3o Gotardo. Seguimos para o Passo de Susten, mas a estrada estava fechada devido \u00e0 neve. Estava 35\u00b0C dentro do t\u00fanel, mas na verdade eram apenas 2\u00b0C. Depois de congelar montanha abaixo, o c\u00e9u clareou e pudemos ver o Tri\u00e2ngulo de Oberland. <\/p>\n\n\n\n<figure class=\"wp-block-gallery has-nested-images columns-2 is-cropped wp-block-gallery-5 is-layout-flex wp-block-gallery-is-layout-flex\">\n<figure class=\"wp-block-image size-large\"><img decoding=\"async\" data-id=\"230\" src=\"https:\/\/good-loop.co.jp\/pt\/wp-content\/uploads\/2023\/08\/IMG_20220917_112104493-1024x576.jpg\" alt=\"\" class=\"wp-image-230\"\/><\/figure>\n\n\n\n<figure class=\"wp-block-image size-large\"><img decoding=\"async\" data-id=\"231\" src=\"https:\/\/good-loop.co.jp\/pt\/wp-content\/uploads\/2023\/08\/IMG_20220917_130957591-1024x576.jpg\" alt=\"\" class=\"wp-image-231\"\/><\/figure>\n\n\n\n<figure class=\"wp-block-image size-large\"><img decoding=\"async\" data-id=\"232\" src=\"https:\/\/good-loop.co.jp\/pt\/wp-content\/uploads\/2023\/08\/IMG_20220917_134956584-1024x576.jpg\" alt=\"\" class=\"wp-image-232\"\/><\/figure>\n<\/figure>\n\n\n\n<p><br> Seguindo pela costa do Lago Lucerna at\u00e9 Grindelwald. Observando a face norte do Eiger. <\/p>\n\n\n\n<figure class=\"wp-block-image size-large\"><img decoding=\"async\" src=\"https:\/\/good-loop.co.jp\/pt\/wp-content\/uploads\/2023\/08\/IMG_20220917_164247464-1024x576.jpg\" alt=\"\" class=\"wp-image-233\"\/><\/figure>\n\n\n\n<p><br> Seguindo via Berna at\u00e9 Montreux. Observando o Memorial da Rainha. <\/p>\n\n\n\n<figure class=\"wp-block-gallery has-nested-images columns-default is-cropped wp-block-gallery-6 is-layout-flex wp-block-gallery-is-layout-flex\">\n<figure class=\"wp-block-image size-large\"><img decoding=\"async\" data-id=\"235\" src=\"https:\/\/good-loop.co.jp\/pt\/wp-content\/uploads\/2023\/08\/IMG_20220917_205846562-1024x576.jpg\" alt=\"\" class=\"wp-image-235\"\/><\/figure>\n\n\n\n<figure class=\"wp-block-image size-large\"><img decoding=\"async\" data-id=\"234\" src=\"https:\/\/good-loop.co.jp\/pt\/wp-content\/uploads\/2023\/08\/IMG_20220917_211130430-1024x576.jpg\" alt=\"\" class=\"wp-image-234\"\/><\/figure>\n<\/figure>\n\n\n\n<p><br>Dia 6<br>Diga ol\u00e1 \u00e0 est\u00e1tua de Freddie Mercury \u00e0s margens do Lago Genebra e siga para Gruy\u00e8res. <\/p>\n\n\n\n<figure class=\"wp-block-image size-large\"><img decoding=\"async\" src=\"https:\/\/good-loop.co.jp\/pt\/wp-content\/uploads\/2023\/08\/IMG_20220918_100505685-1024x576.jpg\" alt=\"\" class=\"wp-image-239\"\/><\/figure>\n\n\n\n<p><br>Visite o Museu H.R. Giger. <\/p>\n\n\n\n<figure class=\"wp-block-gallery has-nested-images columns-3 wp-block-gallery-7 is-layout-flex wp-block-gallery-is-layout-flex\">\n<figure class=\"wp-block-image size-large\"><img decoding=\"async\" data-id=\"237\" src=\"https:\/\/good-loop.co.jp\/pt\/wp-content\/uploads\/2023\/08\/IMG_20220918_111606807-576x1024.jpg\" alt=\"\" class=\"wp-image-237\"\/><\/figure>\n\n\n\n<figure class=\"wp-block-image size-large\"><img decoding=\"async\" data-id=\"238\" src=\"https:\/\/good-loop.co.jp\/pt\/wp-content\/uploads\/2023\/08\/IMG_20220918_121705736-576x1024.jpg\" alt=\"\" class=\"wp-image-238\"\/><\/figure>\n<\/figure>\n\n\n\n<div class=\"wp-block-columns is-layout-flex wp-container-core-columns-is-layout-28f84493 wp-block-columns-is-layout-flex\">\n<div class=\"wp-block-column is-layout-flow wp-block-column-is-layout-flow\">\n<iframe src=\"https:\/\/www.google.com\/maps\/embed?pb=!4v1692091088995!6m8!1m7!1sb6nvso_AX6mutUwcvjJtaw!2m2!1d46.87046239788245!2d7.235026026030371!3f261.1341526070551!4f-6.505790328727613!5f0.7820865974627469\" style=\"width:100%;aspect-ratio:16\/9;border:0\" loading=\"lazy\"><\/iframe>\n<\/div>\n<\/div>\n\n\n\n<p>A Su\u00ed\u00e7a possui radares que tiram fotos de frente e de tr\u00e1s. <\/p>\n\n\n\n<figure class=\"wp-block-image size-large\"><img decoding=\"async\" src=\"https:\/\/good-loop.co.jp\/pt\/wp-content\/uploads\/2023\/08\/IMG_20220918_164239597-1024x576.jpg\" alt=\"\" class=\"wp-image-242\"\/><\/figure>\n\n\n\n<p><br>Vista das Montanhas Kurfilsten do outro lado do Lago Walen. Castelo de Vaduz em Liechtenstein. <\/p>\n\n\n\n<figure class=\"wp-block-gallery has-nested-images columns-default is-cropped wp-block-gallery-8 is-layout-flex wp-block-gallery-is-layout-flex\">\n<figure class=\"wp-block-image size-large\"><img decoding=\"async\" data-id=\"240\" src=\"https:\/\/good-loop.co.jp\/pt\/wp-content\/uploads\/2023\/08\/IMG_20220918_160129082-1024x576.jpg\" alt=\"\" class=\"wp-image-240\"\/><\/figure>\n\n\n\n<figure class=\"wp-block-image size-large\"><img decoding=\"async\" data-id=\"241\" src=\"https:\/\/good-loop.co.jp\/pt\/wp-content\/uploads\/2023\/08\/IMG_20220918_170249369-1024x576.jpg\" alt=\"\" class=\"wp-image-241\"\/><\/figure>\n<\/figure>\n\n\n\n<p><br>Aprecie schnitzel em F\u00fcssen. <\/p>\n\n\n\n<p>Dia 7<br>Chuva. Fui ao Castelo de Neuschwanstein. <\/p>\n\n\n\n<figure class=\"wp-block-gallery has-nested-images columns-default is-cropped wp-block-gallery-9 is-layout-flex wp-block-gallery-is-layout-flex\">\n<figure class=\"wp-block-image size-large\"><img decoding=\"async\" data-id=\"246\" src=\"https:\/\/good-loop.co.jp\/pt\/wp-content\/uploads\/2023\/08\/DSC04196-1024x683.jpg\" alt=\"\" class=\"wp-image-246\"\/><\/figure>\n\n\n\n<figure class=\"wp-block-image size-large\"><img decoding=\"async\" data-id=\"245\" src=\"https:\/\/good-loop.co.jp\/pt\/wp-content\/uploads\/2023\/08\/IMG_20220919_103134805-1024x576.jpg\" alt=\"\" class=\"wp-image-245\"\/><\/figure>\n<\/figure>\n\n\n\n<p><br>Igreja de Peregrina\u00e7\u00e3o de Wies. <\/p>\n\n\n\n<figure class=\"wp-block-gallery has-nested-images columns-1 is-cropped wp-block-gallery-10 is-layout-flex wp-block-gallery-is-layout-flex\">\n<figure class=\"wp-block-image size-large\"><img decoding=\"async\" data-id=\"248\" src=\"https:\/\/good-loop.co.jp\/pt\/wp-content\/uploads\/2023\/08\/IMG_20220919_114927467-1024x576.jpg\" alt=\"\" class=\"wp-image-248\"\/><\/figure>\n<\/figure>\n\n\n\n<p><\/p>\n\n\n\n<figure class=\"wp-block-image aligncenter size-large\"><img decoding=\"async\" src=\"https:\/\/good-loop.co.jp\/pt\/wp-content\/uploads\/2023\/08\/IMG_20220919_115517014-a-653x1024.jpg\" alt=\"\" class=\"wp-image-258\"\/><\/figure>\n\n\n\n<p><\/p>\n\n\n\n<figure class=\"wp-block-image size-large\"><img decoding=\"async\" src=\"https:\/\/good-loop.co.jp\/pt\/wp-content\/uploads\/2023\/08\/IMG_20220919_124340796-1024x576.jpg\" alt=\"\" class=\"wp-image-247\"\/><\/figure>\n\n\n\n<p><br>Voltar para AllroundRent em Munique. <\/p>\n\n\n\n<figure class=\"wp-block-gallery has-nested-images columns-default is-cropped wp-block-gallery-11 is-layout-flex wp-block-gallery-is-layout-flex\">\n<figure class=\"wp-block-image size-large\"><img decoding=\"async\" data-id=\"251\" src=\"https:\/\/good-loop.co.jp\/pt\/wp-content\/uploads\/2023\/08\/IMG_20220919_145350384-1024x576.jpg\" alt=\"\" class=\"wp-image-251\"\/><\/figure>\n\n\n\n<figure class=\"wp-block-image size-large\"><img decoding=\"async\" data-id=\"250\" src=\"https:\/\/good-loop.co.jp\/pt\/wp-content\/uploads\/2023\/08\/IMG_20220921_122918298-461x1024.jpg\" alt=\"\" class=\"wp-image-250\"\/><\/figure>\n<\/figure>\n\n\n\n<p><\/p>\n\n\n\n<figure class=\"wp-block-image size-large\"><img decoding=\"async\" src=\"https:\/\/good-loop.co.jp\/pt\/wp-content\/uploads\/2023\/08\/IMG_20220919_205001360-1024x461.jpg\" alt=\"\" class=\"wp-image-252\"\/><\/figure>\n\n\n\n<p><br>Em Munique, aproveitei o Museu da BMW e o festival de cerveja Oktoberfest. Depois de devolver minha bicicleta \u00e0 AllroundRent, embarquei em uma viagem de trem. <\/p>\n\n\n\n<p>Apesar da longa viagem e da falta de planejamento, foi uma \u00f3tima viagem. O fato de eu ter conseguido percorrer uma dist\u00e2ncia equivalente \u00e0 dist\u00e2ncia entre Sapporo e Nagasaki sem fadiga se deveu em grande parte \u00e0 excelente engenharia da BMW R1200GS. De autobahns de alt\u00edssima velocidade a estradas estreitas e nevadas, eu realmente vivenciei o slogan da BMW: &#8220;A Alegria de Dirigir&#8221;. <\/p>\n\n\n\n<figure class=\"wp-block-image size-large\"><img decoding=\"async\" src=\"https:\/\/good-loop.co.jp\/pt\/wp-content\/uploads\/2023\/08\/IMG_20220915_151355555-a-1024x576.jpg\" alt=\"\" class=\"wp-image-259\"\/><\/figure>\n\n\n\n<p class=\"has-text-align-center has-small-font-size\">Monumento \u00e0 Batalha de San Matteo<\/p>\n","protected":false},"excerpt":{"rendered":"<p>A Good Loop fez uma parceria com a AllroundRent, uma empresa alem\u00e3 com 30 anos de experi\u00eancia, para facilitar o aluguel de motocicletas na Europa. A AllroundRent est\u00e1 localizada no cora\u00e7\u00e3o da cidade hist\u00f3rica de Munique, mas tamb\u00e9m pode providenciar retiradas em aeroportos e hot\u00e9is. Op\u00e7\u00f5es de devolu\u00e7\u00e3o est\u00e3o dispon\u00edveis em toda a Europa, permitindo [&hellip;]<\/p>\n","protected":false},"author":1,"featured_media":224,"parent":777,"menu_order":0,"comment_status":"closed","ping_status":"closed","template":"","meta":{"footnotes":""},"class_list":["post-211","page","type-page","status-publish","has-post-thumbnail","hentry"],"_links":{"self":[{"href":"https:\/\/good-loop.co.jp\/pt\/wp-json\/wp\/v2\/pages\/211","targetHints":{"allow":["GET"]}}],"collection":[{"href":"https:\/\/good-loop.co.jp\/pt\/wp-json\/wp\/v2\/pages"}],"about":[{"href":"https:\/\/good-loop.co.jp\/pt\/wp-json\/wp\/v2\/types\/page"}],"author":[{"embeddable":true,"href":"https:\/\/good-loop.co.jp\/pt\/wp-json\/wp\/v2\/users\/1"}],"replies":[{"embeddable":true,"href":"https:\/\/good-loop.co.jp\/pt\/wp-json\/wp\/v2\/comments?post=211"}],"version-history":[{"count":1,"href":"https:\/\/good-loop.co.jp\/pt\/wp-json\/wp\/v2\/pages\/211\/revisions"}],"predecessor-version":[{"id":859,"href":"https:\/\/good-loop.co.jp\/pt\/wp-json\/wp\/v2\/pages\/211\/revisions\/859"}],"up":[{"embeddable":true,"href":"https:\/\/good-loop.co.jp\/pt\/wp-json\/wp\/v2\/pages\/777"}],"wp:featuredmedia":[{"embeddable":true,"href":"https:\/\/good-loop.co.jp\/pt\/wp-json\/wp\/v2\/media\/224"}],"wp:attachment":[{"href":"https:\/\/good-loop.co.jp\/pt\/wp-json\/wp\/v2\/media?parent=211"}],"curies":[{"name":"wp","href":"https:\/\/api.w.org\/{rel}","templated":true}]}}