{"id":478,"date":"2024-08-11T21:10:44","date_gmt":"2024-08-11T12:10:44","guid":{"rendered":"https:\/\/good-loop.co.jp\/?page_id=478"},"modified":"2024-08-11T21:10:44","modified_gmt":"2024-08-11T12:10:44","slug":"leilao-consignacao","status":"publish","type":"page","link":"https:\/\/good-loop.co.jp\/pt\/leilao-consignacao\/","title":{"rendered":"Servi\u00e7o de ag\u00eancia de leil\u00f5es de carros usados"},"content":{"rendered":"\n<h2 class=\"wp-block-heading\">Por que n\u00e3o comprar o carro dos seus sonhos por um pre\u00e7o promocional em um leil\u00e3o de concession\u00e1rias? <\/h2>\n\n\n\n<p>A Good Loop apoia compras e vendas de ve\u00edculos seguras e confi\u00e1veis \u200b\u200bparticipando de leil\u00f5es de carros usados \u200b\u200bexclusivos para concession\u00e1rias e fechados ao p\u00fablico em geral. \u200b<\/p>\n\n\n\n<hr class=\"wp-block-separator has-alpha-channel-opacity\" \/>\n\n\n\n<h2 class=\"wp-block-heading\">Benef\u00edcios dos Servi\u00e7os de Agente de Leil\u00f5es<\/h2>\n\n\n\n<h3 class=\"wp-block-heading\">Margem Intermedi\u00e1ria Reduzida<\/h3>\n\n\n\n<p>Elimine custos desnecess\u00e1rios comprando diretamente em leil\u00f5es, sem passar por concession\u00e1rias ou concession\u00e1rias de carros usados. \u200b<\/p>\n\n\n\n<h3 class=\"wp-block-heading\">Informa\u00e7\u00f5es Abundantes sobre Ve\u00edculos<\/h3>\n\n\n\n<p>Com mais de 8 milh\u00f5es de ve\u00edculos listados anualmente em aproximadamente 120 locais em todo o pa\u00eds, voc\u00ea pode encontrar o ve\u00edculo perfeito para voc\u00ea. \u200b<\/p>\n\n\n\n\n<h3 class=\"wp-block-heading\">Suporte de uma Equipe Especializada<\/h3>\n\n\n\n<p>Do lance \u00e0 vit\u00f3ria, transfer\u00eancia de propriedade e entrega, nossa equipe experiente fornecer\u00e1 suporte completo. \u200b<\/p>\n\n\n\n<hr class=\"wp-block-separator has-alpha-channel-opacity\" \/>\n\n\n\n<h2 class=\"wp-block-heading\">Estrutura de Pre\u00e7os<\/h2>\n\n\n\n<h3 class=\"wp-block-heading\">Plano de Proxy de Lances (Compra)<\/h3>\n\n\n\n<figure class=\"wp-block-table\"><table><tbody><tr><td>Taxa de Proxy de Lances<\/td><td class=\"has-text-align-right\" data-align=\"right\">A partir de \u00a5 29.800<\/td><td>Varia dependendo do pre\u00e7o do lance vencedor. Veja a tabela abaixo. <\/td><\/tr><tr><td> Taxa de lance vencedor: <\/td><td class=\"has-text-align-right\" data-align=\"right\">A partir de 20.000 ienes <\/td><td> Varia dependendo do local e do tipo de ve\u00edculo <\/td><\/tr><tr><td> Taxa de lance: <\/td><td class=\"has-text-align-right\" data-align=\"right\"> 1.000 ienes <\/td><td> Por leil\u00e3o <\/td><\/tr><tr><td> Taxa de envio terrestre: <\/td><td class=\"has-text-align-right\" data-align=\"right\">A partir de 8.000 ienes <\/td><td> Varia dependendo da dist\u00e2ncia e do tipo de ve\u00edculo <\/td><\/tr><tr><td> Taxa de registro: <\/td><td class=\"has-text-align-right\" data-align=\"right\">A partir de 13.000 ienes <\/td><td> Certificado de garagem: 13.000 ienes <br> Registro de transfer\u00eancia: 20.000 ienes <br> Novo registro \u00a5 30.000<\/td><\/tr><tr><td> Inspe\u00e7\u00e3o do ve\u00edculo obrigat\u00f3rio<\/td><td class=\"has-text-align-right\" data-align=\"right\">A partir de \u00a5 39.800<\/td><td>Varia dependendo do modelo e das condi\u00e7\u00f5es do ve\u00edculo<\/td><\/tr><\/tbody><\/table><figcaption class=\"wp-element-caption\"> (excluindo impostos sobre o consumo)<\/figcaption><\/figure>\n\n\n\n\n<figure class=\"wp-block-table\"><table><thead><tr><th class=\"has-text-align-right\" data-align=\"right\"> Pre\u00e7o do Lance Aprovado do Ve\u00edculo\n<\/th><th class=\"has-text-align-right\" data-align=\"right\"> Taxa de Ag\u00eancia de Licita\u00e7\u00e3o\n<\/th><\/tr><\/thead><tbody><tr><td class=\"has-text-align-right\" data-align=\"right\"> At\u00e9 1 milh\u00e3o de ienes\n<\/td><td class=\"has-text-align-right\" data-align=\"right\"> 29.800 ienes\n<\/td><\/tr><tr><td class=\"has-text-align-right\" data-align=\"right\"> 1 milh\u00e3o a 1,5 milh\u00e3o de ienes\n<\/td><td class=\"has-text-align-right\" data-align=\"right\"> 34.800 ienes\n<\/td><\/tr><tr><td class=\"has-text-align-right\" data-align=\"right\"> 1,5 milh\u00e3o a 3 milh\u00f5es ienes\n<\/td><td class=\"has-text-align-right\" data-align=\"right\"> 39.800 ienes\n<\/td><\/tr><tr><td class=\"has-text-align-right\" data-align=\"right\"> 3 a 5 milh\u00f5es de ienes\n<\/td><td class=\"has-text-align-right\" data-align=\"right\"> 44.800 ienes\n<\/td><\/tr><tr><td class=\"has-text-align-right\" data-align=\"right\"> 5 milh\u00f5es de ienes ou mais\n<\/td><td class=\"has-text-align-right\" data-align=\"right\"> 0,9% do pre\u00e7o do lance vencedor\n<\/td><\/tr><\/tbody><\/table><figcaption class=\"wp-element-caption\"> (excluindo imposto sobre consumo)\n\n\n\n\n<h3 class=\"wp-block-heading\"> Plano de Ag\u00eancia de Vendas (Listagem)<\/h3>\n\n\n\n<figure class=\"wp-block-table\"><table><tbody><tr><td> Taxa de Ag\u00eancia de Listagem<\/td><td class=\"has-text-align-right\" data-align=\"right\">A partir de \u00a5 29.800<\/td><td>Varia dependendo do lance vencedor. Veja a tabela abaixo. <\/td><\/tr><tr><td> Taxa de inscri\u00e7\u00e3o <\/td><td class=\"has-text-align-right\" data-align=\"right\"> A partir de \u00a5 10.000 <\/td><td> Varia dependendo do local e do tipo de ve\u00edculo <\/td><\/tr><tr><td> Taxa de encerramento <\/td><td class=\"has-text-align-right\" data-align=\"right\"> A partir de \u00a5 10.000 <\/td><td> Varia dependendo do local e do tipo de ve\u00edculo <\/td><\/tr><tr><td> Frete terrestre <\/td><td class=\"has-text-align-right\" data-align=\"right\"> A partir de \u00a5 8.000 <\/td><td> Varia dependendo da dist\u00e2ncia e do tipo de ve\u00edculo <\/td><\/tr><\/tbody><\/table><figcaption class=\"wp-element-caption\"> (excluindo imposto sobre consumo) <\/figcaption><\/figure>\n\n\n\n<figure class=\"wp-block-table\"><table><thead><tr><th class=\"has-text-align-right\" data-align=\"right\"> Pre\u00e7o de venda do ve\u00edculo<\/th><th class=\"has-text-align-right\" data-align=\"right\"> Ag\u00eancia de listagem Taxa<\/th><\/tr><\/thead><tbody><tr><td class=\"has-text-align-right\" data-align=\"right\"> At\u00e9 1 milh\u00e3o de ienes<\/td><td class=\"has-text-align-right\" data-align=\"right\"> 19.800 ienes<\/td><\/tr><tr><td class=\"has-text-align-right\" data-align=\"right\"> 1 milh\u00e3o de ienes a 1,5 milh\u00e3o de ienes<\/td><td class=\"has-text-align-right\" data-align=\"right\"> 24.800 ienes<\/td><\/tr><tr><td class=\"has-text-align-right\" data-align=\"right\"> 1,5 milh\u00e3o de ienes a 3 milh\u00f5es de ienes<\/td><td class=\"has-text-align-right\" data-align=\"right\"> 29.800 ienes<\/td><\/tr><tr><td class=\"has-text-align-right\" data-align=\"right\"> 3 milh\u00f5es de ienes a 5 milh\u00f5es de ienes<\/td><td class=\"has-text-align-right\" data-align=\"right\"> 34.800 ienes<\/td><\/tr><tr><td class=\"has-text-align-right\" data-align=\"right\"> 5 milh\u00f5es de ienes e acima<\/td><td class=\"has-text-align-right\" data-align=\"right\"> 0,7% do pre\u00e7o de venda<\/td><\/tr><\/tbody><\/table><figcaption class=\"wp-element-caption\"> (excluindo imposto sobre consumo)<\/figcaption><\/figure>\n\n\n\n<hr class=\"wp-block-separator has-alpha-channel-opacity\" \/>\n\n\n\n<h2 class=\"wp-block-heading\">Fluxo de Servi\u00e7o<\/h2>\n\n\n\n<div style=\"max-width: 400px;margin: 0 auto;font-family: sans-serif\">\n<div style=\"border: 1px solid #ccc;border-radius: 8px;padding: 10px;text-align: center;margin-bottom: 10px\">\nFale Conosco\n<\/div>\n<div style=\"text-align: center\">\u2193<\/div>\n<div style=\"border: 1px solid #ccc;border-radius: 8px;padding: 10px;text-align: center;margin-bottom: 10px\">\nConsulta\/Inspe\u00e7\u00e3o de Ve\u00edculos\n<\/div>\n<div style=\"text-align: center\">\u2193<\/div>\n<div style=\"border: 1px solid #ccc;border-radius: 8px;padding: 10px;text-align: center;margin-bottom: 10px\">\nAcordos de Listagem\/Licita\u00e7\u00e3o\n<\/div>\n<div style=\"text-align: center\">\u2193<\/div>\n<div style=\"border: 1px solid #ccc;border-radius: 8px;padding: 10px;text-align: center;margin-bottom: 10px\">\nLance\/Transfer\u00eancia de Nome Bem-Sucedido\n<\/div>\n<div style=\"text-align: center\">\u2193<\/div>\n<div style=\"border: 1px solid #ccc;border-radius: 8px;padding: 10px;text-align: center\">\nPagamento\/Entrega\n<\/div>\n<\/div>\n\n\n\n<h2 class=\"wp-block-heading\">Hist\u00f3rias de Sucesso<\/h2>\n\n\n\n<ul class=\"wp-block-list\">\n<li><strong>Toyota Alphard (3\u00aa gera\u00e7\u00e3o)<\/strong>: Vendido por \u00a5 1,5 milh\u00e3o<\/li>\n\n\n\n<li><strong>Daihatsu Tanto (2\u00aa gera\u00e7\u00e3o, porta deslizante)<\/strong>: Vendido por \u00a5 68.000<\/li>\n\n\n\n<li><strong>Honda S2000 (AP1)<\/strong>: Vendido por \u00a5 2,5 milh\u00f5es<\/li>\n<\/ul>\n\n\n\n<p>Atendemos a uma ampla gama de necessidades, de carros pr\u00e1ticos a ve\u00edculos raros. \u200b<\/p>\n\n\n\n<hr class=\"wp-block-separator has-alpha-channel-opacity\" \/>\n\n\n\n<h2 class=\"wp-block-heading\">Perguntas Frequentes (FAQ)<\/h2>\n\n\n\n<h3 class=\"wp-block-heading\">P. Esta \u00e9 a primeira vez que utilizo os servi\u00e7os de uma ag\u00eancia de leil\u00f5es. Tudo bem? <\/h3>\n\n\n\n<p>R. Sim, nossa equipe especializada fornecer\u00e1 suporte completo, ent\u00e3o n\u00e3o se preocupe. \u200b<\/p>\n\n\n\n<h3 class=\"wp-block-heading\">P. Posso verificar as condi\u00e7\u00f5es do ve\u00edculo? <\/h3>\n\n\n\n<p>R. Sim, forneceremos informa\u00e7\u00f5es detalhadas sobre o ve\u00edculo antes de anunci\u00e1-lo para leil\u00e3o. \u200b<\/p>\n\n\n\n<h3 class=\"wp-block-heading\">P. Voc\u00eas tamb\u00e9m podem cuidar da transfer\u00eancia de propriedade e da entrega? <\/h3>\n\n\n\n<p>A. Sim, oferecemos suporte completo, incluindo transfer\u00eancia de propriedade e organiza\u00e7\u00e3o da entrega. \u200b<\/p>\n\n\n\n<hr class=\"wp-block-separator has-alpha-channel-opacity\" \/>\n\n\n\n<p>A Good Loop est\u00e1 comprometida em fornecer suporte completo para a vida \u00fatil do seu carro. Sinta-se \u00e0 vontade para entrar em contato conosco caso tenha alguma d\u00favida. <\/p>\n\n\n\n<p class=\"has-x-large-font-size\" style=\"line-height:1.2\">Entre em contato conosco aqui<\/p>\n\n\n\n<div class=\"wp-block-buttons is-layout-flex wp-block-buttons-is-layout-flex\">\n<div class=\"wp-block-button\"><a class=\"wp-block-button__link has-small-font-size has-custom-font-size wp-element-button\" href=\"https:\/\/docs.google.com\/forms\/d\/1JATPpeGfRXaemIpjUO1PbKltxmmkNDiiO8owNQoPJU4\/\" target=\"_blank\" rel=\"noreferrer noopener\">\nEntre em contato conosco <\/a><\/div>\n<\/div>\n","protected":false},"excerpt":{"rendered":"<p>Por que n\u00e3o comprar o carro dos seus sonhos por um pre\u00e7o promocional em um leil\u00e3o de concession\u00e1rias? A Good Loop apoia compras e vendas de ve\u00edculos seguras e confi\u00e1veis \u200b\u200bparticipando de leil\u00f5es de carros usados \u200b\u200bexclusivos para concession\u00e1rias e fechados ao p\u00fablico em geral. \u200b Benef\u00edcios dos Servi\u00e7os de Agente de Leil\u00f5es Margem Intermedi\u00e1ria [&hellip;]<\/p>\n","protected":false},"author":1,"featured_media":616,"parent":0,"menu_order":0,"comment_status":"closed","ping_status":"closed","template":"","meta":{"footnotes":""},"class_list":["post-478","page","type-page","status-publish","has-post-thumbnail","hentry"],"_links":{"self":[{"href":"https:\/\/good-loop.co.jp\/pt\/wp-json\/wp\/v2\/pages\/478","targetHints":{"allow":["GET"]}}],"collection":[{"href":"https:\/\/good-loop.co.jp\/pt\/wp-json\/wp\/v2\/pages"}],"about":[{"href":"https:\/\/good-loop.co.jp\/pt\/wp-json\/wp\/v2\/types\/page"}],"author":[{"embeddable":true,"href":"https:\/\/good-loop.co.jp\/pt\/wp-json\/wp\/v2\/users\/1"}],"replies":[{"embeddable":true,"href":"https:\/\/good-loop.co.jp\/pt\/wp-json\/wp\/v2\/comments?post=478"}],"version-history":[{"count":0,"href":"https:\/\/good-loop.co.jp\/pt\/wp-json\/wp\/v2\/pages\/478\/revisions"}],"wp:featuredmedia":[{"embeddable":true,"href":"https:\/\/good-loop.co.jp\/pt\/wp-json\/wp\/v2\/media\/616"}],"wp:attachment":[{"href":"https:\/\/good-loop.co.jp\/pt\/wp-json\/wp\/v2\/media?parent=478"}],"curies":[{"name":"wp","href":"https:\/\/api.w.org\/{rel}","templated":true}]}}