{"id":489,"date":"2024-08-14T18:05:13","date_gmt":"2024-08-14T09:05:13","guid":{"rendered":"https:\/\/good-loop.co.jp\/?page_id=489"},"modified":"2024-08-14T18:05:13","modified_gmt":"2024-08-14T09:05:13","slug":"leilao-de-bicicletas-em-consignacao","status":"publish","type":"page","link":"https:\/\/good-loop.co.jp\/pt\/leilao-consignacao\/leilao-de-bicicletas-em-consignacao\/","title":{"rendered":"Servi\u00e7o de proxy para leil\u00e3o de motocicletas usadas"},"content":{"rendered":"\n<h2 class=\"wp-block-heading\">Torne a compra e venda de motos usadas mais segura e acess\u00edvel<\/h2>\n\n\n\n<p>Quer vender sua moto favorita pelo melhor pre\u00e7o poss\u00edvel? Quer adquirir a moto que deseja por um pre\u00e7o baixo? Oferecemos o &#8220;Servi\u00e7o de Agente de Leil\u00e3o de Motos Usadas&#8221; perfeito para voc\u00ea. <\/p>\n\n\n\n<p>&#x1f449; <strong>Participaremos de leil\u00f5es de concession\u00e1rias em seu nome, mesmo que voc\u00ea n\u00e3o possa participar individualmente! <\/strong><\/p>\n\n\n\n<hr class=\"wp-block-separator has-alpha-channel-opacity\" \/>\n\n\n\n<h2 class=\"wp-block-heading\">&#x1f525; Tr\u00eas Benef\u00edcios dos Agentes de Leil\u00e3o<\/h2>\n\n\n\n<h3 class=\"wp-block-heading\">&#x2705; Elimine o intermedi\u00e1rio! <\/h3>\n\n\n\n<p> Como \u00e9 um leil\u00e3o de revendedor para revendedor, voc\u00ea pode vender por um pre\u00e7o alto e comprar por um pre\u00e7o baixo sem pagar taxas desnecess\u00e1rias! <\/p>\n\n\n\n<h3 class=\"wp-block-heading\">&#x2705; Grande N\u00famero de Ve\u00edculos \u00e0 Venda<\/h3>\n\n\n\n<p> Os leil\u00f5es de concession\u00e1rias t\u00eam muitos ve\u00edculos \u00e0 venda, aumentando suas chances de encontrar a moto que procura e de vend\u00ea-la. <\/p>\n\n\n\n<h3 class=\"wp-block-heading\">&#x2705; Suporte Profissional<\/h3>\n\n\n\n<p> Cuidamos de todos os procedimentos demorados, incluindo lances, vit\u00f3ria, transfer\u00eancia de propriedade e transporte. <\/p>\n\n\n\n<hr class=\"wp-block-separator has-alpha-channel-opacity\" \/>\n\n\n\n<h2 class=\"wp-block-heading\">&#x1f4dd; Estrutura de Pre\u00e7os<\/h2>\n\n\n\n<h3 class=\"wp-block-heading\">&#x1f3cd;&#xfe0f; Plano de Proxy de Lance (Compra)<\/h3>\n\n\n\n<ul class=\"wp-block-list\">\n<li>Taxa de Proxy de Lance: A partir de \u00a5 19.800 (10% do lance vencedor + \u00a5 19.800)<\/li>\n\n\n\n<li>Taxa de Lance Vencedor: \u00a5 5.000 ou mais (varia dependendo do local e do tipo de ve\u00edculo)<\/li>\n\n\n\n<li>Taxa de Lance: \u00a5 1.000 (por leil\u00e3o)<\/li>\n\n\n\n<li>Taxa de frete terrestre: \u00a5 8.000 ou mais (varia dependendo da dist\u00e2ncia e do tipo de ve\u00edculo)<\/li>\n<\/ul>\n\n\n\n<h3 class=\"wp-block-heading\">&#x1f6f5; Plano de Ag\u00eancia de Vendas (Listagem)<\/h3>\n\n\n\n<ul class=\"wp-block-list\">\n<li> Taxa de Ag\u00eancia de Listagem: A partir de \u00a5 19.800 (10% do pre\u00e7o de fechamento + \u00a5 19.800)<\/li>\n\n\n\n<li> Taxa de Listagem: A partir de \u00a5 3.000 (Varia dependendo do local e do tipo de ve\u00edculo)<\/li>\n\n\n\n<li> Taxa de Fechamento: A partir de \u00a5 5.000 (Varia dependendo do local e do tipo de ve\u00edculo)<\/li>\n\n\n\n<li> Taxa de envio terrestre: a partir de \u00a5 8.000 (varia dependendo da dist\u00e2ncia e do tipo de ve\u00edculo)<\/li>\n<\/ul>\n\n\n\n<p> (Todos os pre\u00e7os n\u00e3o incluem imposto de consumo) <\/p>\n\n\n\n<hr class=\"wp-block-separator has-alpha-channel-opacity\" \/>\n\n\n\n<h2 class=\"wp-block-heading\">&#x1f680; Fluxo de Servi\u00e7o <\/h2>\n\n\n\n<div style=\"max-width: 400px;margin: 0 auto;font-family: sans-serif\">\n<div style=\"border: 1px solid #ccc;border-radius: 8px;padding: 10px;text-align: center;margin-bottom: 10px\">\nFale Conosco\n<\/div>\n<div style=\"text-align: center\">\u2193<\/div>\n<div style=\"border: 1px solid #ccc;border-radius: 8px;padding: 10px;text-align: center;margin-bottom: 10px\">\nEntrevista e Inspe\u00e7\u00e3o do Ve\u00edculo\n<\/div>\n<div style=\"text-align: center\">\u2193<\/div>\n<div style=\"border: 1px solid #ccc;border-radius: 8px;padding: 10px;text-align: center;margin-bottom: 10px\">\nAcordos de Listagem\/Licita\u00e7\u00e3o\n<\/div>\n<div style=\"text-align: center\">\u2193<\/div>\n<div style=\"border: 1px solid #ccc;border-radius: 8px;padding: 10px;text-align: center;margin-bottom: 10px\">\nLance Vencedor e Mudan\u00e7a de Propriedade\n<\/div>\n<div style=\"text-align: center\">\u2193<\/div>\n<div style=\"border: 1px solid #ccc;border-radius: 8px;padding: 10px;text-align: center\">\nPagamento \/ Entrega\n<\/div>\n<\/div>\n\n\n\n<hr class=\"wp-block-separator has-alpha-channel-opacity\" \/>\n\n\n\n<h2 class=\"wp-block-heading\">&#x1f3c6; Hist\u00f3rias de Sucesso<\/h2>\n\n\n\n<figure class=\"wp-block-table\"><table class=\"has-fixed-layout\"><tbody><tr><th> Modelo<\/th><th> Resultados<\/th><th> Coment\u00e1rios<\/th><\/tr><tr><td> Honda CBR250RR<\/td><td> Ganhou um lance de \u00a5 480.000<\/td><td> Vendida por \u00a5 100.000 a mais do que o oferecido pela concession\u00e1ria<\/td><\/tr><tr><td> Yamaha MT-09<\/td><td> Ganhou um lance de \u00a5 590.000<\/td><td> Compra instant\u00e2nea a um pre\u00e7o satisfat\u00f3rio! <\/td><\/tr><tr><td> Kawasaki Ninja 400<\/td><td> Comprada por \u00a5 450.000<\/td><td> Vendida por \u00a5 70.000 mais barata que em outros sites<\/td><\/tr><\/tbody><\/table><\/figure>\n\n\n\n<hr class=\"wp-block-separator has-alpha-channel-opacity\" \/>\n\n\n\n<h2 class=\"wp-block-heading\">&#x1f64b; Perguntas Frequentes (FAQ)<\/h2>\n\n\n\n<h3 class=\"wp-block-heading\">P. \u00c9 aceit\u00e1vel que iniciantes usem leil\u00f5es? <\/h3>\n\n\n\n<p>A. Nossa equipe especializada cuida de tudo para voc\u00ea, para que possa usar o servi\u00e7o com tranquilidade. <\/p>\n\n\n\n<h3 class=\"wp-block-heading\">P. Posso obter uma avalia\u00e7\u00e3o antes de vender? <\/h3>\n\n\n\n<p>R. Oferecemos uma avalia\u00e7\u00e3o gratuita com base em fotos e informa\u00e7\u00f5es b\u00e1sicas. Sinta-se \u00e0 vontade para entrar em contato conosco. <\/p>\n\n\n\n<h3 class=\"wp-block-heading\">P. Posso exportar minha motocicleta? <\/h3>\n\n\n\n<p>R. Sim, podemos discutir a venda ou exporta\u00e7\u00e3o para mercados internacionais. <\/p>\n\n\n\n<hr class=\"wp-block-separator has-alpha-channel-opacity\" \/>\n\n\n\n<h2 class=\"wp-block-heading\">&#x1f464; Apresentando Nossa Equipe<\/h2>\n\n\n\n<ul class=\"wp-block-list\">\n<li>Experi\u00eancia em Motocicletas: Mais de 20 Anos<\/li>\n\n\n\n<li>Especialista em Servi\u00e7os de Ag\u00eancia de Exporta\u00e7\u00e3o e Leil\u00f5es<\/li>\n\n\n\n<li>Buscamos a honestidade e a rapidez! <\/li>\n<\/ul>\n\n\n\n<hr class=\"wp-block-separator has-alpha-channel-opacity\" \/>\n\n\n\n<h2 class=\"wp-block-heading\">&#x1f4e9; Consulta e D\u00favidas Gratuitas<\/h2>\n\n\n\n<p>Sinta-se \u00e0 vontade para entrar em contato conosco caso tenha alguma d\u00favida! <\/p>\n\n\n\n<p>&#x1f449; <a href=\"https:\/\/docs.google.com\/forms\/d\/1JATPpeGfRXaemIpjUO1PbKltxmmkNDiiO8owNQoPJU4\/\" target=\"_blank\" rel=\"noreferrer noopener\"><strong>Entre em contato conosco atrav\u00e9s deste formul\u00e1rio<\/strong><\/a><\/p>\n\n\n\n<hr class=\"wp-block-separator has-alpha-channel-opacity\" \/>\n\n\n\n<h3 class=\"wp-block-heading\">&#x1f69a; Para quem est\u00e1 pensando em exportar uma motocicleta<\/h3>\n\n\n\n<p>Tamb\u00e9m podemos oferecer consultoria sobre exporta\u00e7\u00f5es e destinos internacionais. <\/p>\n\n\n\n<hr class=\"wp-block-separator has-alpha-channel-opacity\" \/>\n\n\n\n<p>A Good Loop apoia os entusiastas de motocicletas na melhor experi\u00eancia de compra e venda. Aproveite sua vida de motociclista com mais liberdade e intelig\u00eancia. <\/p>\n\n\n\n<p class=\"has-x-large-font-size\" style=\"line-height:1.2\">Entre em contato conosco aqui<\/p>\n\n\n\n<div class=\"wp-block-buttons is-layout-flex wp-block-buttons-is-layout-flex\">\n<div class=\"wp-block-button has-custom-font-size has-small-font-size\"><a class=\"wp-block-button__link wp-element-button\" href=\"https:\/\/docs.google.com\/forms\/d\/1JATPpeGfRXaemIpjUO1PbKltxmmkNDiiO8owNQoPJU4\/\" target=\"_blank\" rel=\"noreferrer noopener\">\nEntre em contato conosco <\/a><\/div>\n<\/div>\n","protected":false},"excerpt":{"rendered":"<p>Torne a compra e venda de motos usadas mais segura e acess\u00edvel Quer vender sua moto favorita pelo melhor pre\u00e7o poss\u00edvel? Quer adquirir a moto que deseja por um pre\u00e7o baixo? Oferecemos o &#8220;Servi\u00e7o de Agente de Leil\u00e3o de Motos Usadas&#8221; perfeito para voc\u00ea. &#x1f449; Participaremos de leil\u00f5es de concession\u00e1rias em seu nome, mesmo que [&hellip;]<\/p>\n","protected":false},"author":1,"featured_media":612,"parent":478,"menu_order":0,"comment_status":"closed","ping_status":"closed","template":"","meta":{"footnotes":""},"class_list":["post-489","page","type-page","status-publish","has-post-thumbnail","hentry"],"_links":{"self":[{"href":"https:\/\/good-loop.co.jp\/pt\/wp-json\/wp\/v2\/pages\/489","targetHints":{"allow":["GET"]}}],"collection":[{"href":"https:\/\/good-loop.co.jp\/pt\/wp-json\/wp\/v2\/pages"}],"about":[{"href":"https:\/\/good-loop.co.jp\/pt\/wp-json\/wp\/v2\/types\/page"}],"author":[{"embeddable":true,"href":"https:\/\/good-loop.co.jp\/pt\/wp-json\/wp\/v2\/users\/1"}],"replies":[{"embeddable":true,"href":"https:\/\/good-loop.co.jp\/pt\/wp-json\/wp\/v2\/comments?post=489"}],"version-history":[{"count":0,"href":"https:\/\/good-loop.co.jp\/pt\/wp-json\/wp\/v2\/pages\/489\/revisions"}],"up":[{"embeddable":true,"href":"https:\/\/good-loop.co.jp\/pt\/wp-json\/wp\/v2\/pages\/478"}],"wp:featuredmedia":[{"embeddable":true,"href":"https:\/\/good-loop.co.jp\/pt\/wp-json\/wp\/v2\/media\/612"}],"wp:attachment":[{"href":"https:\/\/good-loop.co.jp\/pt\/wp-json\/wp\/v2\/media?parent=489"}],"curies":[{"name":"wp","href":"https:\/\/api.w.org\/{rel}","templated":true}]}}