{"id":504,"date":"2024-08-25T16:44:17","date_gmt":"2024-08-25T07:44:17","guid":{"rendered":"https:\/\/good-loop.co.jp\/?page_id=504"},"modified":"2024-08-25T16:44:17","modified_gmt":"2024-08-25T07:44:17","slug":"software","status":"publish","type":"page","link":"https:\/\/good-loop.co.jp\/pt\/software\/","title":{"rendered":"Servi\u00e7os de suporte \u00e0 implementa\u00e7\u00e3o e opera\u00e7\u00e3o de software de c\u00f3digo aberto"},"content":{"rendered":"\n<p>A Good Loop desenvolve software para diversas \u00e1reas, incluindo efici\u00eancia no desenvolvimento de software e suporte para o setor de vendas automotivas. Tamb\u00e9m fornecemos servi\u00e7os de implementa\u00e7\u00e3o e suporte operacional de software de c\u00f3digo aberto (OSS), que receberam muitos elogios no exterior. <\/p>\n\n\n\n<h2 class=\"wp-block-heading\">Aliviando Preocupa\u00e7\u00f5es sobre Software de C\u00f3digo Aberto:\n\n\n\n<p>Muitas pessoas podem ter preocupa\u00e7\u00f5es sobre software de c\u00f3digo aberto. Abaixo est\u00e3o algumas preocupa\u00e7\u00f5es comuns e suas solu\u00e7\u00f5es: <\/p>\n\n\n\n<ol class=\"wp-block-list\">\n<li><strong> &#8220;Por que o software \u00e9 fornecido gratuitamente?&#8221; <\/strong>\n<ul class=\"wp-block-list\">\n<li> Software de c\u00f3digo aberto \u00e9 um esfor\u00e7o impulsionado pela comunidade e apoiado por desenvolvedores em todo o mundo. O objetivo de disponibiliz\u00e1-lo gratuitamente \u00e9 promover e compartilhar ainda mais a tecnologia, e muitas grandes empresas tamb\u00e9m contribuem para seu desenvolvimento. Sua qualidade e confiabilidade s\u00e3o compar\u00e1veis \u200b\u200b\u00e0s de softwares comerciais. <\/li>\n<\/ul>\n<\/li>\n\n\n\n<li><strong>&#8220;N\u00e3o consigo configurar um servidor ou n\u00e3o entendo muito de servidores.&#8221;<\/strong>\n<ul class=\"wp-block-list\">\n<li>N\u00e3o se preocupe. Nossos especialistas fornecer\u00e3o suporte completo, desde a configura\u00e7\u00e3o at\u00e9 a opera\u00e7\u00e3o do servidor. Mesmo sem conhecimento t\u00e9cnico, voc\u00ea pode usar o sistema ideal. <\/li>\n<\/ul>\n<\/li>\n\n\n\n<li><strong>&#8220;Como a Good Loop lucra?&#8221;<\/strong>\n<ul class=\"wp-block-list\">\n<li>Embora o software de c\u00f3digo aberto em si seja gratuito, oferecemos servi\u00e7os de valor agregado, como suporte profissional de implementa\u00e7\u00e3o, personaliza\u00e7\u00e3o, manuten\u00e7\u00e3o e treinamento mediante pagamento. Buscamos uma rela\u00e7\u00e3o ganha-ganha, em que o sucesso dos nossos clientes impulsiona os nossos lucros. <\/li>\n<\/ul>\n<\/li>\n<\/ol>\n\n\n\n<h2 class=\"wp-block-heading\">Benef\u00edcios do Software de C\u00f3digo Aberto<\/h2>\n\n\n\n<ol class=\"wp-block-list\">\n<li><strong>Economia de Custos<\/strong>: N\u00e3o h\u00e1 taxas de licen\u00e7a necess\u00e1rias, reduzindo significativamente o investimento inicial. <\/li>\n\n\n\n<li><strong>Liberdade de Personaliza\u00e7\u00e3o<\/strong>: Ajuste para atender \u00e0s necessidades do seu neg\u00f3cio. <\/li>\n\n\n\n<li><strong>Evite a depend\u00eancia de fornecedores<\/strong>:\n<ul class=\"wp-block-list\">\n<li>Mantenha a flexibilidade n\u00e3o dependendo de um fornecedor espec\u00edfico. <\/li>\n\n\n\n<li>D\u00ea liberdade para alterar ou migrar o software, se necess\u00e1rio. <\/li>\n\n\n\n<li>Os formatos de dados costumam ser padronizados, facilitando a integra\u00e7\u00e3o e a migra\u00e7\u00e3o com outros sistemas. <\/li>\n<\/ul>\n<\/li>\n\n\n\n<li><strong> Propriedade e controle completos dos seus dados<\/strong>:\n<ul class=\"wp-block-list\">\n<li> Nosso c\u00f3digo \u00e9 p\u00fablico, ent\u00e3o voc\u00ea pode ver exatamente como seus dados est\u00e3o armazenados. <\/li>\n\n\n\n<li> Fa\u00e7a backup, exporte e migre seus dados facilmente, dando a voc\u00ea a liberdade de recuper\u00e1-los a qualquer momento. <\/li>\n<\/ul>\n<\/li>\n\n\n\n<li><strong>Seguran\u00e7a e Transpar\u00eancia<\/strong>:\n<ul class=\"wp-block-list\">\n<li>O c\u00f3digo est\u00e1 dispon\u00edvel publicamente, permitindo a detec\u00e7\u00e3o e corre\u00e7\u00e3o antecipadas de vulnerabilidades. <\/li>\n\n\n\n<li>Auditorias cont\u00ednuas por muitos olhos, desenvolvedores e usu\u00e1rios, garantem um alto n\u00edvel de seguran\u00e7a. <\/li>\n<\/ul>\n<\/li>\n\n\n\n<li><strong>Suporte da Comunidade<\/strong>: Conte com melhorias cont\u00ednuas e solu\u00e7\u00f5es de problemas de desenvolvedores do mundo todo. Tamb\u00e9m oferecemos f\u00f3runs de suporte \u00e0 comunidade. <\/li>\n\n\n\n<li><strong>Ado\u00e7\u00e3o das Tecnologias Mais Recentes<\/strong>: Nossa comunidade ativa garante a r\u00e1pida ado\u00e7\u00e3o das tecnologias mais recentes. <\/li>\n\n\n\n<li><strong>Estabilidade a longo prazo<\/strong>:\n<ul class=\"wp-block-list\">\n<li>Projetos de c\u00f3digo aberto s\u00e3o menos dependentes da situa\u00e7\u00e3o financeira de uma empresa espec\u00edfica e podem ter continuidade a longo prazo. <\/li>\n\n\n\n<li>O suporte cont\u00ednuo da comunidade estende a vida \u00fatil do software. <\/li>\n<\/ul>\n<\/li>\n<\/ol>\n\n\n\n<p>Com esses benef\u00edcios, o software de c\u00f3digo aberto aumenta a liberdade empresarial, permite economia de custos a longo prazo e viabiliza a inova\u00e7\u00e3o tecnol\u00f3gica. Oferecemos suporte especializado para ajudar voc\u00ea a maximizar esses benef\u00edcios. <\/p>\n\n\n\n<h2 class=\"wp-block-heading\">Benef\u00edcios de terceirizar a instala\u00e7\u00e3o e a opera\u00e7\u00e3o conosco<\/h2>\n\n\n\n<ol class=\"wp-block-list\">\n<li><strong>Expertise e Know-How<\/strong>: Especialistas experientes garantem implementa\u00e7\u00e3o e personaliza\u00e7\u00e3o ideais. <\/li>\n\n\n\n<li><strong>Economizando Tempo e Recursos<\/strong>: Libere recursos internos para se concentrar em outras tarefas importantes. <\/li>\n\n\n\n<li><strong>Integra\u00e7\u00e3o Suave<\/strong>: Ajudamos voc\u00ea a se integrar perfeitamente aos seus sistemas existentes, minimizando a interrup\u00e7\u00e3o dos neg\u00f3cios. <\/li>\n\n\n\n<li><strong>Treinamento e Suporte<\/strong>: Oferecemos treinamento aos usu\u00e1rios e suporte t\u00e9cnico cont\u00ednuo. <\/li>\n\n\n\n<li><strong>Seguran\u00e7a Aprimorada<\/strong>: Configuramos e operamos com base nas melhores pr\u00e1ticas de seguran\u00e7a mais recentes. <\/li>\n\n\n\n<li><strong>Otimiza\u00e7\u00e3o de Desempenho<\/strong>: Monitoramos constantemente o desempenho do sistema e o otimizamos conforme necess\u00e1rio. <\/li>\n\n\n\n<li><strong>Atualiza\u00e7\u00f5es e Manuten\u00e7\u00e3o<\/strong>: Garantimos atualiza\u00e7\u00f5es para as vers\u00f5es mais recentes e manuten\u00e7\u00e3o regular. <\/li>\n<\/ol>\n\n\n\n<h2 class=\"wp-block-heading\">Otimiza\u00e7\u00e3o de Custos e Flexibilidade de Hospedagem<\/h2>\n\n\n\n<p>N\u00f3s nos esfor\u00e7amos para fornecer servi\u00e7os que maximizem a rela\u00e7\u00e3o custo-benef\u00edcio e atendam \u00e0s suas necessidades. <\/p>\n\n\n\n<ol class=\"wp-block-list\">\n<li><strong>Hospedagem Econ\u00f4mica<\/strong>:\n<ul class=\"wp-block-list\">\n<li>Conseguimos economias significativas de custos utilizando n\u00e3o apenas os principais servi\u00e7os de nuvem, como a Amazon, mas tamb\u00e9m servi\u00e7os acess\u00edveis e de alta qualidade, como a Hetzner. <\/li>\n\n\n\n<li>Isso nos permite fornecer servi\u00e7os de alto desempenho a baixo custo. <\/li>\n<\/ul>\n<\/li>\n\n\n\n<li><strong>Op\u00e7\u00f5es de Hospedagem Flex\u00edveis<\/strong>:\n<ul class=\"wp-block-list\">\n<li>Oferecemos uma variedade de op\u00e7\u00f5es de hospedagem para atender \u00e0s suas necessidades e requisitos regulat\u00f3rios, incluindo:\n<ul class=\"wp-block-list\">\n<li>Servi\u00e7os de Nuvem no Exterior Acess\u00edveis<\/li>\n\n\n\n<li>Data Centers no Jap\u00e3o<\/li>\n\n\n\n<li>Seu Ambiente Local<\/li>\n<\/ul>\n<\/li>\n<\/ul>\n<\/li>\n\n\n\n<li><strong>Solu\u00e7\u00f5es Personalizadas<\/strong>:\n<ul class=\"wp-block-list\">\n<li>Desenvolveremos a estrat\u00e9gia de hospedagem ideal para sua situa\u00e7\u00e3o espec\u00edfica, incluindo requisitos de seguran\u00e7a, necessidades de desempenho e or\u00e7amento. <\/li>\n<\/ul>\n<\/li>\n\n\n\n<li><strong>Pre\u00e7os Transparentes<\/strong>:\n<ul class=\"wp-block-list\">\n<li>Comunicamos claramente os custos de hospedagem e damos a voc\u00ea controle sobre seu or\u00e7amento. <\/li>\n<\/ul>\n<\/li>\n<\/ol>\n\n\n\n<p>Nossa abordagem nos permite fornecer solu\u00e7\u00f5es de software de c\u00f3digo aberto de alta qualidade com a flexibilidade necess\u00e1ria para atender \u00e0s necessidades e ao or\u00e7amento do seu neg\u00f3cio. <\/p>\n\n\n\n<h2 class=\"wp-block-heading\">Principais Softwares de C\u00f3digo Aberto Suportados por Nossa Empresa<\/h2>\n\n\n\n<p>A seguir est\u00e3o os principais programas de software de c\u00f3digo aberto suportados por nossa empresa. Cada software \u00e9 uma excelente alternativa aos produtos comerciais populares:<\/p>\n\n\n\n<h2 class=\"wp-block-heading\">Discourse<\/h2>\n\n\n\n<p>Uma plataforma de discuss\u00e3o moderna para constru\u00e7\u00e3o de comunidade e compartilhamento de conhecimento<\/p>\n\n\n\n<ul class=\"wp-block-list\">\n<li>Principais recursos: funcionalidade de busca avan\u00e7ada, gerenciamento de categorias, sistema de n\u00edvel de usu\u00e1rio<\/li>\n\n\n\n<li>Alternativas: Microsoft SharePoint, Yammer, Salesforce Chatter, Jive, Lithium<\/li>\n<\/ul>\n\n\n\n<p><a href=\"https:\/\/good-loop.co.jp\/pt\/software\/discourse\/\" data-type=\"page\" data-id=\"497\">Saiba mais<\/a><\/p>\n\n\n\n<h2 class=\"wp-block-heading\">SuiteCRM<\/h2>\n\n\n\n<p>Solu\u00e7\u00e3o abrangente de gest\u00e3o de relacionamento com o cliente (CRM). Integra vendas, marketing e suporte ao cliente<\/p>\n\n\n\n<ul class=\"wp-block-list\">\n<li>Principais recursos: Gerenciamento de leads, automa\u00e7\u00e3o de vendas, sistema de tickets de suporte ao cliente<\/li>\n\n\n\n<li>Alternativas: Salesforce, HubSpot CRM, Microsoft Dynamics 365<\/li>\n<\/ul>\n\n\n\n<p><a href=\"https:\/\/good-loop.co.jp\/pt\/software\/suitecrm\/\" data-type=\"page\" data-id=\"531\">Saiba mais<\/a><\/p>\n\n\n\n<h2 class=\"wp-block-heading\">Mattermost<\/h2>\n\n\n\n<p>Plataforma de bate-papo segura e de c\u00f3digo aberto<\/p>\n\n\n\n<ul class=\"wp-block-list\">\n<li>Principais recursos: Comunica\u00e7\u00e3o baseada em canais, compartilhamento de arquivos, extensibilidade de plugins, auto-hospedagem<\/li>\n\n\n\n<li>Alternativas: Slack, Microsoft Teams, Discord, Chatwork, LINE WORKS<\/li>\n<\/ul>\n\n\n\n<p><a href=\"https:\/\/good-loop.co.jp\/pt\/software\/mattermost\/\" data-type=\"page\" data-id=\"497\">Saiba mais<\/a><\/p>\n\n\n\n<h2 class=\"wp-block-heading\">OpenProject<\/h2>\n\n\n\n<p>Software completo para gerenciamento de projetos e colabora\u00e7\u00e3o em equipe<\/p>\n\n\n\n<ul class=\"wp-block-list\">\n<li>Principais recursos: Gr\u00e1ficos de Gantt, quadros \u00e1geis, controle de tempo, gerenciamento de documentos<\/li>\n\n\n\n<li>Alternativas: Jira, Trello, Asana, Microsoft Project, Backlog<\/li>\n<\/ul>\n\n\n\n<p><br><a href=\"https:\/\/good-loop.co.jp\/pt\/software\/openproject\/\" data-type=\"page\" data-id=\"542\">Saiba mais mais<\/a><\/p>\n\n\n\n<h2 class=\"wp-block-heading\">NextCloud<\/h2>\n\n\n\n<p>Plataforma de comunica\u00e7\u00e3o, compartilhamento e sincroniza\u00e7\u00e3o de arquivos segura e flex\u00edvel<\/p>\n\n\n\n<ul class=\"wp-block-list\">\n<li>Principais recursos: Sincroniza\u00e7\u00e3o de arquivos, compartilhamento de calend\u00e1rio, videoconfer\u00eancia, gerenciamento de tarefas<\/li>\n\n\n\n<li>Alternativas: Box, Dropbox, Google Drive, Microsoft OneDrive<\/li>\n<\/ul>\n\n\n\n<p><br><a href=\"https:\/\/good-loop.co.jp\/pt\/software\/nextcloud\/\" data-type=\"page\" data-id=\"546\">Saiba mais<\/a><\/p>\n\n\n\n<p><\/p>\n\n\n\n<p>Sinta-se \u00e0 vontade para entrar em contato conosco para quaisquer d\u00favidas sobre a implementa\u00e7\u00e3o e opera\u00e7\u00e3o de software. Tamb\u00e9m lidamos com softwares n\u00e3o listados aqui. <\/p>\n\n\n\n<p class=\"has-x-large-font-size\" style=\"line-height:1.2\">Entre em contato conosco aqui<\/p>\n\n\n\n<div class=\"wp-block-buttons is-layout-flex wp-block-buttons-is-layout-flex\">\n<div class=\"wp-block-button has-custom-font-size has-small-font-size\"><a class=\"wp-block-button__link wp-element-button\" href=\"https:\/\/docs.google.com\/forms\/d\/1JATPpeGfRXaemIpjUO1PbKltxmmkNDiiO8owNQoPJU4\/\" target=\"_blank\" rel=\"noreferrer noopener\">\nEntre em contato conosco<\/a><\/div>\n<\/div>\n\n\n\n<p><\/p>\n","protected":false},"excerpt":{"rendered":"<p>A Good Loop desenvolve software para diversas \u00e1reas, incluindo efici\u00eancia no desenvolvimento de software e suporte para o setor de vendas automotivas. Tamb\u00e9m fornecemos servi\u00e7os de implementa\u00e7\u00e3o e suporte operacional de software de c\u00f3digo aberto (OSS), que receberam muitos elogios no exterior. Aliviando Preocupa\u00e7\u00f5es sobre Software de C\u00f3digo Aberto: Muitas pessoas podem ter preocupa\u00e7\u00f5es sobre [&hellip;]<\/p>\n","protected":false},"author":1,"featured_media":524,"parent":0,"menu_order":0,"comment_status":"closed","ping_status":"closed","template":"","meta":{"footnotes":""},"class_list":["post-504","page","type-page","status-publish","has-post-thumbnail","hentry"],"_links":{"self":[{"href":"https:\/\/good-loop.co.jp\/pt\/wp-json\/wp\/v2\/pages\/504","targetHints":{"allow":["GET"]}}],"collection":[{"href":"https:\/\/good-loop.co.jp\/pt\/wp-json\/wp\/v2\/pages"}],"about":[{"href":"https:\/\/good-loop.co.jp\/pt\/wp-json\/wp\/v2\/types\/page"}],"author":[{"embeddable":true,"href":"https:\/\/good-loop.co.jp\/pt\/wp-json\/wp\/v2\/users\/1"}],"replies":[{"embeddable":true,"href":"https:\/\/good-loop.co.jp\/pt\/wp-json\/wp\/v2\/comments?post=504"}],"version-history":[{"count":0,"href":"https:\/\/good-loop.co.jp\/pt\/wp-json\/wp\/v2\/pages\/504\/revisions"}],"wp:featuredmedia":[{"embeddable":true,"href":"https:\/\/good-loop.co.jp\/pt\/wp-json\/wp\/v2\/media\/524"}],"wp:attachment":[{"href":"https:\/\/good-loop.co.jp\/pt\/wp-json\/wp\/v2\/media?parent=504"}],"curies":[{"name":"wp","href":"https:\/\/api.w.org\/{rel}","templated":true}]}}