{"id":528,"date":"2024-09-25T10:43:16","date_gmt":"2024-09-25T01:43:16","guid":{"rendered":"https:\/\/good-loop.co.jp\/?page_id=528"},"modified":"2024-09-25T10:43:16","modified_gmt":"2024-09-25T01:43:16","slug":"lei","status":"publish","type":"page","link":"https:\/\/good-loop.co.jp\/pt\/lei\/","title":{"rendered":"Descri\u00e7\u00e3o baseada na Lei de Transa\u00e7\u00f5es Comerciais Especificadas"},"content":{"rendered":"\n<figure class=\"wp-block-table\"><table class=\"has-fixed-layout\"><tr><td>Nome do Vendedor: Good Loop, S.A. <\/td><\/tr><tr><td>Endere\u00e7o: <\/td><td rowspan=\"3\">Divulgaremos essas informa\u00e7\u00f5es imediatamente mediante solicita\u00e7\u00e3o. <\/td><\/tr><tr><td>N\u00famero de Telefone: <\/td><\/tr><tr><td>Endere\u00e7o de E-mail: <\/td><\/tr><tr><td>Pessoa de Contato: <\/td><td>Chihiro Nishina <\/td><\/tr><tr><td>Taxas Adicionais, etc. <\/td><td>Taxas de Comunica\u00e7\u00e3o <\/td><\/tr><tr><td>Trocas e Devolu\u00e7\u00f5es (Pol\u00edtica de Reembolso) <\/td><td>Reembolsos est\u00e3o dispon\u00edveis para produtos com defeito ou se a transa\u00e7\u00e3o n\u00e3o for conclu\u00edda com sucesso por motivos fora do nosso controle. <br>No entanto, reembolsos n\u00e3o est\u00e3o dispon\u00edveis para produtos digitais, como software e servi\u00e7os. <\/td><\/tr><tr><td>Prazo de entrega: <\/td><td>Os servi\u00e7os s\u00e3o prestados em at\u00e9 uma semana ap\u00f3s a conclus\u00e3o do contrato, a menos que sejam feitos pedidos especiais. Formas de pagamento aceitas: Transfer\u00eancia banc\u00e1ria, cart\u00e3o de cr\u00e9dito, pagamento em loja de conveni\u00eancia. Per\u00edodo de pagamento: Pagamentos com cart\u00e3o de cr\u00e9dito s\u00e3o processados \u200b\u200bimediatamente. Transfer\u00eancia banc\u00e1ria e pagamentos em loja de conveni\u00eancia devem ser conclu\u00eddos em at\u00e9 tr\u00eas dias ap\u00f3s a realiza\u00e7\u00e3o do pedido. Pre\u00e7o de venda: O pre\u00e7o listado na p\u00e1gina de cada produto.\n","protected":false},"excerpt":{"rendered":"<p>Nome do Vendedor: Good Loop, S.A. Endere\u00e7o: Divulgaremos essas informa\u00e7\u00f5es imediatamente mediante solicita\u00e7\u00e3o. N\u00famero de Telefone: Endere\u00e7o de E-mail: Pessoa de Contato: Chihiro Nishina Taxas Adicionais, etc. Taxas de Comunica\u00e7\u00e3o Trocas e Devolu\u00e7\u00f5es (Pol\u00edtica de Reembolso) Reembolsos est\u00e3o dispon\u00edveis para produtos com defeito ou se a transa\u00e7\u00e3o n\u00e3o for conclu\u00edda com sucesso por motivos fora [&hellip;]<\/p>\n","protected":false},"author":1,"featured_media":0,"parent":0,"menu_order":0,"comment_status":"closed","ping_status":"closed","template":"","meta":{"footnotes":""},"class_list":["post-528","page","type-page","status-publish","hentry"],"_links":{"self":[{"href":"https:\/\/good-loop.co.jp\/pt\/wp-json\/wp\/v2\/pages\/528","targetHints":{"allow":["GET"]}}],"collection":[{"href":"https:\/\/good-loop.co.jp\/pt\/wp-json\/wp\/v2\/pages"}],"about":[{"href":"https:\/\/good-loop.co.jp\/pt\/wp-json\/wp\/v2\/types\/page"}],"author":[{"embeddable":true,"href":"https:\/\/good-loop.co.jp\/pt\/wp-json\/wp\/v2\/users\/1"}],"replies":[{"embeddable":true,"href":"https:\/\/good-loop.co.jp\/pt\/wp-json\/wp\/v2\/comments?post=528"}],"version-history":[{"count":0,"href":"https:\/\/good-loop.co.jp\/pt\/wp-json\/wp\/v2\/pages\/528\/revisions"}],"wp:attachment":[{"href":"https:\/\/good-loop.co.jp\/pt\/wp-json\/wp\/v2\/media?parent=528"}],"curies":[{"name":"wp","href":"https:\/\/api.w.org\/{rel}","templated":true}]}}