{"id":531,"date":"2024-09-25T17:38:31","date_gmt":"2024-09-25T08:38:31","guid":{"rendered":"https:\/\/good-loop.co.jp\/?page_id=531"},"modified":"2024-09-25T17:38:31","modified_gmt":"2024-09-25T08:38:31","slug":"suitecrm","status":"publish","type":"page","link":"https:\/\/good-loop.co.jp\/pt\/software\/suitecrm\/","title":{"rendered":"Implementa\u00e7\u00e3o, suporte operacional e consultoria do SuiteCRM"},"content":{"rendered":"\n<hr class=\"wp-block-separator has-alpha-channel-opacity\" \/>\n\n\n\n<h2 class=\"wp-block-heading\"> Uma solu\u00e7\u00e3o de CRM de c\u00f3digo aberto com ampla funcionalidade, confiabilidade e custo-benef\u00edcio<\/h2>\n\n\n\n<p>Oferecemos servi\u00e7os de instala\u00e7\u00e3o e hospedagem para a vers\u00e3o de c\u00f3digo aberto do SuiteCRM<\/strong>, oferecendo suporte avan\u00e7ado para a gest\u00e3o de relacionamento com o cliente (CRM) das empresas. O SuiteCRM \u00e9 um software de CRM de c\u00f3digo aberto aclamado mundialmente, com um rico conjunto de recursos e excelente confiabilidade. <\/p>\n\n\n\n<hr class=\"wp-block-separator has-alpha-channel-opacity\" \/>\n\n\n\n<h3 class=\"wp-block-heading\">Principais Recursos e Fun\u00e7\u00f5es do SuiteCRM<\/h3>\n\n\n\n<ul class=\"wp-block-list\">\n<li><strong>Conjunto Completo de Recursos<\/strong>\n<ul class=\"wp-block-list\">\n<li><strong>Gerenciamento de Vendas<\/strong>: Gerencie seus processos de vendas de forma centralizada, incluindo leads, oportunidades e gerenciamento de contratos. <\/li>\n\n\n\n<li><strong>Automa\u00e7\u00e3o de Marketing<\/strong>: Oferece suporte a atividades de marketing eficazes, incluindo campanhas de e-mail e cria\u00e7\u00e3o de listas de segmenta\u00e7\u00e3o. <\/li>\n\n\n\n<li><strong>Suporte ao Cliente<\/strong>: Simplifica o suporte ao cliente com gerenciamento de casos, base de conhecimento e muito mais. <\/li>\n\n\n\n<li><strong>Relat\u00f3rios e An\u00e1lises<\/strong>: Oferece suporte \u00e0 tomada de decis\u00f5es de neg\u00f3cios com an\u00e1lise de dados em tempo real. <\/li>\n<\/ul>\n<\/li>\n\n\n\n<li><strong>Altamente personaliz\u00e1vel<\/strong>\n<ul class=\"wp-block-list\">\n<li>Aproveitando os benef\u00edcios do c\u00f3digo aberto, ele permite uma personaliza\u00e7\u00e3o flex\u00edvel para atender \u00e0s necessidades do seu neg\u00f3cio. <\/li>\n<\/ul>\n<\/li>\n\n\n\n<li><strong>Interface amig\u00e1vel<\/strong>\n<ul class=\"wp-block-list\">\n<li>O design intuitivo permite que os usu\u00e1rios se familiarizem rapidamente com os controles. <\/li>\n<\/ul>\n<\/li>\n\n\n\n<li><strong>Compat\u00edvel com dispositivos m\u00f3veis<\/strong>\n<ul class=\"wp-block-list\">\n<li>Acess\u00edvel a partir de dispositivos m\u00f3veis, voc\u00ea pode visualizar e atualizar informa\u00e7\u00f5es em qualquer lugar. <\/li>\n<\/ul>\n<\/li>\n<\/ul>\n\n\n\n<hr class=\"wp-block-separator has-alpha-channel-opacity\" \/>\n\n\n\n<h3 class=\"wp-block-heading\">Pre\u00e7o<\/h3>\n\n\n\n<p><strong> O SuiteCRM \u00e9 um software de c\u00f3digo aberto, portanto, n\u00e3o h\u00e1 taxas de licenciamento<\/strong>. Oferecemos pacotes, incluindo os seguintes, a partir de <strong>\u00a518.000 por m\u00eas<\/strong>. <\/p>\n\n\n\n<ul class=\"wp-block-list\">\n<li>Instala\u00e7\u00e3o do Software e Configura\u00e7\u00e3o Inicial<\/li>\n\n\n\n<li>Fornecendo um Ambiente de Hospedagem Seguro<\/li>\n\n\n\n<li>Backups Regulares e Manuten\u00e7\u00e3o do Sistema<\/li>\n\n\n\n<li>Suporte ao Cliente e Assist\u00eancia T\u00e9cnica<\/li>\n<\/ul>\n\n\n\n<h3 class=\"wp-block-heading\">Taxas de Assinatura (SuiteCRM da Good Loop)<\/h3>\n\n\n\n<figure class=\"wp-block-table\"><table class=\"has-fixed-layout\"><thead><tr><th class=\"has-text-align-left\" data-align=\"left\">Plano<\/th><th class=\"has-text-align-center\" data-align=\"center\">Iniciante<\/th><th class=\"has-text-align-center\" data-align=\"center\">Neg\u00f3cios<\/th><th class=\"has-text-align-center\" data-align=\"center\">Premium<\/th><th class=\"has-text-align-center\" data-align=\"center\">Extra<\/th><\/tr><\/thead><tbody><tr><td class=\"has-text-align-left\" data-align=\"left\">Mensalidade<\/td><td class=\"has-text-align-center\" data-align=\"center\">\u00a518.000<\/td><td class=\"has-text-align-center\" data-align=\"center\">\u00a575.000<\/td><td class=\"has-text-align-center\" data-align=\"center\">\u00a598.000<\/td><td class=\"has-text-align-center\" data-align=\"center\">Consultas<\/td><\/tr><tr><td class=\"has-text-align-left\" data-align=\"left\">N\u00famero Total de Membros<\/td><td class=\"has-text-align-center\" data-align=\"center\">Ilimitado<\/td><td class=\"has-text-align-center\" data-align=\"center\">Ilimitado<\/td><td class=\"has-text-align-center\" data-align=\"center\">Ilimitado<\/td><td class=\"has-text-align-center\" data-align=\"center\">Ilimitado<\/td><\/tr><tr><td class=\"has-text-align-left\" data-align=\"left\">N\u00famero recomendado de membros para uma experi\u00eancia confort\u00e1vel usar<\/td><td class=\"has-text-align-center\" data-align=\"center\">10<\/td><td class=\"has-text-align-center\" data-align=\"center\">50<\/td><td class=\"has-text-align-center\" data-align=\"center\">150 Pessoas<\/td><td class=\"has-text-align-center\" data-align=\"center\">Ilimitado<\/td><\/tr><tr><td class=\"has-text-align-left\" data-align=\"left\">Estimativa de Armazenamento<\/td><td class=\"has-text-align-center\" data-align=\"center\">5 GB<\/td><td class=\"has-text-align-center\" data-align=\"center\">40 GB<\/td><td class=\"has-text-align-center\" data-align=\"center\">120 GB<\/td><td class=\"has-text-align-center\" data-align=\"center\">Ilimitado<\/td><\/tr><tr><td class=\"has-text-align-left\" data-align=\"left\">Backup de Instant\u00e2neos<\/td><td class=\"has-text-align-center\" data-align=\"center\">Semanal<\/td><td class=\"has-text-align-center\" data-align=\"center\">Di\u00e1rio<\/td><td class=\"has-text-align-center\" data-align=\"center\">Di\u00e1rio<\/td><td class=\"has-text-align-center\" data-align=\"center\">Di\u00e1rio<\/td><\/tr><\/tbody><\/table><figcaption class=\"wp-element-caption\"> (excluindo imposto sobre consumo)<\/figcaption><\/figure>\n\n\n\n<hr class=\"wp-block-separator has-alpha-channel-opacity\" \/>\n\n\n\n<h3 class=\"wp-block-heading\">Estudos de Caso<\/h3>\n\n\n\n<ul class=\"wp-block-list\">\n<li><strong>ABC Co., Ltd.<\/strong>\n<ul class=\"wp-block-list\">\n<li><strong>Desafio<\/strong>: Processo de vendas ineficiente e gerenciamento descentralizado das informa\u00e7\u00f5es do cliente. <\/li>\n\n\n\n<li><strong>Efeito<\/strong>: A implementa\u00e7\u00e3o do SuiteCRM melhorou a efici\u00eancia de vendas em 30% e a satisfa\u00e7\u00e3o do cliente. <\/li>\n<\/ul>\n<\/li>\n\n\n\n<li><strong>XYZ Corporation<\/strong>\n<ul class=\"wp-block-list\">\n<li><strong>Desafio<\/strong>: Altos custos de licen\u00e7a de CRM e personaliza\u00e7\u00e3o limitada. <\/li>\n\n\n\n<li><strong>Resultado<\/strong>: Ao migrar para o SuiteCRM, reduzimos os custos anuais em 50% e pudemos personalizar livremente os recursos de que precis\u00e1vamos. <\/li>\n<\/ul>\n<\/li>\n<\/ul>\n\n\n\n<hr class=\"wp-block-separator has-alpha-channel-opacity\" \/>\n\n\n\n<h3 class=\"wp-block-heading\">Compara\u00e7\u00e3o com o Salesforce (SFDC): Custo-Benef\u00edcios<\/h3>\n\n\n\n<ul class=\"wp-block-list\">\n<li><strong>Custos de Licen\u00e7a Significativamente Reduzidos<\/strong>\n<ul class=\"wp-block-list\">\n<li>CRMs comerciais como o Salesforce incorrem em altas taxas de licen\u00e7a, Mas o SuiteCRM est\u00e1 dispon\u00edvel gratuitamente. \n<ul class=\"wp-block-list\">\n<li>O plano mais barato do Salesforce custa \u00a5 3.000 por usu\u00e1rio por m\u00eas, com recursos adicionais cobrados.<\/li>\n<\/ul>\n<\/li>\n<\/ul>\n<\/li>\n\n\n\n<li><strong> Custo Total de Propriedade (TCO) Reduzido<\/strong>\n<ul class=\"wp-block-list\">\n<li> Voc\u00ea n\u00e3o s\u00f3 pode reduzir os custos de licenciamento, como tamb\u00e9m os custos operacionais de longo prazo. <\/li>\n<\/ul>\n<\/li>\n\n\n\n<li><strong>Reduza os custos de personaliza\u00e7\u00e3o<\/strong>\n<ul class=\"wp-block-list\">\n<li>Por ser de c\u00f3digo aberto, o custo de adicionar recursos e personaliza\u00e7\u00f5es \u00e9 minimizado. <\/li>\n<\/ul>\n<\/li>\n<\/ul>\n\n\n\n<hr class=\"wp-block-separator has-alpha-channel-opacity\" \/>\n\n\n\n<h3 class=\"wp-block-heading\">Versatilidade e confiabilidade por meio do desenvolvimento de longo prazo<\/h3>\n\n\n\n<ul class=\"wp-block-list\">\n<li><strong>Software maduro<\/strong>\n<ul class=\"wp-block-list\">\n<li>Anos de desenvolvimento e contribui\u00e7\u00f5es da comunidade resultaram em um conjunto de recursos rico e confi\u00e1vel. <\/li>\n<\/ul>\n<\/li>\n\n\n\n<li><strong>Atualiza\u00e7\u00f5es regulares<\/strong>\n<ul class=\"wp-block-list\">\n<li>Atualizado para acompanhar as \u00faltimas tend\u00eancias e tecnologias de neg\u00f3cios. <\/li>\n<\/ul>\n<\/li>\n\n\n\n<li><strong>Extensa Comunidade de Usu\u00e1rios<\/strong>\n<ul class=\"wp-block-list\">\n<li>Suportado por uma comunidade global de usu\u00e1rios e desenvolvedores. <\/li>\n<\/ul>\n<\/li>\n<\/ul>\n\n\n\n<hr class=\"wp-block-separator has-alpha-channel-opacity\" \/>\n\n\n\n<h3 class=\"wp-block-heading\"> Os Benef\u00edcios do C\u00f3digo Aberto: Propriedade de Dados<\/h3>\n\n\n\n<ul class=\"wp-block-list\">\n<li><strong> Controle Total dos Seus Dados<\/strong>\n<ul class=\"wp-block-list\">\n<li> Os dados s\u00e3o armazenados em nossos pr\u00f3prios servidores e n\u00e3o dependemos de terceiros. <\/li>\n<\/ul>\n<\/li>\n\n\n\n<li><strong>Garantindo seguran\u00e7a e privacidade<\/strong>\n<ul class=\"wp-block-list\">\n<li>O controle total sobre o manuseio de dados reduz o risco de vazamento de informa\u00e7\u00f5es. <\/li>\n<\/ul>\n<\/li>\n\n\n\n<li><strong> Personalize livremente para se adequar ao seu neg\u00f3cio<\/strong>\n<ul class=\"wp-block-list\">\n<li> O acesso ao c\u00f3digo-fonte facilita a adi\u00e7\u00e3o de recursos personalizados e a integra\u00e7\u00e3o com outros sistemas. <\/li>\n<\/ul>\n<\/li>\n<\/ul>\n\n\n\n<hr class=\"wp-block-separator has-alpha-channel-opacity\" \/>\n\n\n\n<p><strong> O SuiteCRM, com sua multifuncionalidade, confiabilidade e custo-benef\u00edcio, ajudar\u00e1 voc\u00ea a expandir seus neg\u00f3cios. N\u00e3o perca esta oportunidade! <\/strong><\/p>\n\n\n\n<p class=\"has-x-large-font-size\" style=\"line-height:1.2\">Entre em contato conosco aqui<\/p>\n\n\n\n<div class=\"wp-block-buttons is-layout-flex wp-block-buttons-is-layout-flex\">\n<div class=\"wp-block-button has-custom-font-size has-small-font-size\"><a class=\"wp-block-button__link wp-element-button\" href=\"https:\/\/docs.google.com\/forms\/d\/1JATPpeGfRXaemIpjUO1PbKltxmmkNDiiO8owNQoPJU4\/\" target=\"_blank\" rel=\"noreferrer noopener\">\nEntre em contato conosco <\/a><\/div>\n<\/div>\n","protected":false},"excerpt":{"rendered":"<p>Uma solu\u00e7\u00e3o de CRM de c\u00f3digo aberto com ampla funcionalidade, confiabilidade e custo-benef\u00edcio Oferecemos servi\u00e7os de instala\u00e7\u00e3o e hospedagem para a vers\u00e3o de c\u00f3digo aberto do SuiteCRM, oferecendo suporte avan\u00e7ado para a gest\u00e3o de relacionamento com o cliente (CRM) das empresas. O SuiteCRM \u00e9 um software de CRM de c\u00f3digo aberto aclamado mundialmente, com um [&hellip;]<\/p>\n","protected":false},"author":1,"featured_media":532,"parent":504,"menu_order":0,"comment_status":"closed","ping_status":"closed","template":"","meta":{"footnotes":""},"class_list":["post-531","page","type-page","status-publish","has-post-thumbnail","hentry"],"_links":{"self":[{"href":"https:\/\/good-loop.co.jp\/pt\/wp-json\/wp\/v2\/pages\/531","targetHints":{"allow":["GET"]}}],"collection":[{"href":"https:\/\/good-loop.co.jp\/pt\/wp-json\/wp\/v2\/pages"}],"about":[{"href":"https:\/\/good-loop.co.jp\/pt\/wp-json\/wp\/v2\/types\/page"}],"author":[{"embeddable":true,"href":"https:\/\/good-loop.co.jp\/pt\/wp-json\/wp\/v2\/users\/1"}],"replies":[{"embeddable":true,"href":"https:\/\/good-loop.co.jp\/pt\/wp-json\/wp\/v2\/comments?post=531"}],"version-history":[{"count":0,"href":"https:\/\/good-loop.co.jp\/pt\/wp-json\/wp\/v2\/pages\/531\/revisions"}],"up":[{"embeddable":true,"href":"https:\/\/good-loop.co.jp\/pt\/wp-json\/wp\/v2\/pages\/504"}],"wp:featuredmedia":[{"embeddable":true,"href":"https:\/\/good-loop.co.jp\/pt\/wp-json\/wp\/v2\/media\/532"}],"wp:attachment":[{"href":"https:\/\/good-loop.co.jp\/pt\/wp-json\/wp\/v2\/media?parent=531"}],"curies":[{"name":"wp","href":"https:\/\/api.w.org\/{rel}","templated":true}]}}