{"id":539,"date":"2024-09-29T19:12:26","date_gmt":"2024-09-29T10:12:26","guid":{"rendered":"https:\/\/good-loop.co.jp\/?page_id=539"},"modified":"2024-09-29T19:12:26","modified_gmt":"2024-09-29T10:12:26","slug":"o-mais-importante","status":"publish","type":"page","link":"https:\/\/good-loop.co.jp\/pt\/software\/o-mais-importante\/","title":{"rendered":"Implementa\u00e7\u00e3o, suporte operacional e consultoria Mattmost"},"content":{"rendered":"\n<h2 class=\"wp-block-heading\">Uma ferramenta de comunica\u00e7\u00e3o em equipe segura, personaliz\u00e1vel e de c\u00f3digo aberto<\/h2>\n\n\n\n<p>Oferecemos servi\u00e7os de instala\u00e7\u00e3o e hospedagem para a vers\u00e3o de c\u00f3digo aberto do Mattermost<\/strong> para aprimorar a comunica\u00e7\u00e3o e a colabora\u00e7\u00e3o organizacional. O Mattermost \u00e9 uma plataforma de bate-papo de c\u00f3digo aberto com seguran\u00e7a e flexibilidade de n\u00edvel empresarial, ajudando as equipes a aumentar a produtividade. <\/p>\n\n\n\n<hr class=\"wp-block-separator has-alpha-channel-opacity\" \/>\n\n\n\n<h3 class=\"wp-block-heading\">Principais recursos e fun\u00e7\u00f5es do Mattermost<\/h3>\n\n\n\n<ul class=\"wp-block-list\">\n<li><strong>Mensagens seguras<\/strong>\n<ul class=\"wp-block-list\">\n<li>Compartilhe informa\u00e7\u00f5es confidenciais com seguran\u00e7a com criptografia de ponta a ponta. <\/li>\n<\/ul>\n<\/li>\n\n\n\n<li><strong>Auto-hospedagem<\/strong>\n<ul class=\"wp-block-list\">\n<li>Aproveite os benef\u00edcios do c\u00f3digo aberto e gerencie totalmente seus dados em seus pr\u00f3prios servidores. <\/li>\n<\/ul>\n<\/li>\n\n\n\n<li><strong>Altamente personaliz\u00e1vel<\/strong>\n<ul class=\"wp-block-list\">\n<li>Amplie a funcionalidade para atender \u00e0s necessidades do seu neg\u00f3cio por meio de plugins e APIs. <\/li>\n<\/ul>\n<\/li>\n\n\n\n<li><strong>V\u00e1rias Integra\u00e7\u00f5es<\/strong>\n<ul class=\"wp-block-list\">\n<li>Integra\u00e7\u00e3o perfeita com outras ferramentas, incluindo Jira, GitLab e Jenkins. <\/li>\n<\/ul>\n<\/li>\n\n\n\n<li><strong>Suporte multiplataforma<\/strong>\n<ul class=\"wp-block-list\">\n<li>Acess\u00edvel em desktop, dispositivos m\u00f3veis e web. <\/li>\n<\/ul>\n<\/li>\n<\/ul>\n\n\n\n<hr class=\"wp-block-separator has-alpha-channel-opacity\" \/>\n\n\n\n<h3 class=\"wp-block-heading\">Pre\u00e7o<\/h3>\n\n\n\n<p><strong>O Mattermost \u00e9 um software de c\u00f3digo aberto, portanto, n\u00e3o h\u00e1 taxas de licenciamento<\/strong>. Nosso servi\u00e7o oferece pacotes que incluem o seguinte: <\/p>\n\n\n\n<hr class=\"wp-block-separator has-alpha-channel-opacity\" \/>\n\n\n\n<ul class=\"wp-block-list\">\n<li>Instala\u00e7\u00e3o e Configura\u00e7\u00e3o de Software<\/li>\n\n\n\n<li>Fornecimento de um Ambiente de Hospedagem Seguro<\/li>\n\n\n\n<li>Backups e Atualiza\u00e7\u00f5es Regulares<\/li>\n\n\n\n<li>Suporte T\u00e9cnico e Treinamento<\/li>\n<\/ul>\n\n\n\n<h3 class=\"wp-block-heading\">Taxas de Uso (Principalmente para Good Loop)<\/h3>\n\n\n\n<figure class=\"wp-block-table\"><table class=\"has-fixed-layout\"><thead><tr><th>Plano<\/th><th>Iniciante<\/th><th>Pro<\/th><th>Extra<\/th><\/tr><\/thead><tbody><tr><td>Taxa Mensal<\/td><td>\u00a51.000<\/td><td>\u00a598.000<\/td><td>Consultas<\/td><\/tr><tr><td>Inicial Taxa<\/td><td>\u00a510.000<\/td><td>\u00a520.000<\/td><td>Consultas<\/td><\/tr><tr><td>N\u00famero total de membros<\/td><td>Ilimitado<\/td><td>Ilimitado<\/td><td>Ilimitado<\/td><\/tr><tr><td>N\u00famero estimado de membros para conforto<\/td><td>50<\/td><td>500<\/td><td>Ilimitado<\/td><\/tr><tr><td>Armazenamento estimado<\/td><td>5 GB<\/td><td>120 GB<\/td><td>Ilimitado<\/td><\/tr><tr><td>Backup de instant\u00e2neos<\/td><td>Nenhum<\/td><td>Di\u00e1rio<\/td><td>Di\u00e1rio<\/td><\/tr><\/tbody><\/table><figcaption class=\"wp-element-caption\">(excluindo consumo imposto)<\/figcaption><\/figure>\n\n\n\n<h3 class=\"wp-block-heading\">Estudo de Caso<\/h3>\n\n\n\n<ul class=\"wp-block-list\">\n<li><strong>ABC Co., Ltd.<\/strong>\n<ul class=\"wp-block-list\">\n<li><strong>Desafio<\/strong>: A comunica\u00e7\u00e3o interna \u00e9 fragmentada, resultando em diminui\u00e7\u00e3o da produtividade. <\/li>\n\n\n\n<li><strong>Efeito<\/strong>: Implementa\u00e7\u00e3o do compartilhamento centralizado de informa\u00e7\u00f5es da Mattermost e melhoria do trabalho em equipe. <\/li>\n<\/ul>\n<\/li>\n\n\n\n<li><strong>XYZ Corporation<\/strong>\n<ul class=\"wp-block-list\">\n<li><strong>Desafio<\/strong>: Taxas de licen\u00e7a caras do Slack e personaliza\u00e7\u00e3o limitada. <\/li>\n\n\n\n<li><strong>Benef\u00edcios<\/strong>: Ao migrar para o Mattermost, reduzimos os custos anuais em 90% e conseguimos personalizar os recursos de que precis\u00e1vamos. <\/li>\n<\/ul>\n<\/li>\n<\/ul>\n\n\n\n<hr class=\"wp-block-separator has-alpha-channel-opacity\" \/>\n\n\n\n<h3 class=\"wp-block-heading\">Comparado ao Slack e outros servi\u00e7os: Custo-benef\u00edcio<\/h3>\n\n\n\n<ul class=\"wp-block-list\">\n<li><strong>Custos de licen\u00e7a reduzidos<\/strong>\n<ul class=\"wp-block-list\">\n<li>Comparado \u00e0s ferramentas de chat comerciais, n\u00e3o h\u00e1 cobran\u00e7a de taxas de licen\u00e7a, reduzindo significativamente os custos. <\/li>\n<\/ul>\n<\/li>\n\n\n\n<li><strong>Propriedade total dos dados<\/strong>\n<ul class=\"wp-block-list\">\n<li>Gerencie seus dados internamente para garantir privacidade e seguran\u00e7a. <\/li>\n<\/ul>\n<\/li>\n\n\n\n<li><strong>Personaliza\u00e7\u00e3o flex\u00edvel<\/strong>\n<ul class=\"wp-block-list\">\n<li>Personalize livremente a funcionalidade e a interface para se adequar aos seus processos de neg\u00f3cios. <\/li>\n<\/ul>\n<\/li>\n<\/ul>\n\n\n\n<hr class=\"wp-block-separator has-alpha-channel-opacity\" \/>\n\n\n\n<h3 class=\"wp-block-heading\">Versatilidade e confiabilidade por meio do desenvolvimento de longo prazo<\/h3>\n\n\n\n<ul class=\"wp-block-list\">\n<li><strong>Plataforma madura<\/strong>\n<ul class=\"wp-block-list\">\n<li>Alta confiabilidade gra\u00e7as ao desenvolvimento cont\u00ednuo e ao suporte da comunidade. <\/li>\n<\/ul>\n<\/li>\n\n\n\n<li><strong>Atualiza\u00e7\u00f5es regulares<\/strong>\n<ul class=\"wp-block-list\">\n<li>Novos recursos e melhorias de seguran\u00e7a s\u00e3o adicionados continuamente. <\/li>\n<\/ul>\n<\/li>\n\n\n\n<li><strong>Comunidade Ativa<\/strong>\n<ul class=\"wp-block-list\">\n<li>Usu\u00e1rios e desenvolvedores do mundo todo compartilham informa\u00e7\u00f5es e se apoiam mutuamente. <\/li>\n<\/ul>\n<\/li>\n<\/ul>\n\n\n\n<hr class=\"wp-block-separator has-alpha-channel-opacity\" \/>\n\n\n\n<h3 class=\"wp-block-heading\"> Benef\u00edcios do C\u00f3digo Aberto: Propriedade de Dados<\/h3>\n\n\n\n<ul class=\"wp-block-list\">\n<li><strong> Controle de Dados<\/strong>\n<ul class=\"wp-block-list\">\n<li> Armazene dados em seus pr\u00f3prios servidores, eliminando a depend\u00eancia de terceiros. <\/li>\n<\/ul>\n<\/li>\n\n\n\n<li><strong>Seguran\u00e7a e Conformidade<\/strong>\n<ul class=\"wp-block-list\">\n<li>A opera\u00e7\u00e3o pode ser adaptada \u00e0s pol\u00edticas de seguran\u00e7a da sua empresa. <\/li>\n<\/ul>\n<\/li>\n\n\n\n<li><strong>Extensibilidade e Integra\u00e7\u00e3o<\/strong>\n<ul class=\"wp-block-list\">\n<li>O acesso ao c\u00f3digo-fonte facilita a adi\u00e7\u00e3o de recursos personalizados e a integra\u00e7\u00e3o com outros sistemas. <\/li>\n<\/ul>\n<\/li>\n<\/ul>\n\n\n\n<hr class=\"wp-block-separator has-alpha-channel-opacity\" \/>\n\n\n\n<p><strong>O Mattermost permite uma comunica\u00e7\u00e3o segura e eficiente em equipe. Considere isso. <\/strong><\/p>\n\n\n\n<p class=\"has-x-large-font-size\" style=\"line-height:1.2\">Entre em contato conosco aqui<\/p>\n\n\n\n<div class=\"wp-block-buttons is-layout-flex wp-block-buttons-is-layout-flex\">\n<div class=\"wp-block-button has-custom-font-size has-small-font-size\"><a class=\"wp-block-button__link wp-element-button\" href=\"https:\/\/docs.google.com\/forms\/d\/1JATPpeGfRXaemIpjUO1PbKltxmmkNDiiO8owNQoPJU4\/\" target=\"_blank\" rel=\"noreferrer noopener\">\nEntre em contato conosco <\/a><\/div>\n<\/div>\n","protected":false},"excerpt":{"rendered":"<p>Uma ferramenta de comunica\u00e7\u00e3o em equipe segura, personaliz\u00e1vel e de c\u00f3digo aberto Oferecemos servi\u00e7os de instala\u00e7\u00e3o e hospedagem para a vers\u00e3o de c\u00f3digo aberto do Mattermost para aprimorar a comunica\u00e7\u00e3o e a colabora\u00e7\u00e3o organizacional. O Mattermost \u00e9 uma plataforma de bate-papo de c\u00f3digo aberto com seguran\u00e7a e flexibilidade de n\u00edvel empresarial, ajudando as equipes a [&hellip;]<\/p>\n","protected":false},"author":1,"featured_media":540,"parent":504,"menu_order":0,"comment_status":"closed","ping_status":"closed","template":"","meta":{"footnotes":""},"class_list":["post-539","page","type-page","status-publish","has-post-thumbnail","hentry"],"_links":{"self":[{"href":"https:\/\/good-loop.co.jp\/pt\/wp-json\/wp\/v2\/pages\/539","targetHints":{"allow":["GET"]}}],"collection":[{"href":"https:\/\/good-loop.co.jp\/pt\/wp-json\/wp\/v2\/pages"}],"about":[{"href":"https:\/\/good-loop.co.jp\/pt\/wp-json\/wp\/v2\/types\/page"}],"author":[{"embeddable":true,"href":"https:\/\/good-loop.co.jp\/pt\/wp-json\/wp\/v2\/users\/1"}],"replies":[{"embeddable":true,"href":"https:\/\/good-loop.co.jp\/pt\/wp-json\/wp\/v2\/comments?post=539"}],"version-history":[{"count":0,"href":"https:\/\/good-loop.co.jp\/pt\/wp-json\/wp\/v2\/pages\/539\/revisions"}],"up":[{"embeddable":true,"href":"https:\/\/good-loop.co.jp\/pt\/wp-json\/wp\/v2\/pages\/504"}],"wp:featuredmedia":[{"embeddable":true,"href":"https:\/\/good-loop.co.jp\/pt\/wp-json\/wp\/v2\/media\/540"}],"wp:attachment":[{"href":"https:\/\/good-loop.co.jp\/pt\/wp-json\/wp\/v2\/media?parent=539"}],"curies":[{"name":"wp","href":"https:\/\/api.w.org\/{rel}","templated":true}]}}