{"id":542,"date":"2024-09-29T19:32:19","date_gmt":"2024-09-29T10:32:19","guid":{"rendered":"https:\/\/good-loop.co.jp\/?page_id=542"},"modified":"2024-09-29T19:32:19","modified_gmt":"2024-09-29T10:32:19","slug":"projeto-aberto","status":"publish","type":"page","link":"https:\/\/good-loop.co.jp\/pt\/software\/projeto-aberto\/","title":{"rendered":"Implementa\u00e7\u00e3o, suporte operacional e consultoria do OpenProject"},"content":{"rendered":"\n<h2 class=\"wp-block-heading\"><strong>Solu\u00e7\u00f5es de c\u00f3digo aberto revolucionando o gerenciamento de projetos <\/h2>\n\n\n\n<hr class=\"wp-block-separator has-alpha-channel-opacity\" \/>\n\n\n\n<p>Oferecemos servi\u00e7os de instala\u00e7\u00e3o e hospedagem para a vers\u00e3o de c\u00f3digo aberto do <strong>OpenProject<\/strong> para ajudar a otimizar o gerenciamento de projetos. O OpenProject \u00e9 uma ferramenta de gerenciamento de projetos de c\u00f3digo aberto confi\u00e1vel e rica em recursos que promove a colabora\u00e7\u00e3o em equipe. <\/p>\n\n\n\n<hr class=\"wp-block-separator has-alpha-channel-opacity\" \/>\n\n\n\n<h3 class=\"wp-block-heading\">Principais Recursos e Fun\u00e7\u00f5es do OpenProject<\/h3>\n\n\n\n<ul class=\"wp-block-list\">\n<li><strong>Gerenciamento de Tarefas e Gr\u00e1fico de Gantt<\/strong>\n<ul class=\"wp-block-list\">\n<li>Visualize o progresso do projeto e simplifique o gerenciamento do cronograma. <\/li>\n<\/ul>\n<\/li>\n\n\n\n<li><strong>Suporte \u00c1gil e Scrum<\/strong>\n<ul class=\"wp-block-list\">\n<li>Suporte ao desenvolvimento \u00e1gil com quadros Kanban e gerenciamento de backlog. <\/li>\n<\/ul>\n<\/li>\n\n\n\n<li><strong>Acompanhamento de Tempo<\/strong>\n<ul class=\"wp-block-list\">\n<li>Registre com precis\u00e3o o tempo de trabalho e otimize a aloca\u00e7\u00e3o de recursos. <\/li>\n<\/ul>\n<\/li>\n\n\n\n<li><strong>Gerenciamento de Documentos<\/strong>\n<ul class=\"wp-block-list\">\n<li> Centralize documentos relacionados ao projeto e compartilhe-os com sua equipe. <\/li>\n<\/ul>\n<\/li>\n\n\n\n<li><strong>Relat\u00f3rios Personalizados<\/strong>\n<ul class=\"wp-block-list\">\n<li>Analise os resultados do projeto e apoie a tomada de decis\u00f5es. <\/li>\n<\/ul>\n<\/li>\n<\/ul>\n\n\n\n<hr class=\"wp-block-separator has-alpha-channel-opacity\" \/>\n\n\n\n<h3 class=\"wp-block-heading\">Pre\u00e7o<\/h3>\n\n\n\n<p><strong>O OpenProject \u00e9 um software de c\u00f3digo aberto, portanto, n\u00e3o h\u00e1 taxas de licenciamento<\/strong>. Nosso servi\u00e7o oferece pacotes, incluindo os seguintes, a partir de <strong>\u00a5XX por m\u00eas<\/strong>. <\/p>\n\n\n\n<ul class=\"wp-block-list\">\n<li> Configura\u00e7\u00e3o e Otimiza\u00e7\u00e3o de Software<\/li>\n\n\n\n<li> Fornecendo um Ambiente de Hospedagem Seguro<\/li>\n\n\n\n<li> Manuten\u00e7\u00e3o e Atualiza\u00e7\u00f5es Regulares<\/li>\n\n\n\n<li> Treinamento e Suporte de Integra\u00e7\u00e3o<\/li>\n<\/ul>\n\n\n\n<h3 class=\"wp-block-heading\"> Uso Taxas (OpenProject por Good Loop)<\/h3>\n\n\n\n<figure class=\"wp-block-table\"><table class=\"has-fixed-layout\"><thead><tr><th class=\"has-text-align-left\" data-align=\"left\">Plano<\/th><th class=\"has-text-align-center\" data-align=\"center\">B\u00e1sico<\/th><th class=\"has-text-align-center\" data-align=\"center\">Pro<\/th><th class=\"has-text-align-center\" data-align=\"center\">Extra<\/th><\/tr><\/thead><tbody><tr><td class=\"has-text-align-left\" data-align=\"left\">Taxa Mensal<br>(1 usu\u00e1rio)<\/td><td class=\"has-text-align-center\" data-align=\"center\">\u00a51.000<\/td><td class=\"has-text-align-center\" data-align=\"center\">\u00a51.500<\/td><td class=\"has-text-align-center\" data-align=\"center\">Fale Conosco<\/td><\/tr><tr><td class=\"has-text-align-left\" data-align=\"left\">Estimativa de Armazenamento<\/td><td class=\"has-text-align-center\" data-align=\"center\">5 GB<\/td><td class=\"has-text-align-center\" data-align=\"center\">40 GB<\/td><td class=\"has-text-align-center\" data-align=\"center\">Ilimitado<\/td><\/tr><tr><td class=\"has-text-align-left\" data-align=\"left\">Snapshots Backup<\/td><td class=\"has-text-align-center\" data-align=\"center\">Semanal<\/td><td class=\"has-text-align-center\" data-align=\"center\">Di\u00e1rio<\/td><td class=\"has-text-align-center\" data-align=\"center\">Di\u00e1rio<\/td><\/tr><tr><td class=\"has-text-align-left\" data-align=\"left\">Complemento<\/td><td class=\"has-text-align-center\" data-align=\"center\">Nenhum<\/td><td class=\"has-text-align-center\" data-align=\"center\">Fale Conosco<\/td><td class=\"has-text-align-center\" data-align=\"center\">Fale Conosco<\/td><\/tr><\/tbody><\/table><figcaption class=\"wp-element-caption\"> (excluindo imposto sobre consumo)<\/figcaption><\/figure>\n\n\n\n<hr class=\"wp-block-separator has-alpha-channel-opacity\" \/>\n\n\n\n<h3 class=\"wp-block-heading\">Estudos de Caso<\/h3>\n\n\n\n<ul class=\"wp-block-list\">\n<li><strong>DEF Inc.<\/strong>\n<ul class=\"wp-block-list\">\n<li><strong>Desafio<\/strong>: As informa\u00e7\u00f5es do projeto s\u00e3o dispersas e dif\u00edceis de gerenciar. <\/li>\n\n\n\n<li><strong>Efeito<\/strong>: O OpenProject centraliza as informa\u00e7\u00f5es e melhora as taxas de sucesso do projeto. <\/li>\n<\/ul>\n<\/li>\n\n\n\n<li><strong>LMN Enterprise<\/strong>\n<ul class=\"wp-block-list\">\n<li><strong>Desafio<\/strong>: Reduzir o custo de ferramentas caras de gerenciamento de projetos. <\/li>\n\n\n\n<li><strong>Efeito<\/strong>: A migra\u00e7\u00e3o para c\u00f3digo aberto reduziu os custos em 80% e otimizou a funcionalidade. <\/li>\n<\/ul>\n<\/li>\n<\/ul>\n\n\n\n<hr class=\"wp-block-separator has-alpha-channel-opacity\" \/>\n\n\n\n<h3 class=\"wp-block-heading\">Comparado ao Microsoft Project e outras ferramentas: Custo-benef\u00edcio<\/h3>\n\n\n\n<ul class=\"wp-block-list\">\n<li><strong>Custos de licen\u00e7a reduzidos<\/strong>\n<ul class=\"wp-block-list\">\n<li>Comparado \u00e0s ferramentas comerciais, n\u00e3o h\u00e1 cobran\u00e7a de taxas de licen\u00e7a, reduzindo os custos operacionais. \n<ul class=\"wp-block-list\">\n<li>Microsoft Project, Atlassian Jira, Asana, etc., cobram altas taxas de licen\u00e7a e assinatura.<\/li>\n<\/ul>\n<\/li>\n<\/ul>\n<\/li>\n\n\n\n<li><strong>Personaliza\u00e7\u00e3o<\/strong>\n<ul class=\"wp-block-list\">\n<li>Por ser de c\u00f3digo aberto, ele pode ser personalizado para se adequar a processos de neg\u00f3cios espec\u00edficos. <\/li>\n<\/ul>\n<\/li>\n\n\n\n<li><strong>Propriedade dos Dados<\/strong>\n<ul class=\"wp-block-list\">\n<li>Gerencie os dados do seu projeto internamente para maior seguran\u00e7a. <\/li>\n<\/ul>\n<\/li>\n<\/ul>\n\n\n\n<hr class=\"wp-block-separator has-alpha-channel-opacity\" \/>\n\n\n\n<h3 class=\"wp-block-heading\">Versatilidade e confiabilidade por meio do desenvolvimento de longo prazo<\/h3>\n\n\n\n<ul class=\"wp-block-list\">\n<li><strong>Plataforma est\u00e1vel<\/strong>\n<ul class=\"wp-block-list\">\n<li>O desenvolvimento cont\u00ednuo acompanha os m\u00e9todos mais recentes de gerenciamento de projetos. <\/li>\n<\/ul>\n<\/li>\n\n\n\n<li><strong>Suporte da Comunidade<\/strong>\n<ul class=\"wp-block-list\">\n<li>Uma comunidade de usu\u00e1rios ativa para compartilhar informa\u00e7\u00f5es e resolver problemas. <\/li>\n<\/ul>\n<\/li>\n<\/ul>\n\n\n\n<hr class=\"wp-block-separator has-alpha-channel-opacity\" \/>\n\n\n\n<h3 class=\"wp-block-heading\"> Os Benef\u00edcios do C\u00f3digo Aberto: Propriedade de Dados<\/h3>\n\n\n\n<ul class=\"wp-block-list\">\n<li><strong> Controle Completo de Dados<\/strong>\n<ul class=\"wp-block-list\">\n<li> Voc\u00ea controla onde seus dados s\u00e3o armazenados e quem tem acesso a eles. <\/li>\n<\/ul>\n<\/li>\n\n\n\n<li><strong>Seguran\u00e7a e Privacidade<\/strong>\n<ul class=\"wp-block-list\">\n<li>Gerenciamento de dados de acordo com as normas e regulamentos internos. <\/li>\n<\/ul>\n<\/li>\n\n\n\n<li><strong>Integra\u00e7\u00e3o e Extensibilidade<\/strong>\n<ul class=\"wp-block-list\">\n<li>F\u00e1cil integra\u00e7\u00e3o com outros sistemas e ferramentas. <\/li>\n<\/ul>\n<\/li>\n<\/ul>\n\n\n\n<hr class=\"wp-block-separator has-alpha-channel-opacity\" \/>\n\n\n\n<p><strong>Fortale\u00e7a a gest\u00e3o de seus projetos e impulsione o sucesso do seu neg\u00f3cio com o OpenProject. Considere isso. <\/strong><\/p>\n\n\n\n<p class=\"has-x-large-font-size\" style=\"line-height:1.2\">Entre em contato conosco aqui<\/p>\n\n\n\n<div class=\"wp-block-buttons is-layout-flex wp-block-buttons-is-layout-flex\">\n<div class=\"wp-block-button has-custom-font-size has-small-font-size\"><a class=\"wp-block-button__link wp-element-button\" href=\"https:\/\/docs.google.com\/forms\/d\/1JATPpeGfRXaemIpjUO1PbKltxmmkNDiiO8owNQoPJU4\/\" target=\"_blank\" rel=\"noreferrer noopener\">\nEntre em contato conosco <\/a><\/div>\n<\/div>\n","protected":false},"excerpt":{"rendered":"<p>Solu\u00e7\u00f5es de c\u00f3digo aberto revolucionando o gerenciamento de projetos Oferecemos servi\u00e7os de instala\u00e7\u00e3o e hospedagem para a vers\u00e3o de c\u00f3digo aberto do OpenProject para ajudar a otimizar o gerenciamento de projetos. O OpenProject \u00e9 uma ferramenta de gerenciamento de projetos de c\u00f3digo aberto confi\u00e1vel e rica em recursos que promove a colabora\u00e7\u00e3o em equipe. Principais [&hellip;]<\/p>\n","protected":false},"author":1,"featured_media":543,"parent":504,"menu_order":0,"comment_status":"closed","ping_status":"closed","template":"","meta":{"footnotes":""},"class_list":["post-542","page","type-page","status-publish","has-post-thumbnail","hentry"],"_links":{"self":[{"href":"https:\/\/good-loop.co.jp\/pt\/wp-json\/wp\/v2\/pages\/542","targetHints":{"allow":["GET"]}}],"collection":[{"href":"https:\/\/good-loop.co.jp\/pt\/wp-json\/wp\/v2\/pages"}],"about":[{"href":"https:\/\/good-loop.co.jp\/pt\/wp-json\/wp\/v2\/types\/page"}],"author":[{"embeddable":true,"href":"https:\/\/good-loop.co.jp\/pt\/wp-json\/wp\/v2\/users\/1"}],"replies":[{"embeddable":true,"href":"https:\/\/good-loop.co.jp\/pt\/wp-json\/wp\/v2\/comments?post=542"}],"version-history":[{"count":0,"href":"https:\/\/good-loop.co.jp\/pt\/wp-json\/wp\/v2\/pages\/542\/revisions"}],"up":[{"embeddable":true,"href":"https:\/\/good-loop.co.jp\/pt\/wp-json\/wp\/v2\/pages\/504"}],"wp:featuredmedia":[{"embeddable":true,"href":"https:\/\/good-loop.co.jp\/pt\/wp-json\/wp\/v2\/media\/543"}],"wp:attachment":[{"href":"https:\/\/good-loop.co.jp\/pt\/wp-json\/wp\/v2\/media?parent=542"}],"curies":[{"name":"wp","href":"https:\/\/api.w.org\/{rel}","templated":true}]}}