{"id":546,"date":"2024-09-29T20:00:00","date_gmt":"2024-09-29T11:00:00","guid":{"rendered":"https:\/\/good-loop.co.jp\/?page_id=546"},"modified":"2024-09-29T20:00:00","modified_gmt":"2024-09-29T11:00:00","slug":"proxima-nuvem","status":"publish","type":"page","link":"https:\/\/good-loop.co.jp\/pt\/software\/proxima-nuvem\/","title":{"rendered":"Implementa\u00e7\u00e3o, suporte operacional e consultoria do NextCloud"},"content":{"rendered":"\n<h2 class=\"wp-block-heading\"><strong>Solu\u00e7\u00e3o de armazenamento em nuvem de c\u00f3digo aberto, segura e flex\u00edvel<\/h2>\n\n\n\n<hr class=\"wp-block-separator has-alpha-channel-opacity\" \/>\n\n\n\n<p>Oferecemos servi\u00e7os de instala\u00e7\u00e3o e hospedagem para a vers\u00e3o de c\u00f3digo aberto do <strong>Nextcloud<\/strong>, permitindo o gerenciamento seguro de dados e a colabora\u00e7\u00e3o. O Nextcloud \u00e9 uma plataforma de armazenamento em nuvem que voc\u00ea pode executar em seus pr\u00f3prios servidores, garantindo privacidade e seguran\u00e7a. <\/p>\n\n\n\n<hr class=\"wp-block-separator has-alpha-channel-opacity\" \/>\n\n\n\n<h3 class=\"wp-block-heading\">Principais recursos e fun\u00e7\u00f5es do Nextcloud<\/h3>\n\n\n\n<ul class=\"wp-block-list\">\n<li><strong>Compartilhamento e sincroniza\u00e7\u00e3o de arquivos<\/strong>\n<ul class=\"wp-block-list\">\n<li>Sincroniza\u00e7\u00e3o e compartilhamento de arquivos perfeitos entre dispositivos. <\/li>\n<\/ul>\n<\/li>\n\n\n\n<li><strong>Colabora\u00e7\u00e3o em Documentos<\/strong>\n<ul class=\"wp-block-list\">\n<li>Aumente a produtividade da equipe com colabora\u00e7\u00e3o em tempo real. <\/li>\n<\/ul>\n<\/li>\n\n\n\n<li><strong>Calend\u00e1rio e Contatos<\/strong>\n<ul class=\"wp-block-list\">\n<li>Gerencie sua agenda e contatos em um s\u00f3 lugar. <\/li>\n<\/ul>\n<\/li>\n\n\n\n<li><strong>Videoconfer\u00eancia e bate-papo<\/strong>\n<ul class=\"wp-block-list\">\n<li>Trabalho em equipe tranquilo com ferramentas de comunica\u00e7\u00e3o integradas. <\/li>\n<\/ul>\n<\/li>\n\n\n\n<li><strong>Extensibilidade do aplicativo<\/strong>\n<ul class=\"wp-block-list\">\n<li>Adicione funcionalidades e personalize diversos aplicativos para atender \u00e0s suas necessidades. <\/li>\n<\/ul>\n<\/li>\n<\/ul>\n\n\n\n<hr class=\"wp-block-separator has-alpha-channel-opacity\" \/>\n\n\n\n<h3 class=\"wp-block-heading\">Pre\u00e7o<\/h3>\n\n\n\n<p><strong>O Nextcloud \u00e9 um software de c\u00f3digo aberto, portanto, n\u00e3o h\u00e1 taxas de licenciamento<\/strong>. Nosso servi\u00e7o oferece pacotes que incluem o seguinte. Personalizamos o plano que melhor atende \u00e0s suas necessidades, oferecendo pre\u00e7os competitivos. <\/p>\n\n\n\n<ul class=\"wp-block-list\">\n<li>Instala\u00e7\u00e3o e Configura\u00e7\u00e3o do Sistema<\/li>\n\n\n\n<li>Fornecendo um Ambiente de Hospedagem Seguro<\/li>\n\n\n\n<li>Atualiza\u00e7\u00f5es Regulares e Medidas de Seguran\u00e7a<\/li>\n\n\n\n<li>Suporte ao Usu\u00e1rio e Assist\u00eancia T\u00e9cnica<\/li>\n<\/ul>\n\n\n\n<hr class=\"wp-block-separator has-alpha-channel-opacity\" \/>\n\n\n\n<h3 class=\"wp-block-heading\">Estudo de Caso<\/h3>\n\n\n\n<ul class=\"wp-block-list\">\n<li><strong>GHI Co., Ltd.<\/strong>\n<ul class=\"wp-block-list\">\n<li><strong>Desafio<\/strong>: Custos de armazenamento em nuvem e riscos de seguran\u00e7a. <\/li>\n\n\n\n<li><strong>Benef\u00edcio<\/strong>: A implementa\u00e7\u00e3o do Nextcloud reduziu custos e fortaleceu a seguran\u00e7a dos dados. <\/li>\n<\/ul>\n<\/li>\n\n\n\n<li><strong>OPQ Solutions<\/strong>\n<ul class=\"wp-block-list\">\n<li><strong>Desafio<\/strong>: Compartilhamento eficiente de arquivos durante o trabalho remoto. <\/li>\n\n\n\n<li><strong>Efeito<\/strong>: O Nextcloud facilita a colabora\u00e7\u00e3o fluida entre equipes. <\/li>\n<\/ul>\n<\/li>\n<\/ul>\n\n\n\n<hr class=\"wp-block-separator has-alpha-channel-opacity\" \/>\n\n\n\n<h3 class=\"wp-block-heading\">Comparado ao Dropbox, Google Drive e Box: Custo-benef\u00edcio<\/h3>\n\n\n\n<ul class=\"wp-block-list\">\n<li><strong>Custos de Licen\u00e7a Reduzidos<\/strong>\n<ul class=\"wp-block-list\">\n<li>Custos operacionais significativamente reduzidos em compara\u00e7\u00e3o com servi\u00e7os de nuvem comerciais. <\/li>\n<\/ul>\n<\/li>\n\n\n\n<li><strong>Propriedade total dos dados<\/strong>\n<ul class=\"wp-block-list\">\n<li>Gerencie seus dados internamente e cumpra os padr\u00f5es de privacidade e conformidade. <\/li>\n<\/ul>\n<\/li>\n\n\n\n<li><strong>Personaliza\u00e7\u00e3o e Integra\u00e7\u00e3o<\/strong>\n<ul class=\"wp-block-list\">\n<li>O c\u00f3digo aberto permite funcionalidades personalizadas e integra\u00e7\u00e3o de sistemas. <\/li>\n<\/ul>\n<\/li>\n<\/ul>\n\n\n\n<hr class=\"wp-block-separator has-alpha-channel-opacity\" \/>\n\n\n\n<h3 class=\"wp-block-heading\"> Versatilidade e confiabilidade por meio do desenvolvimento de longo prazo<\/h3>\n\n\n\n<ul class=\"wp-block-list\">\n<li><strong> Plataforma confi\u00e1vel<\/strong>\n<ul class=\"wp-block-list\">\n<li> Atualiza\u00e7\u00f5es cont\u00ednuas fornecem os recursos e a seguran\u00e7a mais recentes. <\/li>\n<\/ul>\n<\/li>\n\n\n\n<li><strong>Comunidade Ativa<\/strong>\n<ul class=\"wp-block-list\">\n<li>Usu\u00e1rios do mundo todo compartilham uma riqueza de conhecimento e suporte. <\/li>\n<\/ul>\n<\/li>\n<\/ul>\n\n\n\n<hr class=\"wp-block-separator has-alpha-channel-opacity\" \/>\n\n\n\n<h3 class=\"wp-block-heading\"> Benef\u00edcios do C\u00f3digo Aberto: Propriedade de Dados<\/h3>\n\n\n\n<ul class=\"wp-block-list\">\n<li><strong> Prote\u00e7\u00e3o de Privacidade<\/strong>\n<ul class=\"wp-block-list\">\n<li> Minimize o risco de vazamentos de dados. <\/li>\n<\/ul>\n<\/li>\n\n\n\n<li><strong>Conformidade Legal<\/strong>\n<ul class=\"wp-block-list\">\n<li>Operar em conformidade com as leis de prote\u00e7\u00e3o de dados de cada pa\u00eds. <\/li>\n<\/ul>\n<\/li>\n\n\n\n<li><strong>Adapte-se \u00e0s Necessidades do Neg\u00f3cio<\/strong>\n<ul class=\"wp-block-list\">\n<li>Otimize o sistema para atender \u00e0s suas necessidades espec\u00edficas. <\/li>\n<\/ul>\n<\/li>\n<\/ul>\n\n\n\n<p><strong>O Nextcloud permite um gerenciamento de dados seguro e eficiente e expande as possibilidades de neg\u00f3cios. Considere isso. <\/strong><\/p>\n\n\n\n<p class=\"has-x-large-font-size\" style=\"line-height:1.2\">Entre em contato conosco aqui<\/p>\n\n\n\n<div class=\"wp-block-buttons is-layout-flex wp-block-buttons-is-layout-flex\">\n<div class=\"wp-block-button has-custom-font-size has-small-font-size\"><a class=\"wp-block-button__link wp-element-button\" href=\"https:\/\/docs.google.com\/forms\/d\/1JATPpeGfRXaemIpjUO1PbKltxmmkNDiiO8owNQoPJU4\/\" target=\"_blank\" rel=\"noreferrer noopener\">\nEntre em contato conosco <\/a><\/div>\n<\/div>\n","protected":false},"excerpt":{"rendered":"<p>Solu\u00e7\u00e3o de armazenamento em nuvem de c\u00f3digo aberto, segura e flex\u00edvel Oferecemos servi\u00e7os de instala\u00e7\u00e3o e hospedagem para a vers\u00e3o de c\u00f3digo aberto do Nextcloud, permitindo o gerenciamento seguro de dados e a colabora\u00e7\u00e3o. O Nextcloud \u00e9 uma plataforma de armazenamento em nuvem que voc\u00ea pode executar em seus pr\u00f3prios servidores, garantindo privacidade e seguran\u00e7a. [&hellip;]<\/p>\n","protected":false},"author":1,"featured_media":547,"parent":504,"menu_order":0,"comment_status":"closed","ping_status":"closed","template":"","meta":{"footnotes":""},"class_list":["post-546","page","type-page","status-publish","has-post-thumbnail","hentry"],"_links":{"self":[{"href":"https:\/\/good-loop.co.jp\/pt\/wp-json\/wp\/v2\/pages\/546","targetHints":{"allow":["GET"]}}],"collection":[{"href":"https:\/\/good-loop.co.jp\/pt\/wp-json\/wp\/v2\/pages"}],"about":[{"href":"https:\/\/good-loop.co.jp\/pt\/wp-json\/wp\/v2\/types\/page"}],"author":[{"embeddable":true,"href":"https:\/\/good-loop.co.jp\/pt\/wp-json\/wp\/v2\/users\/1"}],"replies":[{"embeddable":true,"href":"https:\/\/good-loop.co.jp\/pt\/wp-json\/wp\/v2\/comments?post=546"}],"version-history":[{"count":0,"href":"https:\/\/good-loop.co.jp\/pt\/wp-json\/wp\/v2\/pages\/546\/revisions"}],"up":[{"embeddable":true,"href":"https:\/\/good-loop.co.jp\/pt\/wp-json\/wp\/v2\/pages\/504"}],"wp:featuredmedia":[{"embeddable":true,"href":"https:\/\/good-loop.co.jp\/pt\/wp-json\/wp\/v2\/media\/547"}],"wp:attachment":[{"href":"https:\/\/good-loop.co.jp\/pt\/wp-json\/wp\/v2\/media?parent=546"}],"curies":[{"name":"wp","href":"https:\/\/api.w.org\/{rel}","templated":true}]}}