{"id":573,"date":"2025-03-08T12:41:02","date_gmt":"2025-03-08T03:41:02","guid":{"rendered":"https:\/\/good-loop.co.jp\/?page_id=573"},"modified":"2025-03-08T12:41:02","modified_gmt":"2025-03-08T03:41:02","slug":"construcao-leilao-consignacao","status":"publish","type":"page","link":"https:\/\/good-loop.co.jp\/pt\/leilao-consignacao\/construcao-leilao-consignacao\/","title":{"rendered":"Agente de leil\u00f5es de m\u00e1quinas usadas"},"content":{"rendered":"\n<h2 class=\"wp-block-heading\">Servi\u00e7o de ag\u00eancia de leil\u00f5es de equipamentos pesados \u200b\u200be de constru\u00e7\u00e3o usados \u200b\u200bseguro e confi\u00e1vel<\/h2>\n\n\n\n<p>Al\u00e9m do nosso servi\u00e7o de ag\u00eancia de leil\u00f5es de carros usados, lan\u00e7amos um novo servi\u00e7o de ag\u00eancia de leil\u00f5es para equipamentos pesados \u200b\u200be de constru\u00e7\u00e3o usados<\/strong>. <\/p>\n\n\n\n<h3 class=\"wp-block-heading\"><strong>Voc\u00ea tem alguma dessas preocupa\u00e7\u00f5es? <\/strong><\/h3>\n\n\n\n<ul class=\"wp-block-list\">\n<li>Quero vender meus equipamentos pesados \u200b\u200be de constru\u00e7\u00e3o por um pre\u00e7o alto, mas n\u00e3o sei qual \u00e9 o melhor lugar para vend\u00ea-los. <\/li>\n\n\n\n<li>N\u00e3o conhe\u00e7o um local de leil\u00e3o confi\u00e1vel. <\/li>\n\n\n\n<li>O processo de participa\u00e7\u00e3o direta em um leil\u00e3o \u00e9 complicado e tedioso. <\/li>\n\n\n\n<li>N\u00e3o sei o pre\u00e7o de mercado e estou preocupado em conseguir um acordo justo. <\/li>\n<\/ul>\n\n\n\n<p>Nosso servi\u00e7o de proxy pode resolver todos esses problemas! <\/p>\n\n\n\n<hr class=\"wp-block-separator has-alpha-channel-opacity\" \/>\n\n\n\n<h2 class=\"wp-block-heading\"><strong>Recursos do Servi\u00e7o<\/strong><\/h2>\n\n\n\n<h3 class=\"wp-block-heading\"><strong>1. Ampla Rede de Leil\u00f5es<\/strong><\/h3>\n\n\n\n<p>Temos parcerias com os principais sites de leil\u00f5es de equipamentos pesados \u200b\u200be de constru\u00e7\u00e3o usados \u200b\u200bno Jap\u00e3o (Arai Auction, SOGO Auction, THI AssetLine, JEN Auction, etc.) para recomendar o local de leil\u00e3o ideal para nossos clientes. <\/p>\n\n\n\n<h3 class=\"wp-block-heading\"><strong>2. Propondo a estrat\u00e9gia de venda ideal<\/strong><\/h3>\n\n\n\n<p>Analisamos as tend\u00eancias de mercado em leil\u00f5es de fabricantes, leil\u00f5es independentes e leil\u00f5es internacionais, visando atingir o maior pre\u00e7o de venda poss\u00edvel<\/strong>. <\/p>\n\n\n\n<h3 class=\"wp-block-heading\"><strong>3. Suporte completo, do an\u00fancio ao fechamento<\/strong><\/h3>\n\n\n\n<p><strong>N\u00e3o \u00e9 necess\u00e1rio cadastro como membro do leil\u00e3o! <\/strong> Cuidamos de todos os procedimentos, desde o an\u00fancio, lances, processamento e envio. Garantimos transa\u00e7\u00f5es tranquilas. <\/p>\n\n\n\n<h3 class=\"wp-block-heading\"><strong>4. Pesquisa de Mercado e Transa\u00e7\u00f5es com Pre\u00e7o Justo<\/strong><\/h3>\n\n\n\n<p>Usamos dados de mercado para estimar o pre\u00e7o justo com anteced\u00eancia. Ajudamos voc\u00ea a decidir quando vender e a definir o lance certo. <\/p>\n\n\n\n<h3 class=\"wp-block-heading\"><strong>5. Tamb\u00e9m podemos providenciar o transporte ap\u00f3s o lance ser bem-sucedido. <\/strong><\/h3>\n\n\n\n<p>Tamb\u00e9m podemos providenciar o transporte de equipamentos pesados \u200b\u200bcomprados ou vendidos em leil\u00e3o! Entregamos com seguran\u00e7a e confiabilidade em qualquer lugar do pa\u00eds. <\/p>\n\n\n\n<hr class=\"wp-block-separator has-alpha-channel-opacity\" \/>\n\n\n\n<h2 class=\"wp-block-heading\"><strong>An\u00fancio de Leil\u00e3o e Processo de Sucesso<\/strong><\/h2>\n\n\n\n<h3 class=\"wp-block-heading\"><strong>\u3010Clientes que Desejam Anunciar\u3011<\/strong><\/h3>\n\n\n\n<ol start=\"1\" class=\"wp-block-list\">\n<li><strong>Entre em Contato Conosco<\/strong><br>Entre em contato conosco usando o formul\u00e1rio de consulta<\/li>\n\n\n\n<li><strong> Avalia\u00e7\u00e3o e Sele\u00e7\u00e3o para Leil\u00e3o<\/strong><br> Avaliamos os equipamentos de constru\u00e7\u00e3o e pesados \u200b\u200bque voc\u00ea planeja vender e selecionamos o leil\u00e3o mais adequado<\/li>\n\n\n\n<li><strong> An\u00fancio em Leil\u00e3o<\/strong><br> Anunciaremos os equipamentos no leil\u00e3o em seu nome<\/li>\n\n\n\n<li><strong> Lance, Contrato e Pagamento Aprovados<\/strong><br> Ap\u00f3s o lance, o pagamento ser\u00e1 efetuado ap\u00f3s a conclus\u00e3o dos procedimentos<\/li>\n<\/ol>\n\n\n\n<h3 class=\"wp-block-heading\"><strong> [Clientes interessados \u200b\u200bem licitar]<\/strong><\/h3>\n\n\n\n<ol start=\"1\" class=\"wp-block-list\">\n<li><strong> Perguntaremos sobre o modelo desejado.<\/strong><br> Perguntaremos sobre o modelo, fabricante, especifica\u00e7\u00f5es e or\u00e7amento desejados.<\/li>\n\n\n\n<li><strong> Selecionaremos o leil\u00e3o ideal.<\/strong><br> Guiaremos voc\u00ea para um leil\u00e3o que atenda \u00e0s suas necessidades.<\/li>\n\n\n\n<li><strong> Licita\u00e7\u00e3o e Proxy Vencedor <\/strong><br> Licitaremos em seu nome pelo pre\u00e7o desejado e venceremos o lance pelo melhor pre\u00e7o Pre\u00e7o.<\/li>\n\n\n\n<li><strong> Arranjos de Transporte e Entrega<\/strong><br> Tamb\u00e9m cuidamos dos procedimentos de envio p\u00f3s-leil\u00e3o em um s\u00f3 lugar<\/li>\n<\/ol>\n\n\n\n<hr class=\"wp-block-separator has-alpha-channel-opacity\" \/>\n\n\n\n<h2 class=\"wp-block-heading\"><strong> Exemplos de Equipamentos Pesados \u200b\u200be de Constru\u00e7\u00e3o<\/strong><\/h2>\n\n\n\n<p>&#x2705; Escavadeiras Hidr\u00e1ulicas<br>&#x2705; Carregadeiras de Rodas<br>&#x2705; Tratores de Terraplenagem<br>&#x2705; Guindastes<br>&#x2705; Empilhadeiras<br>&#x2705; Caminh\u00f5es basculantes<br>&#x2705; Pavimentadoras de asfalto<br>&#x2705; Outras m\u00e1quinas de constru\u00e7\u00e3o em geral<\/p>\n\n\n\n<p class=\"has-x-large-font-size\" style=\"line-height:1.2\">Entre em contato conosco<\/p>\n\n\n\n<div class=\"wp-block-buttons is-layout-flex wp-block-buttons-is-layout-flex\">\n<div class=\"wp-block-button has-custom-font-size has-small-font-size\"><a class=\"wp-block-button__link wp-element-button\" href=\"https:\/\/docs.google.com\/forms\/d\/1JATPpeGfRXaemIpjUO1PbKltxmmkNDiiO8owNQoPJU4\/\" target=\"_blank\" rel=\"noreferrer noopener\">\nEntre em contato conosco<\/a><\/div>\n<\/div>\n","protected":false},"excerpt":{"rendered":"<p>Servi\u00e7o de ag\u00eancia de leil\u00f5es de equipamentos pesados \u200b\u200be de constru\u00e7\u00e3o usados \u200b\u200bseguro e confi\u00e1vel Al\u00e9m do nosso servi\u00e7o de ag\u00eancia de leil\u00f5es de carros usados, lan\u00e7amos um novo servi\u00e7o de ag\u00eancia de leil\u00f5es para equipamentos pesados \u200b\u200be de constru\u00e7\u00e3o usados. Voc\u00ea tem alguma dessas preocupa\u00e7\u00f5es? Nosso servi\u00e7o de proxy pode resolver todos esses problemas! [&hellip;]<\/p>\n","protected":false},"author":1,"featured_media":577,"parent":478,"menu_order":0,"comment_status":"closed","ping_status":"closed","template":"","meta":{"footnotes":""},"class_list":["post-573","page","type-page","status-publish","has-post-thumbnail","hentry"],"_links":{"self":[{"href":"https:\/\/good-loop.co.jp\/pt\/wp-json\/wp\/v2\/pages\/573","targetHints":{"allow":["GET"]}}],"collection":[{"href":"https:\/\/good-loop.co.jp\/pt\/wp-json\/wp\/v2\/pages"}],"about":[{"href":"https:\/\/good-loop.co.jp\/pt\/wp-json\/wp\/v2\/types\/page"}],"author":[{"embeddable":true,"href":"https:\/\/good-loop.co.jp\/pt\/wp-json\/wp\/v2\/users\/1"}],"replies":[{"embeddable":true,"href":"https:\/\/good-loop.co.jp\/pt\/wp-json\/wp\/v2\/comments?post=573"}],"version-history":[{"count":0,"href":"https:\/\/good-loop.co.jp\/pt\/wp-json\/wp\/v2\/pages\/573\/revisions"}],"up":[{"embeddable":true,"href":"https:\/\/good-loop.co.jp\/pt\/wp-json\/wp\/v2\/pages\/478"}],"wp:featuredmedia":[{"embeddable":true,"href":"https:\/\/good-loop.co.jp\/pt\/wp-json\/wp\/v2\/media\/577"}],"wp:attachment":[{"href":"https:\/\/good-loop.co.jp\/pt\/wp-json\/wp\/v2\/media?parent=573"}],"curies":[{"name":"wp","href":"https:\/\/api.w.org\/{rel}","templated":true}]}}