{"id":575,"date":"2025-03-08T12:59:34","date_gmt":"2025-03-08T03:59:34","guid":{"rendered":"https:\/\/good-loop.co.jp\/?page_id=575"},"modified":"2025-03-08T12:59:34","modified_gmt":"2025-03-08T03:59:34","slug":"mercado-de-leiloes-de-construcao","status":"publish","type":"page","link":"https:\/\/good-loop.co.jp\/pt\/leilao-consignacao\/mercado-de-leiloes-de-construcao\/","title":{"rendered":"An\u00e1lise de mercado de leil\u00f5es de m\u00e1quinas de constru\u00e7\u00e3o e equipamentos pesados"},"content":{"rendered":"\n<h2 class=\"wp-block-heading\">Introdu\u00e7\u00e3o<\/h2>\n\n\n\n<p>O mercado de leil\u00f5es de m\u00e1quinas de constru\u00e7\u00e3o e equipamentos pesados \u200b\u200busados \u200b\u200bno Jap\u00e3o tem se expandido rapidamente nos \u00faltimos anos. Leil\u00f5es especializados para revendedores est\u00e3o na vanguarda, com uma variedade de participantes, tanto afiliados a fabricantes quanto independentes. Este artigo fornece uma an\u00e1lise detalhada dos principais operadores de leil\u00f5es, sua participa\u00e7\u00e3o de mercado e volume de transa\u00e7\u00f5es. <\/p>\n\n\n\n<hr class=\"wp-block-separator has-alpha-channel-opacity\" \/>\n\n\n\n<h2 class=\"wp-block-heading\">1. Principais Empresas de Leil\u00f5es de Equipamentos Pesados \u200b\u200be de Constru\u00e7\u00e3o Usados<\/h2>\n\n\n\n<h3 class=\"wp-block-heading\"><strong>Leil\u00f5es Relacionados a Fabricantes<\/strong><\/h3>\n\n\n\n<p>Leil\u00f5es realizados por fabricantes com o objetivo de distribuir seus pr\u00f3prios produtos. <\/p>\n\n\n\n<ul class=\"wp-block-list\">\n<li><strong>Komatsu Quick<\/strong><\/li>\n\n\n\n<li><strong>Leil\u00e3o de M\u00e1quinas de Constru\u00e7\u00e3o Hitachi<\/strong><\/li>\n\n\n\n<li><strong>Kobelco Construction Machinery Trading (KIT)<\/strong><\/li>\n<\/ul>\n\n\n\n<h3 class=\"wp-block-heading\"><strong>Leil\u00f5es de carros usados \u200b\u200b(constru\u00e7\u00e3o equipamentos)<\/strong><\/h3>\n\n\n\n<p>Uma empresa que originalmente operava leil\u00f5es de autom\u00f3veis expandiu-se para leil\u00f5es de equipamentos de constru\u00e7\u00e3o. <\/p>\n\n\n\n<ul class=\"wp-block-list\">\n<li><strong>Leil\u00e3o Arai<\/strong><\/li>\n\n\n\n<li><strong>USS<\/strong><\/li>\n\n\n\n<li><strong>JU<\/strong><\/li>\n<\/ul>\n\n\n\n<h3 class=\"wp-block-heading\"><strong>Leil\u00e3o Independente de Equipamentos de Constru\u00e7\u00e3o<\/strong><\/h3>\n\n\n\n<p>Opera leil\u00f5es especializados em equipamentos de constru\u00e7\u00e3o usados, negociando com compradores nacionais e internacionais. <\/p>\n\n\n\n<ul class=\"wp-block-list\">\n<li><strong>Leil\u00e3o SOGO (<strong>Sogo Tsusho<\/strong>)<\/strong><\/li>\n\n\n\n<li><strong>THI (Leil\u00e3o AssetLine)<\/strong><\/li>\n\n\n\n<li><strong>Leil\u00e3o JEN (JEN)<\/strong><\/li>\n\n\n\n<li><strong>Leil\u00e3o NORI (Toku Shoji)<\/strong><\/li>\n\n\n\n<li><strong> Leil\u00e3o Verde (Green Corporation)<\/strong><\/li>\n\n\n\n<li><strong> AKTIO (Aktio)<\/strong><\/li>\n\n\n\n<li><strong> Leil\u00e3o GUIA (NDT)<\/strong><\/li>\n\n\n\n<li><strong> TOZAI BID (Tozai Trading)<\/strong><\/li>\n\n\n\n<li><strong> ALLSTOCKER (Toyo Desenvolvimento Ambiental)<\/strong><\/li>\n<\/ul>\n\n\n\n<hr class=\"wp-block-separator has-alpha-channel-opacity\" \/>\n\n\n\n<h2 class=\"wp-block-heading\">2. Participa\u00e7\u00e3o de Mercado e Volume de Transa\u00e7\u00f5es<\/h2>\n\n\n\n<h3 class=\"wp-block-heading\"><strong> Composi\u00e7\u00e3o Geral da Participa\u00e7\u00e3o de Mercado<\/strong><\/h3>\n\n\n\n<p>O mercado de leil\u00f5es de equipamentos de constru\u00e7\u00e3o usados \u200b\u200bno Jap\u00e3o \u00e9 impulsionado principalmente por leil\u00f5es independentes. Os seguintes operadores, em particular, det\u00eam uma grande participa\u00e7\u00e3o: <\/p>\n\n\n\n<figure class=\"wp-block-table\"><table class=\"has-fixed-layout\"><thead><tr><th> Empresa de leil\u00f5es<\/th><th> N\u00famero anual de leil\u00f5es<\/th><th> Principais parceiros comerciais<\/th><\/tr><\/thead><tbody><tr><td> Leil\u00e3o Arai<\/td><td> Aproximadamente 50.000 unidades<\/td><td> Comerciantes nacionais e exportadores estrangeiros<\/td><\/tr><tr><td> Leil\u00e3o JEN<\/td><td> Aproximadamente 8.000 unidades<\/td><td> Nacionais e internacionais<\/td><\/tr><tr><td>T HI (AssetLine) <\/td><td> Aproximadamente 5.000 unidades <\/td><td> Compradores de 72 pa\u00edses <\/td><\/tr><tr><td> SOGO (Organiza\u00e7\u00e3o Social de Organiza\u00e7\u00f5es Globais) <\/td><td> Milhares de unidades <\/td><td> Fornecedores nacionais e internacionais <\/td><\/tr><tr><td> Leil\u00e3o GUIA <\/td><td> Milhares de unidades <\/td><td> Principalmente locadoras <\/td><\/tr><\/tbody><\/table><\/figure>\n\n\n\n<p> Os leil\u00f5es afiliados a fabricantes concentram-se em transa\u00e7\u00f5es que envolvem suas pr\u00f3prias marcas, e sua participa\u00e7\u00e3o de mercado \u00e9 relativamente limitada. <\/p>\n\n\n<!-- \/wp:post-content -->\n<hr class=\"wp-block-separator has-alpha-channel-opacity\" \/>\n<!-- \/wp:separator -->\n\n<!-- wp:heading -->\n<h2 class=\"wp-block-heading\">3. Caracter\u00edsticas e Tend\u00eancias das Transa\u00e7\u00f5es em Leil\u00f5es<\/h2>\n<!-- \/wp:heading -->\n\n<!-- wp:heading {\"level\": 3} -->\n<h3 class=\"wp-block-heading\"><strong>Tend\u00eancias Recentes<\/strong><\/h3>\n<!-- \/wp:heading -->\n\n<!-- wp:paragraph -->\n<p>&#x2705; <strong>Aumento de Compradores Estrangeiros<\/strong>: A demanda por exporta\u00e7\u00f5es para \u00c1sia, Oriente M\u00e9dio e \u00c1frica est\u00e1 aumentando<br>&#x2705; <strong>Leil\u00f5es Online Populares<\/strong>: JEN Auctions e ALLSTOCKER, entre outras, est\u00e3o acelerando a digitaliza\u00e7\u00e3o<br>&#x2705; <strong>Aumento nos Leil\u00f5es de Aluguel<\/strong>: Leil\u00f5es da GUIA est\u00e3o indo bem para locadoras<br>&#x2705;<strong>Aumento de Pre\u00e7os<\/strong>: Os pre\u00e7os dos equipamentos de constru\u00e7\u00e3o usados \u200b\u200best\u00e3o subindo devido \u00e0 escassez de semicondutores e atrasos nas entregas de ve\u00edculos novos<\/p>\n<!-- \/wp:paragraph -->\n\n<!-- wp:separator -->\n<hr class=\"wp-block-separator has-alpha-channel-opacity\" \/>\n<!-- \/wp:separator -->\n\n<!-- wp:heading -->\n<h2 class=\"wp-block-heading\">4. Resumo<\/h2>\n<!-- \/wp:heading -->\n\n<!-- wp:paragraph -->\n<p>O mercado de leil\u00f5es de equipamentos de constru\u00e7\u00e3o usados \u200b\u200bno Jap\u00e3o continua crescendo, principalmente entre revendedores independentes. A expans\u00e3o das transa\u00e7\u00f5es online e o aumento da demanda internacional est\u00e3o impulsionando o mercado, e mais atividade \u00e9 esperada no futuro.\n<!-- \/wp:paragraph -->\n\n<!-- wp:paragraph -->\n<p>Se voc\u00ea est\u00e1 considerando servi\u00e7os de ag\u00eancia de leil\u00f5es, sinta-se \u00e0 vontade para entrar em contato conosco! <\/p>\n<!-- \/wp:paragraph -->\n\n<!-- wp:paragraph {\"style\": {\"typography\": {\"lineHeight\": \"1.2\"}}, \"fontSize\": \"x-large\"} -->\n<p class=\"has-x-large-font-size\" style=\"line-height:1.2\">Entre em contato conosco aqui<\/p>\n<!-- \/wp:paragraph -->\n\n<!-- wp:buttons -->\n<div class=\"wp-block-buttons\"><!-- wp:button {\"fontSize\": \"small\"} -->\n<div class=\"wp-block-button has-custom-font-size has-small-font-size\"><a class=\"wp-block-button__link wp-element-button\" href=\"https:\/\/docs.google.com\/forms\/d\/1JATPpeGfRXaemIpjUO1PbKltxmmkNDiiO8owNQoPJU4\/\" target=\"_blank\" rel=\"noreferrer noopener\">\nEntre em contato conosco <\/a><\/div>\n<!-- \/wp:button --><\/div>\n<!-- \/wp:buttons -->","protected":false},"excerpt":{"rendered":"<p>Introdu\u00e7\u00e3o O mercado de leil\u00f5es de m\u00e1quinas de constru\u00e7\u00e3o e equipamentos pesados \u200b\u200busados \u200b\u200bno Jap\u00e3o tem se expandido rapidamente nos \u00faltimos anos. Leil\u00f5es especializados para revendedores est\u00e3o na vanguarda, com uma variedade de participantes, tanto afiliados a fabricantes quanto independentes. Este artigo fornece uma an\u00e1lise detalhada dos principais operadores de leil\u00f5es, sua participa\u00e7\u00e3o de mercado [&hellip;]<\/p>\n","protected":false},"author":1,"featured_media":577,"parent":478,"menu_order":0,"comment_status":"closed","ping_status":"closed","template":"","meta":{"footnotes":""},"class_list":["post-575","page","type-page","status-publish","has-post-thumbnail","hentry"],"_links":{"self":[{"href":"https:\/\/good-loop.co.jp\/pt\/wp-json\/wp\/v2\/pages\/575","targetHints":{"allow":["GET"]}}],"collection":[{"href":"https:\/\/good-loop.co.jp\/pt\/wp-json\/wp\/v2\/pages"}],"about":[{"href":"https:\/\/good-loop.co.jp\/pt\/wp-json\/wp\/v2\/types\/page"}],"author":[{"embeddable":true,"href":"https:\/\/good-loop.co.jp\/pt\/wp-json\/wp\/v2\/users\/1"}],"replies":[{"embeddable":true,"href":"https:\/\/good-loop.co.jp\/pt\/wp-json\/wp\/v2\/comments?post=575"}],"version-history":[{"count":0,"href":"https:\/\/good-loop.co.jp\/pt\/wp-json\/wp\/v2\/pages\/575\/revisions"}],"up":[{"embeddable":true,"href":"https:\/\/good-loop.co.jp\/pt\/wp-json\/wp\/v2\/pages\/478"}],"wp:featuredmedia":[{"embeddable":true,"href":"https:\/\/good-loop.co.jp\/pt\/wp-json\/wp\/v2\/media\/577"}],"wp:attachment":[{"href":"https:\/\/good-loop.co.jp\/pt\/wp-json\/wp\/v2\/media?parent=575"}],"curies":[{"name":"wp","href":"https:\/\/api.w.org\/{rel}","templated":true}]}}