{"id":619,"date":"2025-04-17T22:32:10","date_gmt":"2025-04-17T13:32:10","guid":{"rendered":"https:\/\/good-loop.co.jp\/?page_id=619"},"modified":"2026-03-02T00:15:53","modified_gmt":"2026-03-01T15:15:53","slug":"lar","status":"publish","type":"page","link":"https:\/\/good-loop.co.jp\/pt\/","title":{"rendered":"Al\u00e9m do Mar, a Jornada Continua"},"content":{"rendered":"\n<p>P\u00e9talas de cerejeira ro\u00e7am seu visor numa manh\u00e3 de primavera. O vento salgado passa veloz enquanto voc\u00ea percorre a costa rumo ao sul no ver\u00e3o. Voc\u00ea serpenteia pelas estradas sinuosas do outono em chamas de cores, e ent\u00e3o para em uma casa de ch\u00e1 num passo de montanha para saborear uma tigela fumegante de soba. No inverno, o ar morde afiado enquanto voc\u00ea roda em dire\u00e7\u00e3o a um onsen com picos cobertos de neve observando \u00e0 dist\u00e2ncia.<\/p>\n\n\n\n<p>As estradas do Jap\u00e3o mostram um rosto diferente a cada vez que voc\u00ea as percorre.<\/p>\n\n\n\n<p>O mesmo passo de montanha se transforma em uma estrada diferente quando as esta\u00e7\u00f5es mudam. A paisagem que espera por voc\u00ea na neblina da manh\u00e3 n\u00e3o se parece em nada com aquela banhada pela luz do entardecer.<\/p>\n\n\n\n<p>E no final da viagem, h\u00e1 um onsen. Um restaurante local onde voc\u00ea descobre um sabor que nunca soube que existia. Um ponto de descanso \u00e0 beira da estrada onde voc\u00ea desliga o motor e toma seu tempo decidindo para onde ir em seguida.<\/p>\n\n\n\n<p>As estradas est\u00e3o esperando. Deixe o resto conosco.<\/p>\n\n\n\n<hr class=\"wp-block-separator has-alpha-channel-opacity\" \/>\n\n\n\n<p>A Good Loop cuida da log\u00edstica de ve\u00edculos para motociclistas internacionais que v\u00eam pilotar no Jap\u00e3o.<\/p>\n\n\n\n<p>Transporte. Negocia\u00e7\u00f5es de compra. Documenta\u00e7\u00e3o. Barreiras lingu\u00edsticas. Tudo, exceto pilotar \u2014 n\u00f3s cuidamos disso.<\/p>\n\n\n\n<p>Motocicletas e ve\u00edculos de quatro rodas s\u00e3o bem-vindos.<\/p>\n\n\n\n<p>\u2192 <a href=\"https:\/\/good-loop.co.jp\/pt\/pt\/rider-support\/\" data-type=\"page\" data-id=\"906\">Detalhes do Concierge de Ve\u00edculos<\/a><\/p>\n\n\n\n<hr class=\"wp-block-separator has-alpha-channel-opacity\" \/>\n\n\n\n<h2 class=\"wp-block-heading\">Parece Familiar?<\/h2>\n\n\n\n<p>Voc\u00ea quer percorrer Hokkaido com sua pr\u00f3pria moto \u2014 mas n\u00e3o faz ideia de como envi\u00e1-la ao Jap\u00e3o do exterior.<\/p>\n\n\n\n<p>Voc\u00ea encontrou a moto que procurava em um leil\u00e3o japon\u00eas. Quer compr\u00e1-la e lev\u00e1-la para casa \u2014 mas o idioma e a documenta\u00e7\u00e3o parecem avassaladores.<\/p>\n\n\n\n<p>Ap\u00f3s sua viagem pelo Jap\u00e3o, voc\u00ea quer enviar a moto diretamente para o pr\u00f3ximo pa\u00eds \u2014 mas n\u00e3o sabe por onde come\u00e7ar.<\/p>\n\n\n\n<p>Voc\u00ea n\u00e3o tem certeza de quais documentos precisa para importa\u00e7\u00e3o tempor\u00e1ria. Nem sequer tem uma ideia aproximada de quanto custar\u00e1 o transporte.<\/p>\n\n\n\n<p>Seja qual for a etapa em que voc\u00ea est\u00e1 \u2014 basta entrar em contato.<\/p>\n\n\n\n<hr class=\"wp-block-separator has-alpha-channel-opacity\" \/>\n\n\n\n<h2 class=\"wp-block-heading\">Servi\u00e7os<\/h2>\n\n\n\n<h3 class=\"wp-block-heading\">Transporte Internacional<\/h3>\n\n\n\n<p>Exterior \u2192 Jap\u00e3o, Jap\u00e3o \u2192 exterior. Desde a escolha entre frete a\u00e9reo e mar\u00edtimo, at\u00e9 embalagem, documenta\u00e7\u00e3o e alf\u00e2ndega \u2014 coordenamos tudo.<\/p>\n\n\n\n<p>\u2192 <a href=\"https:\/\/good-loop.co.jp\/pt\/pt\/rider-support\/shipping\/\" data-type=\"page\" data-id=\"911\">Detalhes do Transporte Internacional<\/a><\/p>\n\n\n\n<h3 class=\"wp-block-heading\">Compra de Ve\u00edculos<\/h3>\n\n\n\n<p>Da busca \u00e0 retirada, para ve\u00edculos em qualquer lugar do Jap\u00e3o. Leil\u00f5es de revendedores, vendas particulares, estoque de lojas \u2014 eliminamos as barreiras de idioma e negocia\u00e7\u00e3o.<\/p>\n\n\n\n<p>\u2192 <a href=\"https:\/\/good-loop.co.jp\/pt\/pt\/purchase\/\" data-type=\"page\" data-id=\"915\">Detalhes do Suporte \u00e0 Compra<\/a><\/p>\n\n\n\n<hr class=\"wp-block-separator has-alpha-channel-opacity\" \/>\n\n\n\n<h2 class=\"wp-block-heading\">Guias &amp; Artigos<\/h2>\n\n\n\n<p>Hist\u00f3rias de motociclistas que j\u00e1 estiveram l\u00e1 e informa\u00e7\u00f5es para quem est\u00e1 planejando ir.<\/p>\n\n\n\n<ul class=\"wp-block-list\">\n<li><strong><a href=\"https:\/\/good-loop.co.jp\/pt\/pt\/export-import\/motorcycle-export-guide-from-japan-to-overseas\/\" data-type=\"page\" data-id=\"628\">Como Exportar uma Motocicleta do Jap\u00e3o<\/a><\/strong> \u2014 Um guia pr\u00e1tico cobrindo todo o processo e procedimentos<\/li>\n\n\n\n<li><strong><a href=\"https:\/\/good-loop.co.jp\/pt\/pt\/export-import\/vladivostok-to-japan-motorcycle\/\" data-type=\"page\" data-id=\"897\">[Guia Definitivo] Sem Carnet: De Vladivostok ao Jap\u00e3o<\/a><\/strong> \u2014 Um relato detalhado da rota via R\u00fassia para o Jap\u00e3o<\/li>\n\n\n\n<li><strong><a href=\"https:\/\/good-loop.co.jp\/pt\/pt\/columns\/travel-touring-alps\/\" data-type=\"page\" data-id=\"211\">Percorrendo os Alpes<\/a><\/strong> \u2014 Um registro de pilotagem pelas estradas montanhosas da Europa<\/li>\n<\/ul>\n\n\n\n<hr class=\"wp-block-separator has-alpha-channel-opacity\" \/>\n\n\n\n<h2 class=\"wp-block-heading\">Outros Servi\u00e7os<\/h2>\n\n\n\n<ul class=\"wp-block-list\">\n<li><a href=\"https:\/\/good-loop.co.jp\/pt\/pt\/software\/\" data-type=\"page\" data-id=\"555\">Suporte \u00e0 implementa\u00e7\u00e3o de software (OSS)<\/a><\/li>\n\n\n\n<li><a href=\"https:\/\/good-loop.co.jp\/pt\/pt\/auction_consignment\/\" data-type=\"page\" data-id=\"538\">Busca em leil\u00f5es<\/a><\/li>\n<\/ul>\n\n\n\n<hr class=\"wp-block-separator has-alpha-channel-opacity\" \/>\n\n\n\n<p class=\"has-x-large-font-size\" style=\"line-height:1.2\">Entre em contato aqui<\/p>\n\n\n\n<div class=\"wp-block-buttons is-layout-flex wp-block-buttons-is-layout-flex\">\n<div class=\"wp-block-button\"><a class=\"wp-block-button__link has-small-font-size has-custom-font-size wp-element-button\" href=\"https:\/\/docs.google.com\/forms\/d\/1JATPpeGfRXaemIpjUO1PbKltxmmkNDiiO8owNQoPJU4\/\" target=\"_blank\" rel=\"noreferrer noopener\">Fale Conosco<\/a><\/div>\n<\/div>\n\n\n\n<p><br><em>A imagem de destaque \u00e9 obra de um estudante da <a href=\"https:\/\/www.cksg.si\/\" target=\"_blank\" rel=\"noreferrer noopener\">CKSG Portoro\u017e<\/a>, uma escola de necessidades especiais na Eslov\u00eania.<\/em><\/p>\n","protected":false},"excerpt":{"rendered":"<p>P\u00e9talas de cerejeira ro\u00e7am seu visor numa manh\u00e3 de primavera. O vento salgado passa veloz enquanto voc\u00ea percorre a costa rumo ao sul no ver\u00e3o. Voc\u00ea serpenteia pelas estradas sinuosas do outono em chamas de cores, e ent\u00e3o para em uma casa de ch\u00e1 num passo de montanha para saborear uma tigela fumegante de soba. [&hellip;]<\/p>\n","protected":false},"author":1,"featured_media":524,"parent":0,"menu_order":0,"comment_status":"closed","ping_status":"closed","template":"","meta":{"footnotes":""},"class_list":["post-619","page","type-page","status-publish","has-post-thumbnail","hentry"],"_links":{"self":[{"href":"https:\/\/good-loop.co.jp\/pt\/wp-json\/wp\/v2\/pages\/619","targetHints":{"allow":["GET"]}}],"collection":[{"href":"https:\/\/good-loop.co.jp\/pt\/wp-json\/wp\/v2\/pages"}],"about":[{"href":"https:\/\/good-loop.co.jp\/pt\/wp-json\/wp\/v2\/types\/page"}],"author":[{"embeddable":true,"href":"https:\/\/good-loop.co.jp\/pt\/wp-json\/wp\/v2\/users\/1"}],"replies":[{"embeddable":true,"href":"https:\/\/good-loop.co.jp\/pt\/wp-json\/wp\/v2\/comments?post=619"}],"version-history":[{"count":3,"href":"https:\/\/good-loop.co.jp\/pt\/wp-json\/wp\/v2\/pages\/619\/revisions"}],"predecessor-version":[{"id":892,"href":"https:\/\/good-loop.co.jp\/pt\/wp-json\/wp\/v2\/pages\/619\/revisions\/892"}],"wp:featuredmedia":[{"embeddable":true,"href":"https:\/\/good-loop.co.jp\/pt\/wp-json\/wp\/v2\/media\/524"}],"wp:attachment":[{"href":"https:\/\/good-loop.co.jp\/pt\/wp-json\/wp\/v2\/media?parent=619"}],"curies":[{"name":"wp","href":"https:\/\/api.w.org\/{rel}","templated":true}]}}