{"id":674,"date":"2025-06-15T03:30:11","date_gmt":"2025-06-14T18:30:11","guid":{"rendered":"https:\/\/good-loop.co.jp\/?page_id=674"},"modified":"2025-06-15T03:30:11","modified_gmt":"2025-06-14T18:30:11","slug":"patrimonio-da-nissan","status":"publish","type":"page","link":"https:\/\/good-loop.co.jp\/pt\/colunas\/patrimonio-da-nissan\/","title":{"rendered":"Como descobrir os assentos dispon\u00edveis na Nissan Heritage Collection &#8211; Usando o X-App"},"content":{"rendered":"\nA Nissan Heritage Collection \u00e9 uma visita obrigat\u00f3ria para qualquer apaixonado por carros, mas fazer uma reserva pode ser desafiador. No entanto, usando o servi\u00e7o de notifica\u00e7\u00e3o &#8220;Notifica\u00e7\u00e3o de Reserva da Nissan Heritage Collection da Good Loop&#8221;, voc\u00ea pode garantir uma reserva. Este artigo explica a vis\u00e3o geral e o apelo da Nissan Heritage Collection, o sistema de reservas e a data de in\u00edcio, e por que \u00e9 t\u00e3o dif\u00edcil garantir uma reserva. Tamb\u00e9m mostraremos como verificar a disponibilidade nas redes sociais (X (antigo Twitter)) e como usar o servi\u00e7o de notifica\u00e7\u00e3o pode facilitar a reserva. Se voc\u00ea est\u00e1 pensando em fazer uma reserva na Nissan Heritage Collection, n\u00e3o deixe de conferir este artigo. <\/p>\n\n\n\n<h2 class=\"wp-block-heading\"> Vis\u00e3o geral da Cole\u00e7\u00e3o Nissan Heritage e os benef\u00edcios de visit\u00e1-la<\/h2>\n\n\n\n<figure class=\"wp-block-image size-large\"><img decoding=\"async\" src=\"https:\/\/good-loop.co.jp\/pt\/wp-content\/uploads\/2025\/06\/IMG_20241006_152536912-1024x461.jpg\" alt=\"\" class=\"wp-image-675\" \/><\/figure>\n\n\n\n<p> A Cole\u00e7\u00e3o Nissan Heritage \u00e9 uma garagem comemorativa da Nissan localizada na Zama Works (antiga F\u00e1brica da Zama) na cidade de Zama, prov\u00edncia de Kanagawa. Ela abriga e exibe aproximadamente 500 carros cl\u00e1ssicos da d\u00e9cada de 1930, al\u00e9m de carros de corrida e carros-conceito. Os tours oferecem vistas de perto de aproximadamente 280 ve\u00edculos, incluindo Skylines cl\u00e1ssicos, Fairlady Zs e carros vencedores de Le Mans. A vis\u00e3o desses ve\u00edculos raros alinhados \u00e9 verdadeiramente impressionante. Esses ve\u00edculos incluem modelos que inauguraram as inova\u00e7\u00f5es tecnol\u00f3gicas de sua \u00e9poca, bem como m\u00e1quinas que competiram em esportes motorizados. Eles servem como artefatos vivos que contam a hist\u00f3ria da hist\u00f3ria de desafio e inova\u00e7\u00e3o da Nissan. Ao contr\u00e1rio dos museus t\u00edpicos, o dep\u00f3sito em si \u00e9 aberto ao p\u00fablico, permitindo a rota\u00e7\u00e3o e o empr\u00e9stimo constantes de ve\u00edculos. Isso significa que h\u00e1 sempre algo novo para descobrir a cada visita, tornando este um local fascinante ao qual os entusiastas da Nissan e de carros cl\u00e1ssicos desejar\u00e3o retornar repetidamente. Os tours s\u00e3o gratuitos, ent\u00e3o a inscri\u00e7\u00e3o \u00e9 f\u00e1cil, mas, como discutiremos mais tarde, \u00e9 um tour muito popular com reservas extremamente competitivas. <\/p>\n\n\n\n<h2 class=\"wp-block-heading\">Sistema de Reserva de Passeios (M\u00e9todo de Reserva e Hor\u00e1rio de Libera\u00e7\u00e3o)<\/h2>\n\n\n\n<p>Os passeios pela Nissan Heritage Collection exigem reservas e devem ser feitos com anteced\u00eancia pelo site oficial. As reservas s\u00e3o aceitas apenas online, por ordem de chegada. Uma vez atingida a capacidade, as reservas para aquela data e hor\u00e1rio ser\u00e3o encerradas (n\u00e3o h\u00e1 lista de espera). As datas dos passeios s\u00e3o publicadas em um calend\u00e1rio pr\u00e9-determinado, e as reservas s\u00e3o feitas selecionando a data desejada no site oficial. As datas dos passeios n\u00e3o s\u00e3o di\u00e1rias, mas sim irregulares e variam de m\u00eas para m\u00eas (geralmente em torno de 10 dias por m\u00eas). Por exemplo, os passeios s\u00e3o realizados em dias \u00fateis e tamb\u00e9m nos fins de semana, mas a programa\u00e7\u00e3o varia de m\u00eas para m\u00eas, portanto, voc\u00ea deve primeiro verificar o calend\u00e1rio de reservas do site oficial para as datas. <\/p>\n\n\n\n<p>Tamb\u00e9m \u00e9 importante prestar aten\u00e7\u00e3o ao momento das atualiza\u00e7\u00f5es do calend\u00e1rio de reservas. As reservas para o m\u00eas seguinte s\u00e3o divulgadas no in\u00edcio ou meados do m\u00eas anterior ao passeio, mas a data de in\u00edcio n\u00e3o \u00e9 anunciada e \u00e9 irregular. Por exemplo, &#8220;Os passeios de maio s\u00e3o atualizados no calend\u00e1rio do in\u00edcio ou meados de abril&#8221;, mas a data e o hor\u00e1rio exatos n\u00e3o s\u00e3o divulgados. Portanto, os usu\u00e1rios devem consultar o site oficial com frequ\u00eancia desde o in\u00edcio do m\u00eas anterior para evitar perder o momento em que as reservas abrem. <\/p>\n\n\n\n<p>Voc\u00ea tamb\u00e9m deve estar ciente dos hor\u00e1rios e da capacidade dos passeios. Os passeios geralmente acontecem duas vezes ao dia (das 10h \u00e0s 11h30 e das 14h \u00e0s 15h30), com capacidade para 25 pessoas por passeio durante a semana e 30 pessoas nos fins de semana e feriados. N\u00e3o apenas o n\u00famero de participantes \u00e9 limitado, mas tamb\u00e9m as datas, como mencionado acima. Devido a essa disponibilidade extremamente limitada, as inscri\u00e7\u00f5es tendem a aumentar imediatamente ap\u00f3s a abertura das reservas. <\/p>\n\n\n\n<h2 class=\"wp-block-heading\">Motivos da Dificuldade nas Reservas (Alta Concorr\u00eancia e Reservas Limitadas)<\/h2>\n\n\n\n<p>As reservas para a Cole\u00e7\u00e3o Nissan Heritage s\u00e3o conhecidas por serem altamente competitivas. Isso se deve principalmente ao n\u00famero limitado de vagas dispon\u00edveis e \u00e0 alta popularidade, como mencionado acima. Embora as datas e a capacidade de cada sess\u00e3o sejam limitadas, a demanda de entusiastas de carros em todo o pa\u00eds \u00e9 extremamente alta, ent\u00e3o as inscri\u00e7\u00f5es chegam assim que as reservas abrem, e o evento se esgota rapidamente. De fato, algumas pessoas relataram ter visto datas &#8220;Dispon\u00edveis&#8221; adicionadas ao calend\u00e1rio de reservas, tentando reservar, apenas para descobrir que estavam totalmente reservadas em meio dia. Os hor\u00e1rios populares de fim de semana podem se esgotar em minutos, n\u00e3o apenas horas, ap\u00f3s a abertura das reservas. Os passeios de fim de semana, em particular, t\u00eam atra\u00eddo a aten\u00e7\u00e3o desde sua retomada em agosto de 2023, ap\u00f3s um hiato de tr\u00eas anos e meio. Inicialmente, o local supostamente atra\u00eda mais de 20.000 visitantes anualmente. A dificuldade de obter reservas decorre da oferta n\u00e3o acompanhar a alta demanda. <\/p>\n\n\n\n<p> Outro fator que dificulta as reservas \u00e9 a falta de aviso pr\u00e9vio da data e hora de abertura das reservas. Os visitantes precisam esperar, sem saber quando os hor\u00e1rios de reserva ser\u00e3o atualizados. Se perderem a oportunidade, as vagas se esgotar\u00e3o rapidamente. Portanto, a realidade \u00e9 que n\u00e3o h\u00e1 truques especiais; tudo o que voc\u00ea pode fazer \u00e9 verificar o site oficial com frequ\u00eancia e se inscrever assim que novas datas estiverem dispon\u00edveis. De fato, muitas pessoas tentaram repetidamente garantir uma reserva, apenas para terem a sorte de finalmente encontrar um lugar e realizar seu sonho. Como mencionado acima, as vagas limitadas para reservas (restri\u00e7\u00f5es de datas e capacidade), a incerteza de quando as reservas ser\u00e3o abertas e a enorme popularidade se combinam para tornar a reserva de um tour pela Nissan Heritage Collection extremamente dif\u00edcil. <\/p>\n\n\n\n<h2 class=\"wp-block-heading\">Existe uma maneira de verificar a disponibilidade de reservas nas redes sociais (X)? <\/h2>\n\n\n\n<p>Para aqueles que perdem o hor\u00e1rio de abertura das reservas e acabam com a reserva lotada, ou que desejam reservar em caso de cancelamento, mas t\u00eam dificuldade em monitorar o site constantemente, existem maneiras de verificar a disponibilidade usando as redes sociais. Embora a Nissan Heritage Collection n\u00e3o forne\u00e7a oficialmente atualiza\u00e7\u00f5es de status de reservas em tempo real, gostar\u00edamos de apresentar um servi\u00e7o de notifica\u00e7\u00e3o que desenvolvemos e operamos. <\/p>\n\n\n\n<h3 class=\"wp-block-heading\"><strong><a href=\"https:\/\/x.com\/GoodLoop_Nissan\" data-type=\"link\" data-id=\"https:\/\/x.com\/GoodLoop_Nissan\" target=\"_blank\" rel=\"noreferrer noopener\"> Notifica\u00e7\u00e3o de Reserva da Nissan Heritage Collection pela Good Loop (@GoodLoop_Nissan) <\/a><\/strong><\/h3>\n\n\n\n<p> Esta conta monitora a disponibilidade na p\u00e1gina oficial de reservas e envia um tweet automaticamente sempre que h\u00e1 uma altera\u00e7\u00e3o na disponibilidade. Por exemplo, ele publica informa\u00e7\u00f5es em tempo real, como &#8220;Dispon\u00edvel em XX\/XX&#8221; ou &#8220;XX\/XX est\u00e1 totalmente reservado&#8221;. <\/p>\n\n\n\n<h3 class=\"wp-block-heading\">Por que seguir (e ativar notifica\u00e7\u00f5es) \u00e9 eficaz<\/h3>\n\n\n\n<ol class=\"wp-block-list\">\n<li><strong>Imediatismo<\/strong> \u2013 Os hor\u00e1rios de reserva geralmente se esgotam em minutos ou at\u00e9 mesmo em algumas dezenas de minutos, portanto, um sistema que permita receber notifica\u00e7\u00f5es push \u00e9 essencial. <\/li>\n\n\n\n<li><strong>Monitoramento automatizado 24 horas<\/strong> \u2013 Abrange cancelamentos que ocorrem tarde da noite ou no in\u00edcio da manh\u00e3, o que seria dif\u00edcil de gerenciar manualmente. <\/li>\n\n\n\n<li><strong> Tempos de confirma\u00e7\u00e3o secund\u00e1ria reduzidos<\/strong> \u2013 Reservas totalmente reservadas tamb\u00e9m s\u00e3o publicadas, reduzindo o estresse de verificar constantemente se uma reserva ainda est\u00e1 dispon\u00edvel. <\/li>\n<\/ol>\n\n\n\n<p> Olhando para tr\u00e1s, podemos ver exemplos de um hor\u00e1rio de reserva que fica dispon\u00edvel brevemente \u00e0s 4 da manh\u00e3 ou \u00e9 preenchido em 10 minutos ap\u00f3s a atualiza\u00e7\u00e3o da conta, comprovando que a conta tem sido um recurso valioso para muitos usu\u00e1rios. <\/p>\n\n\n\n<h2 class=\"wp-block-heading\">Por que o servi\u00e7o de notifica\u00e7\u00e3o &#8220;GoodLoop_Nissan&#8221; facilita as reservas<\/h2>\n\n\n\n<p>Usar a conta &#8220;<a href=\"https:\/\/x.com\/GoodLoop_Nissan\" target=\"_blank\" rel=\"noreferrer noopener\">Notifica\u00e7\u00e3o de Reserva da Cole\u00e7\u00e3o Nissan Heritage pela Good Loop<\/a>&#8221; mencionada anteriormente aumenta significativamente suas chances de garantir uma reserva. O principal motivo \u00e9 que voc\u00ea pode saber instantaneamente quando os hor\u00e1rios de reserva mudam. Como mencionado acima, os hor\u00e1rios que abrem no momento em que as reservas come\u00e7am ou ficam dispon\u00edveis devido a cancelamentos se esgotam muito rapidamente. Portanto, a chave \u00e9 &#8220;a rapidez com que voc\u00ea percebe e se inscreve&#8221;. Usar um servi\u00e7o de notifica\u00e7\u00e3o diminui a probabilidade de voc\u00ea perder a oportunidade, mesmo que n\u00e3o monitore constantemente o site oficial. Na verdade, se voc\u00ea configurar notifica\u00e7\u00f5es em tempo real para as postagens da &#8220;Notifica\u00e7\u00e3o de Reserva da Cole\u00e7\u00e3o Nissan Heritage da Good Loop&#8221;, receber\u00e1 um alerta no seu smartphone ou outro dispositivo assim que um novo hor\u00e1rio de reserva estiver dispon\u00edvel, permitindo que voc\u00ea prossiga imediatamente com o processo de reserva. Isso \u00e9 muito mais eficiente do que ter usu\u00e1rios recarregando manualmente o site com frequ\u00eancia, dando a voc\u00ea uma vantagem na batalha do &#8220;primeiro a chegar, primeiro a ser atendido&#8221;. <\/p>\n\n\n\n<p>\u00c9 claro que isso n\u00e3o elimina a concorr\u00eancia, pois todos que receberem a notifica\u00e7\u00e3o tentar\u00e3o fazer uma reserva. Ainda assim, \u00e9 uma ferramenta valiosa para reduzir o risco de perder uma oportunidade sem saber o que est\u00e1 fazendo. Se voc\u00ea quiser garantir uma reserva para visitar a Cole\u00e7\u00e3o Nissan Heritage, recomendamos fortemente que use a &#8220;Notifica\u00e7\u00e3o de Reserva da Cole\u00e7\u00e3o Nissan Heritage da Good Loop&#8221;. Muitas pessoas relataram ter conseguido garantir uma reserva gra\u00e7as \u00e0 notifica\u00e7\u00e3o, tornando-a uma aliada valiosa, especialmente para quem planeja visitar de longe. <\/p>\n\n\n\n<h2 class=\"wp-block-heading\">Resumo: Pontos-chave para uma reserva segura<\/h2>\n\n\n\n<p>Finalmente, aqui est\u00e3o alguns pontos-chave para reservar com sucesso um tour pela Nissan Heritage Collection. <\/p>\n\n\n\n<ul class=\"wp-block-list\">\n<li><strong>Use os servi\u00e7os de notifica\u00e7\u00e3o nas redes sociais<\/strong>: siga a &#8220;Notifica\u00e7\u00e3o de reserva da Nissan Heritage Collection da Good Loop<\/a>&#8220;, que fornece informa\u00e7\u00f5es em tempo real sobre reservas dispon\u00edveis, e ative as notifica\u00e7\u00f5es. Isso permitir\u00e1 que voc\u00ea seja o primeiro a saber sobre atualiza\u00e7\u00f5es e cancelamentos. <\/li>\n\n\n\n<li><strong> Reserve imediatamente ap\u00f3s as atualiza\u00e7\u00f5es<\/strong>: As reservas s\u00e3o preenchidas por ordem de chegada. Assim que notar uma atualiza\u00e7\u00e3o, escolha a data de sua prefer\u00eancia e inscreva-se. N\u00e3o \u00e9 incomum que o evento esteja lotado enquanto voc\u00ea hesita. <\/li>\n\n\n\n<li><strong> Considere hor\u00e1rios dispon\u00edveis durante a semana ou v\u00e1rias datas<\/strong>: A concorr\u00eancia tende a ser particularmente alta nos fins de semana e em dias de eventos especiais populares. Se poss\u00edvel, realize seu evento em um dia da semana ou configure v\u00e1rias datas poss\u00edveis para que voc\u00ea possa ser flex\u00edvel e buscar um hor\u00e1rio dispon\u00edvel. <\/li>\n\n\n\n<li><strong> Responda prontamente a cancelamentos<\/strong>: As reservas podem ficar dispon\u00edveis devido a cancelamentos n\u00e3o apenas imediatamente ap\u00f3s a abertura das reservas, mas tamb\u00e9m \u00e0 medida que a data do evento se aproxima. Mesmo nesses casos, voc\u00ea pode conseguir um lugar usando as notifica\u00e7\u00f5es das redes sociais. Os cancelamentos tendem a ocorrer especialmente de \u00faltima hora, portanto, certifique-se de verificar regularmente. <\/li>\n<\/ul>\n\n\n\n<p> Ao tomar as precau\u00e7\u00f5es acima, voc\u00ea aumentar\u00e1 muito suas chances de garantir uma reserva para visitar a Nissan Heritage Collection. Um passeio de 90 minutos cercado por ve\u00edculos Nissan de todas as gera\u00e7\u00f5es certamente ser\u00e1 uma experi\u00eancia inestim\u00e1vel para qualquer entusiasta de carros. Esteja totalmente preparado, aceite o desafio e aproveite seu tempo com esses cl\u00e1ssicos adorados. <\/p>\n\n\n\n<h2 class=\"wp-block-heading\">Confira tamb\u00e9m o AEON Mall Zama<\/h2>\n\n\n\n<p> O AEON Mall Zama<\/a>, localizado bem ao lado da Nissan Heritage Collection, tamb\u00e9m \u00e9 imperd\u00edvel. Este terreno fazia parte da F\u00e1brica de Zama da Nissan Motor, mas o AEON Mall Zama foi inaugurado em 2018. O Centro de Informa\u00e7\u00f5es Nissan Zama exibe uma variedade de carros cl\u00e1ssicos da Nissan mensalmente, e voc\u00ea pode at\u00e9 ganhar um presente. \u00c0s vezes, os carros da Nissan tamb\u00e9m ficam em exposi\u00e7\u00e3o perto do v\u00e3o no terceiro andar. <\/p>\n\n\n\n<figure class=\"wp-block-image size-large\"><img loading=\"lazy\" decoding=\"async\" width=\"1024\" height=\"461\" src=\"https:\/\/good-loop.co.jp\/pt\/wp-content\/uploads\/2025\/06\/IMG_20241006_153528528-1024x461.jpg\" alt=\"\" class=\"wp-image-676\" srcset=\"https:\/\/good-loop.co.jp\/pt\/wp-content\/uploads\/sites\/7\/2025\/06\/IMG_20241006_153528528-1024x461.jpg 1024w, https:\/\/good-loop.co.jp\/pt\/wp-content\/uploads\/sites\/7\/2025\/06\/IMG_20241006_153528528-300x135.jpg 300w, https:\/\/good-loop.co.jp\/pt\/wp-content\/uploads\/sites\/7\/2025\/06\/IMG_20241006_153528528-768x345.jpg 768w, https:\/\/good-loop.co.jp\/pt\/wp-content\/uploads\/sites\/7\/2025\/06\/IMG_20241006_153528528-1536x691.jpg 1536w, https:\/\/good-loop.co.jp\/pt\/wp-content\/uploads\/sites\/7\/2025\/06\/IMG_20241006_153528528-2048x921.jpg 2048w\" sizes=\"auto, (max-width: 1024px) 100vw, 1024px\" \/><\/figure>\n\n\n\n<h2 class=\"wp-block-heading\">Sobre Reservas por Procura\u00e7\u00e3o<\/h2>\n\n\n\n<p>Aceitamos reservas por procura\u00e7\u00e3o para viajantes internacionais com dificuldade em falar japon\u00eas. Se desejar utilizar este servi\u00e7o, entre em contato conosco usando o formul\u00e1rio de consulta. <\/p>\n\n\n\n<div class=\"wp-block-buttons is-layout-flex wp-block-buttons-is-layout-flex\">\n<div class=\"wp-block-button\"><a class=\"wp-block-button__link has-small-font-size has-custom-font-size wp-element-button\" href=\"https:\/\/docs.google.com\/forms\/d\/1JATPpeGfRXaemIpjUO1PbKltxmmkNDiiO8owNQoPJU4\/\" target=\"_blank\" rel=\"noreferrer noopener\">\nEntre em contato conosco <\/a><\/div>\n<\/div>\n","protected":false},"excerpt":{"rendered":"<p>A Nissan Heritage Collection \u00e9 uma visita obrigat\u00f3ria para qualquer apaixonado por carros, mas fazer uma reserva pode ser desafiador. No entanto, usando o servi\u00e7o de notifica\u00e7\u00e3o &#8220;Notifica\u00e7\u00e3o de Reserva da Nissan Heritage Collection da Good Loop&#8221;, voc\u00ea pode garantir uma reserva. Este artigo explica a vis\u00e3o geral e o apelo da Nissan Heritage Collection, [&hellip;]<\/p>\n","protected":false},"author":1,"featured_media":677,"parent":777,"menu_order":0,"comment_status":"closed","ping_status":"closed","template":"","meta":{"footnotes":""},"class_list":["post-674","page","type-page","status-publish","has-post-thumbnail","hentry"],"_links":{"self":[{"href":"https:\/\/good-loop.co.jp\/pt\/wp-json\/wp\/v2\/pages\/674","targetHints":{"allow":["GET"]}}],"collection":[{"href":"https:\/\/good-loop.co.jp\/pt\/wp-json\/wp\/v2\/pages"}],"about":[{"href":"https:\/\/good-loop.co.jp\/pt\/wp-json\/wp\/v2\/types\/page"}],"author":[{"embeddable":true,"href":"https:\/\/good-loop.co.jp\/pt\/wp-json\/wp\/v2\/users\/1"}],"replies":[{"embeddable":true,"href":"https:\/\/good-loop.co.jp\/pt\/wp-json\/wp\/v2\/comments?post=674"}],"version-history":[{"count":0,"href":"https:\/\/good-loop.co.jp\/pt\/wp-json\/wp\/v2\/pages\/674\/revisions"}],"up":[{"embeddable":true,"href":"https:\/\/good-loop.co.jp\/pt\/wp-json\/wp\/v2\/pages\/777"}],"wp:featuredmedia":[{"embeddable":true,"href":"https:\/\/good-loop.co.jp\/pt\/wp-json\/wp\/v2\/media\/677"}],"wp:attachment":[{"href":"https:\/\/good-loop.co.jp\/pt\/wp-json\/wp\/v2\/media?parent=674"}],"curies":[{"name":"wp","href":"https:\/\/api.w.org\/{rel}","templated":true}]}}