{"id":686,"date":"2025-06-15T22:23:52","date_gmt":"2025-06-15T13:23:52","guid":{"rendered":"https:\/\/good-loop.co.jp\/?page_id=686"},"modified":"2026-02-28T16:18:28","modified_gmt":"2026-02-28T07:18:28","slug":"funcargo-reavaliado","status":"publish","type":"page","link":"https:\/\/good-loop.co.jp\/pt\/loja-carro\/funcargo-reavaliado\/","title":{"rendered":"Toyota Yaris Verso \u2014 Uma obra-prima redescoberta"},"content":{"rendered":"\n<h2 class=\"wp-block-heading\">Raro no Jap\u00e3o e exportado para o exterior: o Yaris Verso<\/h2>\n\n\n\n<p>O <strong>Toyota Yaris Verso<\/strong>, lan\u00e7ado em 1999 e com mais de 350.000 unidades vendidas em apenas seis anos, foi um sucesso retumbante no segmento dos monovolumes compactos da \u00e9poca. No entanto, nunca chegou a ter uma segunda gera\u00e7\u00e3o e foi descontinuado em 2005, pelo que atualmente o n\u00famero de unidades em circula\u00e7\u00e3o no Jap\u00e3o diminuiu drasticamente. Os exemplares que aparecem no mercado de usados s\u00e3o muito escassos: <strong>em 2026, apenas alguns an\u00fancios constam no mercado dom\u00e9stico<\/strong>, tornando-o um ve\u00edculo raro. Esta escassez tem levado muitos a reavali\u00e1-lo como um carro verdadeiramente especial.<\/p>\n\n\n\n<p>Por outro lado, o Yaris Verso goza de <strong>uma procura s\u00f3lida e sustentada no exterior<\/strong>, e muitas unidades s\u00e3o exportadas a partir do Jap\u00e3o. O modelo partilha os motores 1.3L 2NZ-FE e 1.5L 1NZ-FE com o Vitz\/Platz de primeira gera\u00e7\u00e3o, propulsores conhecidos por serem <strong>extremamente fi\u00e1veis<\/strong> \u2014 no Jap\u00e3o diz-se que <strong>&#8220;funcionam sem problemas at\u00e9 aos 300.000 km&#8221;<\/strong>. Gra\u00e7as \u00e0 sua robustez e facilidade de manuten\u00e7\u00e3o, mesmo os ve\u00edculos com alta quilometragem ou com avarias tendem a atingir bons pre\u00e7os no exterior, desde que o motor esteja em bom estado. De facto, a situa\u00e7\u00e3o atual \u00e9 que <strong>quase todos os Vitz de primeira gera\u00e7\u00e3o e modelos derivados (Vitz\/Platz\/Yaris Verso) que saem ao mercado dom\u00e9stico acabam por ser exportados<\/strong>.<\/p>\n\n\n\n<p>A popularidade do Yaris Verso no exterior reside na sua <strong>praticidade e fiabilidade<\/strong>. Apesar da carro\u00e7aria compacta com menos de 4 metros de comprimento, a sua estrutura tipo wagon de teto alto oferece um habit\u00e1culo excecionalmente espa\u00e7oso; rebatendo os bancos traseiros obt\u00e9m-se uma bagageira completamente plana onde cabem at\u00e9 bicicletas ou motociclos. O grande espa\u00e7o de carga torna-o <strong>\u00fatil para uma grande variedade de utiliza\u00e7\u00f5es, desde comerciais a quotidianas<\/strong>, sendo muito valorizado no exterior como &#8220;carrinha pequena, barata e fi\u00e1vel&#8221;. Mesmo que uma unidade esteja prestes a ser abatida no Jap\u00e3o, <strong>h\u00e1 casos em que at\u00e9 os carros avariados ou que n\u00e3o arrancam s\u00e3o comprados<\/strong> gra\u00e7as \u00e0 elevada procura internacional. Alguns desmanteladores estabeleceram canais de exporta\u00e7\u00e3o e chegam a exportar pe\u00e7as de ve\u00edculos desmontados, existindo tamb\u00e9m uma forte procura de motores e componentes individuais.<\/p>\n\n\n\n<p>A popularidade \u00e9 especialmente not\u00e1vel na <strong>R\u00fassia e em \u00c1frica<\/strong>, onde \u00e9 frequente encontrar unidades do Yaris Verso (nome em russo: \u0424\u0443\u043d\u043a\u0430\u0440\u0433\u043e). Por exemplo, no site russo de compra e venda de carros usados surgem <strong>mais de 600 an\u00fancios de Yaris Verso<\/strong> <a href=\"https:\/\/auto.drom.ru\/toyota\/funcargo\/#:~:text=%D0%9A%D1%83%D0%BF%D0%B8%D1%82%D1%8C%20%D0%A2%D0%BE%D0%B9%D0%BE%D1%82%D0%B0%20%D0%A4%D1%83%D0%BD%D0%BA%D0%B0%D1%80%D0%B3%D0%BE%20%D0%B2%20%D0%A0%D0%BE%D1%81%D1%81%D0%B8%D0%B8%3A,%D0%BA%D1%83%D0%BF%D0%B8%D1%82%D1%8C%20%D1%81%20%D0%BF%D1%80%D0%BE%D0%B1%D0%B5%D0%B3%D0%BE%D0%BC%20%D0%BD%D0%B0%20%D0%94%D1%80%D0%BE%D0%BC%D0%B5\" target=\"_blank\" rel=\"noreferrer noopener\">auto.drom.ru<\/a>, e nos pa\u00edses do leste de \u00c1frica (como a Tanz\u00e2nia) pode constatar-se um <strong>stock de mais de 400 unidades<\/strong> em circula\u00e7\u00e3o <a href=\"https:\/\/cars.tz.cari.africa\/cars\/toyota-funcargo#:~:text=We%20have%20440%20ads%20for,keyword%20toyota%20funcargo\" target=\"_blank\" rel=\"noreferrer noopener\">cars.tz.cari.africa<\/a>. Por ser um Toyota fi\u00e1vel com pe\u00e7as acess\u00edveis, no Uganda e na Tanz\u00e2nia continua a ser utilizado como t\u00e1xi ou ve\u00edculo comercial, sendo reparado sempre que necess\u00e1rio e mantendo-se em circula\u00e7\u00e3o durante muitos anos. Assim, s\u00e3o in\u00fameros os casos em que um Yaris Verso que terminou a sua vida \u00fatil no Jap\u00e3o <strong>come\u00e7a uma segunda vida no exterior<\/strong>: cada vez mais raro no mercado dom\u00e9stico, mas ainda muito ativo como ve\u00edculo de trabalho l\u00e1 fora.<\/p>\n\n\n\n<h2 class=\"wp-block-heading\">Na Europa, muito bem avaliado como &#8220;Yaris Verso&#8221;<\/h2>\n\n\n\n<p>O Yaris Verso foi um modelo <strong>desenvolvido desde o in\u00edcio a pensar no mercado europeu<\/strong>, onde foi comercializado sob o nome <strong>&#8220;Toyota Yaris Verso&#8221;<\/strong>. A rece\u00e7\u00e3o por parte dos utilizadores europeus foi muito positiva: no momento do seu lan\u00e7amento, h\u00e1 registos de que o Yaris Verso <strong>obteve o primeiro lugar em inqu\u00e9ritos de satisfa\u00e7\u00e3o de utilizadores no Reino Unido<\/strong>. De facto, foi noticiado que <strong>92% dos propriet\u00e1rios do Yaris Verso inquiridos por uma revista de consumidores brit\u00e2nica responderam que o recomendariam a um amigo, obtendo a pontua\u00e7\u00e3o m\u00e1xima entre todos os modelos avaliados<\/strong> <a href=\"https:\/\/www.auto123.com\/en\/news\/bmw-x5-and-toyota-yaris-verso-tie-for-britains-most-recommended-cars\/43780\/#:~:text=Image%20When%20asked%20by%20%27Which%3F%27,%28Photo%3A%20Toyota\" target=\"_blank\" rel=\"noreferrer noopener\">auto123.com<\/a>. Apesar de ser um carro pequeno, o seu espa\u00e7o interior generoso e praticidade foram muito apreciados na Europa, chegando a ser eleito um dos &#8220;melhores na sua categoria&#8221;, a par do Honda Jazz (Fit).<\/p>\n\n\n\n<p>O Yaris Verso foi <strong>pioneiro no segmento dos supermini MPV na Europa<\/strong> e foi descrito como &#8220;o modelo que definiu a sua categoria&#8221; <a href=\"https:\/\/www.rac.co.uk\/drive\/car-reviews\/toyota\/verso\/yaris-verso-1999-2008\/#:~:text=The%20Toyota%20Yaris%20Verso%20was,fact%20that%20take%20up%20has\" target=\"_blank\" rel=\"noreferrer noopener\">rac.co.uk<\/a>. Com apenas cerca de 3,8 metros de comprimento, oferecia espa\u00e7o habit\u00e1vel para quatro pessoas e bagageira, e ainda, na vers\u00e3o a diesel, atingia um consumo superior a 20 km por litro, tornando-o um carro urbano ideal no papel <a href=\"https:\/\/www.slashgear.com\/1795642\/worst-looking-toyota-models-ever-designed\/#:~:text=Toyota%20Yaris%20Verso%20%282000\" target=\"_blank\" rel=\"noreferrer noopener\">slashgear.com<\/a>. Destaca-se tamb\u00e9m a sua <strong>excecional fiabilidade e durabilidade<\/strong>: em recens\u00f5es de carros usados do Reino Unido \u00e9 descrito como um carro <strong>&#8220;muito resistente (hardwearing)&#8221;<\/strong>, sendo sabido que muitos exemplares continuam a circular sem grandes avarias mesmo com muita antiguidade.<\/p>\n\n\n\n<p>Em termos de design, foi classificado como s\u00f3brio ou exc\u00eantrico na \u00e9poca e n\u00e3o chegou a ser um grande sucesso de vendas, mas ainda assim <strong>a satisfa\u00e7\u00e3o geral dos seus propriet\u00e1rios tendia a ser elevada<\/strong>. A est\u00e9tica peculiar do Yaris Verso (frontal arredondado e janelas laterais em forma de l\u00e1grima) gerou opini\u00f5es divididas, mas o seu <strong>conceito eminentemente pr\u00e1tico foi apoiado por utilizadores de todas as idades<\/strong>, desde jovens a idosos, encontrando-se em v\u00e1rios pa\u00edses europeus utilizadores que o conservaram durante muitos anos. Ap\u00f3s o fim da produ\u00e7\u00e3o, na Europa surgiram sucessores como o Toyota Laquo (Verso-S) ou o Peugeot 1007, mas poucos modelos conseguiram combinar a compacidade e a versatilidade do Yaris Verso, tornando-o um <strong>modelo de nicho com alguma popularidade no mercado de segunda m\u00e3o<\/strong>. Na Alemanha, por exemplo, por volta de 2017 encontravam-se facilmente unidades por cerca de 1.000 euros, e foram relatados casos de viajantes que o escolhiam como o seu carro na Europa pela facilidade de estacionamento e praticidade <a href=\"https:\/\/www.curbsideclassic.com\/cars-of-a-lifetime\/qotd-update-coal-2000-toyota-yaris-verso-europe-beater\/#:~:text=Then%20I%20started%20to%20take,a%20parking%20spot%20in%20Berlin\" target=\"_blank\" rel=\"noreferrer noopener\">curbsideclassic.com<\/a>. Assim, tamb\u00e9m na Europa, o Yaris Verso mant\u00e9m uma <strong>discreta popularidade como &#8220;joia escondida do mercado de segunda m\u00e3o&#8221;<\/strong>.<\/p>\n\n\n\n<figure class=\"wp-block-image size-large\"><img decoding=\"async\" src=\"https:\/\/good-loop.co.jp\/es\/wp-content\/uploads\/sites\/5\/2026\/02\/IMG_20221008_094743782-1024x768.jpg\" alt=\"\" class=\"wp-image-1028\"\/><figcaption class=\"wp-element-caption\">Fotografado em Portugal em 2022<\/figcaption><\/figure>\n\n\n\n<h2 class=\"wp-block-heading\">Por que se valorizam a sua durabilidade e a sua singular praticidade<\/h2>\n\n\n\n<p>As raz\u00f5es pelas quais o Yaris Verso est\u00e1 a ser reavaliado dentro e fora do Jap\u00e3o e \u00e9 considerado um carro excecional residem na sua <strong>extraordin\u00e1ria durabilidade<\/strong> e na sua <strong>singular praticidade<\/strong>. Seguem-se os principais pontos.<\/p>\n\n\n\n<ul class=\"wp-block-list\">\n<li><strong>Motor de durabilidade extraordin\u00e1ria<\/strong>: Como j\u00e1 foi referido, os motores 1NZ-FE\/2NZ-FE que equipa s\u00e3o famosos pela sua fiabilidade. A sua reputa\u00e7\u00e3o de <strong>&#8220;praticamente nunca avariar&#8221;<\/strong> \u00e9 conhecida tamb\u00e9m no exterior, e com uma manuten\u00e7\u00e3o b\u00e1sica como as mudan\u00e7as de \u00f3leo, aguentam centenas de milhares de quil\u00f3metros. A sua grande durabilidade faz com que no exterior haja utilizadores que continuam a conduzi-lo com muitos anos de vida, e tanto o motor como as pe\u00e7as individuais t\u00eam uma procura muito elevada.<\/li>\n\n\n\n<li><strong>Habit\u00e1culo amplo e configura\u00e7\u00e3o vers\u00e1til de bancos<\/strong>: A carro\u00e7aria tipo caixa com teto elevado proporciona um interior muito espa\u00e7oso, surpreendente para um utilit\u00e1rio. Os bancos traseiros s\u00e3o do tipo retr\u00e1ctil de perfil baixo e podem <strong>ser facilmente recolhidos sob o ch\u00e3o para obter uma bagageira completamente plana<\/strong> (nos modelos tardios foram substitu\u00eddos por bancos mais espessos orientados para o conforto). Gra\u00e7as a este mecanismo obt\u00e9m-se <strong>um volume de bagageira de at\u00e9 mais de 575 litros<\/strong>, capaz de albergar bicicletas e cargas de grande dimens\u00e3o. O inovador sistema de bancos e a sua capacidade de arruma\u00e7\u00e3o, revolucion\u00e1rios para a \u00e9poca, continuam a ser apreciados hoje como algo &#8220;insubstitu\u00edvel&#8221;.<\/li>\n\n\n\n<li><strong>Vers\u00f5es de acessibilidade e outras variantes \u00fanicas<\/strong>: O Yaris Verso contava tamb\u00e9m com <strong>uma vers\u00e3o de acessibilidade com rampa para cadeira de rodas<\/strong>. Era invulgar dispor de uma adapta\u00e7\u00e3o deste tipo numa berlina com menos de 4 metros de comprimento, e na \u00e9poca era habitual v\u00ea-lo <strong>a prestar servi\u00e7os de transporte assistido e traslado em ruas estreitas por todo o pa\u00eds<\/strong>. A combina\u00e7\u00e3o de carro\u00e7aria compacta com um interior amplo era especialmente adequada para o transporte de pessoas idosas ou com defici\u00eancia, uma vantagem \u00fanica e muito valiosa.<\/li>\n\n\n\n<li><strong>Constru\u00e7\u00e3o simples e qualidade Toyota de confian\u00e7a<\/strong>: O seu design fiel ao esquema b\u00e1sico do hatchback de 5 portas \u2014 sem porta deslizante \u2014 simplifica a mec\u00e2nica, reduz o peso e minimiza o risco de avarias. O interior, dominado por pl\u00e1sticos duros, pode ser qualificado de &#8220;austero&#8221;, mas em contrapartida \u00e9 muito robusto e resistente ao desgaste; de facto, muitos utilizadores conservaram-no durante anos como um <strong>&#8220;companheiro fiel, s\u00f3brio e que nunca cansa&#8221;<\/strong>. A isto acresce a tranquilidade oferecida pela estabilidade no fornecimento de pe\u00e7as de substitui\u00e7\u00e3o pr\u00f3pria dos Toyota, fazendo do baixo custo de manuten\u00e7\u00e3o e da fiabilidade as suas grandes atra\u00e7\u00f5es para os compradores de segunda m\u00e3o.<\/li>\n<\/ul>\n\n\n\n<h2 class=\"wp-block-heading\">O que poucos sabem: o Yaris Verso tamb\u00e9m \u00e9 um prazer de conduzir<\/h2>\n\n\n\n<p>Quando se pensa no Yaris Verso, muita gente associa-o \u00e0 imagem de um &#8220;monovolume alto e pr\u00e1tico&#8221;, mas a verdade \u00e9 que este carro oferece tamb\u00e9m um desempenho de condu\u00e7\u00e3o verdadeiramente not\u00e1vel.<\/p>\n\n\n\n<p>O engenheiro-chefe foi Takumi Tsuzuki, respons\u00e1vel tamb\u00e9m pelo Supra 80, pelo prot\u00f3tipo de Grupo B do MR2 e pelo Raum \u2014 um veterano com experi\u00eancia tanto em desportivos como em utilit\u00e1rios. O resultado foi uma perfeita harmonia entre os tr\u00eas fatores que ele priorizava: rigidez da carro\u00e7aria, rigidez de rolamento da suspens\u00e3o e pneus adequados, o que se traduziu num desempenho durante os testes na Europa que, segundo se diz, deixou muito para tr\u00e1s os rivais do seu segmento.<\/p>\n\n\n\n<p>A rigidez da carro\u00e7aria foi refor\u00e7ada para poder transportar carga, e como contrapartida \u00e0 sua maior altura do centro de gravidade \u2014 tamb\u00e9m influenciada pelo acidente de alce do Mercedes-Benz Classe A \u2014 foi prestada uma aten\u00e7\u00e3o m\u00e1xima \u00e0 estabilidade din\u00e2mica. O acabamento superior G incorporava o Steershift Matic, presente tamb\u00e9m nos modelos desportivos da Toyota como o Aristo, o Supra ou o Altezza, o que demonstra a voca\u00e7\u00e3o din\u00e2mica de um carro que, \u00e0 partida, \u00e9 um ve\u00edculo de uso pr\u00e1tico. O Yaris Verso n\u00e3o \u00e9 uma simples &#8220;caixa \u00fatil&#8221;: \u00e9 um carro excecional, conhecido apenas pelos entendidos, no qual a Toyota investiu toda a sua seriedade em mat\u00e9ria de condu\u00e7\u00e3o.<\/p>\n\n\n\n<h2 class=\"wp-block-heading\">Um carro renascido como obra de arte: o precioso Yaris Verso de uma propriet\u00e1ria holandesa<\/h2>\n\n\n\n<p>Este artigo publicado no site oficial da Toyota Pa\u00edses Baixos narra a hist\u00f3ria tocante de Elly, uma amante da arte, e o seu querido carro.<br><a href=\"https:\/\/www.toyota.nl\/ontdek-toyota\/nieuws\/ellys-kunstzinnige-toyota-yaris-verso\" target=\"_blank\" rel=\"noreferrer noopener\">Elly&#8217;s kunstzinnige Toyota Yaris Verso | Toyota.nl<\/a><br>Um dia, um amolgad\u00e3o na carro\u00e7aria levou Elly a encomendar ao artista de rua Ox Alien a decora\u00e7\u00e3o do carro. O tema escolhido foi &#8220;o mar&#8221;. Inspirando-se no mar da regi\u00e3o da Zel\u00e2ndia, que tanto ama, pediu-lhe que pintasse um polvo aproveitando o bonito azul da carro\u00e7aria.<\/p>\n\n\n\n<figure class=\"wp-block-image size-large\"><img decoding=\"async\" src=\"https:\/\/good-loop.co.jp\/es\/wp-content\/uploads\/sites\/5\/2025\/11\/Toyota-Yaris-Verso-exterieur-zijkant_Large-Landscape-1024x576.jpg\" alt=\"\" class=\"wp-image-1022\"\/><figcaption class=\"wp-element-caption\">O Yaris Verso de Elly, transformado em obra de arte<\/figcaption><\/figure>\n\n\n\n<p>Conclu\u00edda em apenas hora e meia, esta obra mudou a vida de Elly por completo. No supermercado, as pessoas pedem-lhe para tirar fotografias; o seu carro tornou-se trending topic nas redes sociais; os amigos pedem para andar no &#8220;carro dela&#8221;. Ela chama ao seu Yaris Verso carinhosamente &#8220;Oxalientje&#8221; e garante que &#8220;jamais se vai desfazer dele&#8221;.<br>\u00c9 uma hist\u00f3ria linda: o Yaris Verso (nome japon\u00eas: Yaris Verso), conhecido como um monovolume alto e funcional, ganhou uma nova vida como obra de arte.<\/p>\n\n\n\n<h2 class=\"wp-block-heading\">O Yaris Verso na manga<\/h2>\n\n\n\n<p>N\u00e3o \u00e9 um carro que apare\u00e7a em tantas obras como os desportivos, mas teve uma presen\u00e7a memor\u00e1vel como ve\u00edculo protagonista em algumas s\u00e9ries.<\/p>\n\n\n\n<p>Em primeiro lugar, aparece no epis\u00f3dio 219 do anime <em>Detective Conan<\/em>: <a href=\"https:\/\/www.ytv.co.jp\/conan\/archive\/k20010108.html\" data-type=\"link\" data-id=\"https:\/\/www.ytv.co.jp\/conan\/archive\/k20010108.html\" target=\"_blank\" rel=\"noreferrer noopener\"><em>&#8220;Os Detetives Mais Famosos Reunidos! Shinichi Kudo vs. Kaitou Kid&#8221;<\/em><\/a>. O ve\u00edculo representado est\u00e1 equipado com o Steershift Matic e pe\u00e7as aerodin\u00e2micas. No manga original, este carro era um Swift tipo HT.<\/p>\n\n\n\n<figure class=\"wp-block-image size-large\"><img decoding=\"async\" src=\"https:\/\/good-loop.co.jp\/wp-content\/uploads\/2026\/02\/fc_conan-1024x768.jpg\" alt=\"\" class=\"wp-image-1077\"\/><figcaption class=\"wp-element-caption\">Detective Conan<\/figcaption><\/figure>\n\n\n\n<p>De seguida, aparece tamb\u00e9m um modelo S Package na manga <a href=\"https:\/\/magazine.yanmaga.jp\/c\/nekketsuchuukoshayadamashii_arthurgarage\" data-type=\"link\" data-id=\"https:\/\/magazine.yanmaga.jp\/c\/nekketsuchuukoshayadamashii_arthurgarage\" target=\"_blank\" rel=\"noreferrer noopener\"><em>Nekketsu Ch\u016bkosha-ya Tamashii!! Arthur GARAGE<\/em><\/a>, de Tarshi. No cap\u00edtulo 35 \u00e9 adquirido numa venda entre profissionais juntamente com um Roadster e um Acty. Continua a aparecer at\u00e9 ao cap\u00edtulo 59, sendo utilizado como ve\u00edculo da oficina: transportando jantes (SSR MK-III) e realizando viagens de compra de longa dist\u00e2ncia, entre outras tarefas.<\/p>\n\n\n\n<figure class=\"wp-block-image size-large\"><img decoding=\"async\" src=\"https:\/\/good-loop.co.jp\/wp-content\/uploads\/2026\/02\/fc_asa-garage-1024x512.jpg\" alt=\"\" class=\"wp-image-1078\"\/><figcaption class=\"wp-element-caption\">Nekketsu Ch\u016bkosha-ya Tamashii!! Arthur GARAGE<\/figcaption><\/figure>\n\n\n\n<p>Haver\u00e1 outras obras em que apare\u00e7a o Yaris Verso?<\/p>\n\n\n\n<hr class=\"wp-block-separator has-alpha-channel-opacity\"\/>\n\n\n\n<p>Apoiado nestas caracter\u00edsticas, o Yaris Verso continua a encontrar novos valores dentro e fora do Jap\u00e3o mais de 20 anos ap\u00f3s o seu lan\u00e7amento. Por vezes descrito como &#8220;o misterioso sucesso que vendeu 350.000 unidades sem porta deslizante&#8221;, por detr\u00e1s dele pulsa uma filosofia de desenvolvimento avan\u00e7ada e racional, juntamente com o esp\u00edrito artesanal e s\u00f3lido que caracteriza a Toyota. No Jap\u00e3o, um reduzido mas apaixonado grupo de seguidores continua a divulgar as suas virtudes, e a <strong>Good Loop<\/strong> \u2014 considerada a \u00fanica loja especializada em Yaris Verso de todo o pa\u00eds \u2014 recebe consultas de toda a geografia nacional. Um antigo sucesso de vendas que com o passar do tempo se tornou num <strong>&#8220;cl\u00e1ssico escondido&#8221;<\/strong>, amado para al\u00e9m das fronteiras: a hist\u00f3ria do Toyota Yaris Verso continua a rodar, hoje, pelos caminhos do mundo.<\/p>\n","protected":false},"excerpt":{"rendered":"<p>Raro no Jap\u00e3o e exportado para o exterior: o Yaris Verso O Toyota Yaris Verso, lan\u00e7ado em 1999 e com mais de 350.000 unidades vendidas em apenas seis anos, foi um sucesso retumbante no segmento dos monovolumes compactos da \u00e9poca. No entanto, nunca chegou a ter uma segunda gera\u00e7\u00e3o e foi descontinuado em 2005, pelo [&hellip;]<\/p>\n","protected":false},"author":1,"featured_media":688,"parent":663,"menu_order":0,"comment_status":"closed","ping_status":"closed","template":"","meta":{"footnotes":""},"class_list":["post-686","page","type-page","status-publish","has-post-thumbnail","hentry"],"_links":{"self":[{"href":"https:\/\/good-loop.co.jp\/pt\/wp-json\/wp\/v2\/pages\/686","targetHints":{"allow":["GET"]}}],"collection":[{"href":"https:\/\/good-loop.co.jp\/pt\/wp-json\/wp\/v2\/pages"}],"about":[{"href":"https:\/\/good-loop.co.jp\/pt\/wp-json\/wp\/v2\/types\/page"}],"author":[{"embeddable":true,"href":"https:\/\/good-loop.co.jp\/pt\/wp-json\/wp\/v2\/users\/1"}],"replies":[{"embeddable":true,"href":"https:\/\/good-loop.co.jp\/pt\/wp-json\/wp\/v2\/comments?post=686"}],"version-history":[{"count":2,"href":"https:\/\/good-loop.co.jp\/pt\/wp-json\/wp\/v2\/pages\/686\/revisions"}],"predecessor-version":[{"id":872,"href":"https:\/\/good-loop.co.jp\/pt\/wp-json\/wp\/v2\/pages\/686\/revisions\/872"}],"up":[{"embeddable":true,"href":"https:\/\/good-loop.co.jp\/pt\/wp-json\/wp\/v2\/pages\/663"}],"wp:featuredmedia":[{"embeddable":true,"href":"https:\/\/good-loop.co.jp\/pt\/wp-json\/wp\/v2\/media\/688"}],"wp:attachment":[{"href":"https:\/\/good-loop.co.jp\/pt\/wp-json\/wp\/v2\/media?parent=686"}],"curies":[{"name":"wp","href":"https:\/\/api.w.org\/{rel}","templated":true}]}}