{"id":784,"date":"2025-07-25T20:38:57","date_gmt":"2025-07-25T11:38:57","guid":{"rendered":"https:\/\/good-loop.co.jp\/?page_id=784"},"modified":"2025-07-25T20:38:57","modified_gmt":"2025-07-25T11:38:57","slug":"re-himalaia-ao-redor-do-mundo","status":"publish","type":"page","link":"https:\/\/good-loop.co.jp\/pt\/colunas\/re-himalaia-ao-redor-do-mundo\/","title":{"rendered":"Viajando pelo mundo com a Royal Enfield Himalayan: uma experi\u00eancia real de um motociclista apaixonado pela Grande Jornada"},"content":{"rendered":"\n\nRecentemente, a Good Loop recebeu uma consulta. Era de um motociclista que havia viajado da Europa para o Jap\u00e3o em uma moto de aventura da Royal Enfield, a Himalayan, e queria exportar sua amada moto de volta para sua cidade natal. Ao ver a moto que havia completado a Grande Jornada (uma longa jornada transcontinental) com meus pr\u00f3prios olhos, fiquei sinceramente impressionado, pensando: &#8220;Como ele conseguiu chegar l\u00e1 em uma moto t\u00e3o antiga?&#8221;. Tendo pilotado m\u00e1quinas leves e potentes como a KTM 690, eu tinha uma ideia preconcebida de que a Himalayan era retr\u00f4 e de baixa pot\u00eancia. No entanto, ao test\u00e1-la, percebi que a moto possu\u00eda um charme \u00fanico que ia al\u00e9m da minha imagina\u00e7\u00e3o. A seguir, apresentarei de forma objetiva e apaixonada o apelo da Himalayan aos motociclistas que desejam embarcar na Grande Jornada. <\/p>\n\n\n\n<p>A Royal Enfield Himalayan \u00e9 um modelo completo, com dupla fun\u00e7\u00e3o e motor monocil\u00edndrico, lan\u00e7ado em 2016. Esta moto marcou uma ruptura completa com o estilo cl\u00e1ssico deste fabricante indiano de longa data, apresentando um design simples e robusto que contrastava fortemente com as motos de aventura pesadas, que dependiam fortemente de controles eletr\u00f4nicos. Inicialmente, atraiu muita aten\u00e7\u00e3o com seu pre\u00e7o acess\u00edvel e baixo custo de manuten\u00e7\u00e3o, ampla gama de acess\u00f3rios originais e um sistema de bagagem bem pensado para armazenamento seguro. Depois que a empolga\u00e7\u00e3o inicial passou, os motociclistas come\u00e7aram a comprar a moto e embarcar em longas viagens, e suas experi\u00eancias falam por si. Neste artigo, exploramos o que a Himalayan significa para os motociclistas que aspiram a embarcar na Grande Jornada \u2014 ou seja, viagens terrestres globais \u2014 e nos aprofundamos em seu apelo e capacidades pr\u00e1ticas, compartilhando as experi\u00eancias daqueles que realmente a levaram em uma jornada transcontinental. <\/p>\n\n\n\n<h2 class=\"wp-block-heading\">Por que ela \u00e9 amada na \u00cdndia e atrai aten\u00e7\u00e3o global<\/h2>\n\n\n\n<p>Ao falar da Himalayan, \u00e9 essencial mencionar sua imensa popularidade em seu ber\u00e7o, a \u00cdndia. Atualmente sediada na \u00cdndia, a Royal Enfield ostenta uma das maiores fatias de mercado do mundo em motocicletas cl\u00e1ssicas de cilindrada m\u00e9dia. A Himalayan, em particular, se estabeleceu como um &#8220;ve\u00edculo de turismo de aventura de mercado de massa&#8221; na \u00cdndia e tem sido adotada com entusiasmo pelos motociclistas indianos desde seu lan\u00e7amento. Quando viajei para a \u00cdndia, fiquei impressionado com a vis\u00e3o das motocicletas Royal Enfield por toda parte, das ruas da cidade aos sop\u00e9s do Himalaia. De fato, a Himalayan tem sido um enorme sucesso no mercado indiano, tornando-se uma das motocicletas mais ic\u00f4nicas do pa\u00eds e, nos \u00faltimos anos, sua reputa\u00e7\u00e3o tamb\u00e9m se espalhou para o exterior. <\/p>\n\n\n\n<figure class=\"wp-block-image size-large\"><img loading=\"lazy\" decoding=\"async\" width=\"1024\" height=\"576\" src=\"https:\/\/good-loop.co.jp\/pt\/wp-content\/uploads\/2025\/07\/IMG_20241214_205520869-1024x576.jpg\" alt=\"\" class=\"wp-image-788\" srcset=\"https:\/\/good-loop.co.jp\/pt\/wp-content\/uploads\/sites\/7\/2025\/07\/IMG_20241214_205520869-1024x576.jpg 1024w, https:\/\/good-loop.co.jp\/pt\/wp-content\/uploads\/sites\/7\/2025\/07\/IMG_20241214_205520869-300x169.jpg 300w, https:\/\/good-loop.co.jp\/pt\/wp-content\/uploads\/sites\/7\/2025\/07\/IMG_20241214_205520869-768x432.jpg 768w, https:\/\/good-loop.co.jp\/pt\/wp-content\/uploads\/sites\/7\/2025\/07\/IMG_20241214_205520869-1536x864.jpg 1536w, https:\/\/good-loop.co.jp\/pt\/wp-content\/uploads\/sites\/7\/2025\/07\/IMG_20241214_205520869.jpg 2000w\" sizes=\"auto, (max-width: 1024px) 100vw, 1024px\" \/><figcaption class=\"wp-element-caption\">Royal Enfield Bullitt 350 em Delhi, \u00cdndia<\/figcaption><\/figure>\n\n\n\n<p>O motivo pelo qual a Himalayan \u00e9 t\u00e3o amada \u00e9 que, como mencionado acima, ela \u00e9 uma moto de aventura &#8220;em tamanho real&#8221;, confort\u00e1vel o suficiente para evitar fadiga mesmo em longas dist\u00e2ncias e potente o suficiente para lidar com terrenos acidentados, al\u00e9m de ser acess\u00edvel e econ\u00f4mica. Sua natureza simples, descomplicada e f\u00e1cil de manusear combina perfeitamente com as condi\u00e7\u00f5es das estradas na \u00cdndia, dando a muitos ciclistas uma sensa\u00e7\u00e3o de familiaridade que os faz pensar: &#8220;Eu tamb\u00e9m conseguiria fazer isso&#8221;. De fato, os eventos de turismo Himalayan organizados pela Royal Enfield (como a Himalayan Odyssey) atraem muitos participantes de dentro e de fora do Jap\u00e3o, demonstrando a reputa\u00e7\u00e3o da Himalayan como uma moto suave que inspira aventura.\n\n\n\n\n\n<h2 class=\"wp-block-heading\">Da \u00cdndia para a Europa: A Aventura de 36.000 km da Itchy Boots<\/h2>\n\n\n\n<p>A ciclista holandesa Noralie Schoonmaeker (apelidada de Itchy Boots) comprou uma Himalayan na \u00cdndia e partiu em uma jornada que se estendeu do norte da \u00cdndia at\u00e9 a Holanda, passando pelo Sudeste Asi\u00e1tico. Ela percorreu 36.000 km em 25 pa\u00edses em oito meses e meio, o que lhe rendeu o apelido de &#8220;Botas Co\u00e7antes&#8221; entre os motociclistas aventureiros. O pr\u00f3prio Noralie afirma que &#8220;n\u00e3o houve uma \u00fanica pane grave durante a viagem&#8221;, mas isso n\u00e3o significa que n\u00e3o tenha havido problemas menores. Por exemplo, ele queimou um disco de embreagem em uma estrada de montanha no Ir\u00e3 depois de percorrer mais de 17.000 km. No entanto, ele se lembra com orgulho de que teve a sorte de ter um sobressalente e conseguiu substitu\u00ed-lo facilmente sozinho. Parece tamb\u00e9m que algumas das pe\u00e7as originais apresentam pontos fracos. O rolamento da coluna de dire\u00e7\u00e3o foi substitu\u00eddo uma vez aos 8.000 km e, novamente, cerca de 9.000 km depois, quando come\u00e7ou a fazer barulho, ent\u00e3o foi substitu\u00eddo novamente. Ele estava no Cazaquist\u00e3o quando a segunda troca ocorreu, mas encontrou um rolamento compat\u00edvel no mercado local e conseguiu evitar quaisquer problemas. Ele tamb\u00e9m sentiu que os pneus indianos originais (fabricados pela CEAT) tinham baixa ader\u00eancia e eram in\u00fateis, ent\u00e3o os substituiu por novos aos 1.100 km. A partir da\u00ed, ele continuou sua jornada com seus adorados Pirelli MT60s (os MT60s s\u00e3o equipamentos de s\u00e9rie nos Himalaias para os mercados ocidentais). Ela tamb\u00e9m citou outras reclama\u00e7\u00f5es, como o assento muito macio, o para-brisa muito baixo e o cavalete central ocupando espa\u00e7o do solo, mas disse: &#8220;Esses s\u00e3o apenas problemas menores, nada de mais.&#8221; <\/p>\n\n\n\n<figure class=\"wp-block-image size-large\"><img decoding=\"async\" src=\"https:\/\/www.itchyboots.com\/files\/blogs\/on-the-odo-20.000-km-when-the-world-stopped-spinning\/on-the-odo-20.000-km-when-the-world-stopped-spinning-1.jpg\" alt=\"Um ciclista encara a natureza des\u00e9rtica da Bol\u00edvia, Am\u00e9rica do Sul, a uma altitude de quase 5.000 m, em uma Himalaia. Embora a altitude extremamente elevada apresente desafios, como a perda de pot\u00eancia do motor, esta m\u00e1quina persevera em terrenos acidentados.\" \/><\/figure>\n\n\n\n<p>Norally tamb\u00e9m prestou muita aten\u00e7\u00e3o \u00e0 manuten\u00e7\u00e3o, percorrendo aproximadamente 40.000 km de estradas irregulares sem nenhuma pane grave. Sua manuten\u00e7\u00e3o rigorosa, como &#8220;substituir pe\u00e7as antes que quebrem&#8221; e &#8220;trocar o \u00f3leo do motor a cada 3.000 km, mesmo em \u00e1reas remotas onde s\u00f3 h\u00e1 \u00f3leo de baixa qualidade dispon\u00edvel&#8221;, tamb\u00e9m parece ter contribu\u00eddo para o desempenho robusto da m\u00e1quina. O motivo da escolha da Himalayan \u00e9 claro: antes de tudo, era acess\u00edvel. Ela diz que esta moto lhe permite viajar da mesma forma sem gastar uma fortuna em um ve\u00edculo de aventura grande e caro, e que a economia lhe permitir\u00e1 explorar mais. Outro fator importante foi que ela era &#8220;resistente e f\u00e1cil de manusear&#8221;. Apesar de tombar v\u00e1rias vezes, n\u00e3o era t\u00e3o pesada a ponto de ela n\u00e3o conseguir endireit\u00e1-la sozinha, e ela sentiu que suportaria at\u00e9 os terrenos mais remotos e era f\u00e1cil de manter. Seu design de baixa tecnologia \u2014 sem depender de controles eletr\u00f4nicos \u2014 &#8220;significa que at\u00e9 mesmo um mec\u00e2nico de rua n\u00e3o ter\u00e1 medo de ligar o motor&#8221;, diz ela, proporcionando muita tranquilidade durante sua jornada pelo pa\u00eds. Por outro lado, n\u00e3o \u00e9 ideal para viagens em alta velocidade, e ela admite francamente: &#8220;Eu definitivamente quero mais pot\u00eancia. Se eu for pedalar principalmente na estrada, ficarei decepcionada&#8221;. Ainda assim, ela diz: &#8220;Se eu estiver viajando por estradas secund\u00e1rias, a pot\u00eancia atual \u00e9 perfeitamente adequada para aproveitar&#8221;, e, de fato, ela completou sua jornada nesta bicicleta, percorrendo in\u00fameras estradas locais, do Himalaia ao Oriente M\u00e9dio e \u00e0 Europa. <\/p>\n\n\n\n<h2 class=\"wp-block-heading\">Jovem ciclista brit\u00e2nico viaja ao redor do mundo em uma Himalaia<\/h2>\n\n\n\n<figure class=\"wp-block-image size-large\"><img decoding=\"async\" src=\"https:\/\/roaddirt.tv\/wp-content\/uploads\/2022\/03\/Jack-Groves-world-trek-1024x640.jpeg\" alt=\"Um jovem ciclista brit\u00e2nico est\u00e1 em uma alta passagem de montanha em sua Royal Enfield Himalayan personalizada, usando-a para tentar se tornar a pessoa mais jovem a pedalar ao redor do mundo em uma motocicleta.\" \/><\/figure>\n\n\n\n<p>Este ciclista brit\u00e2nico, chamado Jack, partiu de Londres em julho de 2019, aos 21 anos. Ele cruzou a Europa, passou pelos B\u00e1lc\u00e3s e pela Turquia e depois continuou para a \u00c1sia Central. Ele cruzou o Mar C\u00e1spio de balsa, viajou do Turcomenist\u00e3o para o Tadjiquist\u00e3o e o Quirguist\u00e3o e at\u00e9 mesmo enfrentou a lend\u00e1ria rota das Montanhas Pamir. Apesar de navegar pelos complicados procedimentos de viagem (conhecidos como burocracia) ao cruzar a China, ele conseguiu chegar ao Sudeste Asi\u00e1tico, incluindo Laos, Tail\u00e2ndia e Mal\u00e1sia. A segunda metade de sua jornada tamb\u00e9m o levou pelo continente australiano. Em pleno ver\u00e3o, a Austr\u00e1lia foi atingida pelos piores inc\u00eandios florestais em d\u00e9cadas, e ele cavalgou sob o calor escaldante das Plan\u00edcies de Nullborough at\u00e9 Sydney. Apesar das condi\u00e7\u00f5es adversas \u2014 o cavaleiro teve at\u00e9 que se molhar na \u00e1gua sob o sol escaldante \u2014 o himalaio continuou a cavalgar como seu companheiro. Ele ent\u00e3o viajou para a Am\u00e9rica do Sul, onde passou um m\u00eas atravessando a Patag\u00f4nia, e ent\u00e3o viajou para o norte da Argentina at\u00e9 a Bol\u00edvia pela famosa Rota 40 ao longo dos Andes. Em mar\u00e7o de 2020, ao chegar a La Paz, Bol\u00edvia, a uma altitude de 3.400 metros, a pandemia global atingiu e rumores de fechamento de fronteiras come\u00e7aram a circular. Ele rapidamente rumou para o Peru e chegou a Cusco, a antiga capital do Imp\u00e9rio Inca, mas um lockdown nacional foi decretado logo em seguida, for\u00e7ando-o a ficar para tr\u00e1s. Ele suportou a prova\u00e7\u00e3o de esperar em Cusco por aproximadamente nove meses, mas se recusou a desistir e retomou sua jornada no final de 2020. Com a ajuda da Embaixada Brit\u00e2nica, viajou pelo Peru, Equador e Col\u00f4mbia, atravessando a Am\u00e9rica Central e rumo ao norte, em dire\u00e7\u00e3o ao M\u00e9xico. Devido \u00e0s circunst\u00e2ncias, ele pulou a Am\u00e9rica do Norte (Estados Unidos) e retornou primeiro \u00e0 Europa. Em 2021, ele se reencontrou com seu pai e completou a etapa final da jornada, retornando em seguran\u00e7a a Londres e completando sua circunavega\u00e7\u00e3o. Esta jornada, em coordenadas globais, realmente circunda a Terra, e o Himalaia o apoiou durante todo o seu desafio de dois anos.\n\nFelizmente, Jack n\u00e3o teve nenhum problema mec\u00e2nico s\u00e9rio com seu Himalaia durante sua jornada \u00e9pica. O Himalaia que ele comprou de segunda m\u00e3o antes de partir estava meticulosamente equipado e bem conservado para o longo percurso. Antes de partir, ele sofreu um acidente bizarro no qual foi jogado para a frente enquanto ainda segurava o volante (a roda dianteira se levantou do ch\u00e3o e ele capotou em Dover, Inglaterra, pouco antes da partida). No entanto, ele sobreviveu com ferimentos leves, endireitou a bicicleta e continuou sua jornada. Embora a dist\u00e2ncia total percorrida n\u00e3o tenha sido divulgada, o percurso abrangeu todos os seis continentes, exceto \u00c1frica e Am\u00e9rica do Norte, provando que o Himalaia est\u00e1 \u00e0 altura do desafio de uma corrida de resist\u00eancia ao redor do mundo. <\/p>\n\n\n\n<h2 class=\"wp-block-heading\">Aventureiros vietnamitas discutem o apelo da Himalayan<\/h2>\n\n\n\n<figure class=\"wp-block-image size-large\"><img decoding=\"async\" src=\"https:\/\/onyabikeadventures.com\/wp-content\/uploads\/2019\/10\/motorcycle-tour-team-riders-winding-road-sunny-day-vietnam-scaled.jpg.webp\" alt=\"Um grupo de motociclistas em turn\u00ea com Royal Enfield Himalayans percorrendo as rotas montanhosas do Vietn\u00e3. At\u00e9 mesmo motociclistas veteranos que trabalham como guias tur\u00edsticos l\u00e1 elogiam muito a moto por seu conforto e capacidade off-road.\" \/><\/figure>\n\n\n\n<p>A Himalayan tamb\u00e9m \u00e9 popular no Sudeste Asi\u00e1tico como a &#8220;companheira perfeita&#8221;. Stewart, que administra uma empresa de turismo em Phong Nha, no centro do Vietn\u00e3, viu a Himalayan ap\u00f3s seu lan\u00e7amento e comprou uma imediatamente, dizendo que era &#8220;perfeita para as minhas necessidades&#8221;. Ele j\u00e1 rodou mais de 4.000 km com a Himalayan at\u00e9 agora e diz que ela &#8220;supera todas as estradas sem problemas&#8221;, incluindo estradas de explora\u00e7\u00e3o madeireira n\u00e3o pavimentadas e trilhas de terra na selva. Ele ouviu algumas pessoas dizerem que o assento \u00e9 &#8220;muito macio&#8221;, mas afirma que, por ser magro e ter pouco amortecimento, acha a maciez &#8220;perfeita&#8221;. Embora muitas vezes tenha dificuldades com &#8220;assentos duros como compensado&#8221; em outras bicicletas de uso duplo, a Himalayan \u00e9 t\u00e3o confort\u00e1vel que ele &#8220;poderia pedalar o dia todo&#8221;, brincando, chamando-a de &#8220;salva-vidas&#8221;. Ele tamb\u00e9m confia na dirigibilidade neutra da Himalayan, afirmando que ela acompanha a trajet\u00f3ria pretendida com precis\u00e3o tanto em estradas pavimentadas quanto de terra, e faz curvas com estabilidade, aderindo ao solo. &#8220;N\u00e3o \u00e9 muito pesada e a bicicleta se move exatamente como eu quero. Tamb\u00e9m n\u00e3o tenho problemas off-road&#8221;, diz ele, considerando a Himalayan a parceira ideal para aproveitar as rotas c\u00eanicas do Vietn\u00e3 (por exemplo, a Trilha Ho Chi Minh). <\/p>\n\n\n\n<p>Donovan (apelidado de Hawkmoon), guia tur\u00edstico e instrutor no Vietn\u00e3, tamb\u00e9m escolheu a Himalayan em vez de muitas outras bicicletas. &#8220;Arrisquei e comprei a Himalayan h\u00e1 quatro meses e nunca me arrependi. \u00c9 a bicicleta perfeita para pedalar no Vietn\u00e3&#8221;, declara. Ele diz que encontrou esta bicicleta depois de precisar de uma que tivesse um bom desempenho em todas as regi\u00f5es do pa\u00eds. Embora as condi\u00e7\u00f5es das estradas mudem rapidamente, mesmo em viagens curtas no Vietn\u00e3, ele elogia a Himalayan, dizendo: &#8220;\u00c9 confort\u00e1vel para passeios de longa dist\u00e2ncia e trechos off-road, e se adapta bem a todos os tipos de superf\u00edcies de estrada&#8221;. Ele tamb\u00e9m est\u00e1 impressionado com a praticidade da bicicleta como bicicleta de passeio. Ela vem com um quadro de carga padr\u00e3o que acomoda a bagagem com seguran\u00e7a tanto na dianteira quanto na traseira, e ele ainda construiu bagageiros laterais adicionais e instalou alforjes imperme\u00e1veis. A \u00fanica coisa que ele precisou fazer foi substituir as luzes por l\u00e2mpadas de xen\u00f4nio, j\u00e1 que eram muito fracas. Ele n\u00e3o precisou fazer nenhuma outra modifica\u00e7\u00e3o e est\u00e1 satisfeito com a moto, dizendo: &#8220;Adorei a apar\u00eancia e o som.&#8221; <\/p>\n\n\n\n<h2 class=\"wp-block-heading\"> Valores Descobertos por um Veterano na Austr\u00e1lia <\/h2>\n\n\n\n<p> David, um ciclista veterano que mora na Austr\u00e1lia, andava de bicicleta de estrada h\u00e1 muitos anos, mas quando as viagens de aventura se tornaram populares entre seus amigos, ele come\u00e7ou a sentir vontade de ter uma moto de aventura. No entanto, os modelos grandes convencionais geralmente t\u00eam assentos altos e s\u00e3o pesados, o que frustrou seu desconforto de longa data. Naquela \u00e9poca, ele teve a oportunidade de pilotar v\u00e1rias Royal Enfields, e sua experi\u00eancia viajando pelo Rajast\u00e3o (\u00cdndia) em uma Bullet de 500cc despertou seu interesse no novo modelo da empresa, a Himalayan. Ap\u00f3s extensa pesquisa, ele soube que uma revista australiana local de motocicletas estava realizando um teste de longo prazo com a Himalayan e providenciou a compra de uma ap\u00f3s a conclus\u00e3o do teste. Apesar da baixa quilometragem, a Himalayan usada que ele adquiriu havia sido amplamente personalizada para uso pr\u00e1tico. Ela apresentava uma gama completa de modifica\u00e7\u00f5es para facilitar a viagem, incluindo pneus off-road de alta qualidade, protetores de m\u00e3o, uma tomada adicional padr\u00e3o DIN, uma bolsa para tanque, bolsas laterais e indicadores de dire\u00e7\u00e3o em LED. As \u00fanicas modifica\u00e7\u00f5es adicionais que ele fez ap\u00f3s a compra da moto foram uma capa de assento de l\u00e3, a recoloca\u00e7\u00e3o do descanso lateral, que havia se soltado e estava prestes a cair durante a pilotagem, e a substitui\u00e7\u00e3o da bobina do estator (gerador de corrente alternada), que havia queimado e n\u00e3o gerava mais eletricidade. Aparentemente, essa queima da bobina do estator \u00e9 um problema ocasionalmente visto nos primeiros modelos da Himalayan. No entanto, a substitui\u00e7\u00e3o adequada das pe\u00e7as evitou problemas s\u00e9rios, e n\u00e3o houve outros problemas graves com o motor ou a embreagem.\n\nDavid diz que muitos de seus amigos dirigem modelos de aventura de alto desempenho, como BMWs e Triumphs. No entanto, ele est\u00e1 ciente do desempenho modesto da Himalayan e ri: &#8220;Na estrada, eu simplesmente deixo meus amigos irem na frente&#8221;. A Himalayan \u00e9 mais confort\u00e1vel em velocidades de cruzeiro de cerca de 80 a 90 km\/h e n\u00e3o \u00e9 boa em nada mais r\u00e1pido. Isso significa que ela inevitavelmente fica atr\u00e1s de ve\u00edculos maiores em estradas longas e retas. No entanto, ele afirma com confian\u00e7a: &#8220;Se eu for para a terra, serei o \u00faltimo a rir&#8221;. Enquanto os pesos pesados \u200b\u200blutam em terrenos acidentados, ele consegue alcan\u00e7\u00e1-los em sua \u00e1gil Himalayan. Sobre o tempo que passou com a Himalayan, ele diz com satisfa\u00e7\u00e3o: &#8220;A vida em uma moto de aventura de 411 cc \u00e9 maravilhosa&#8221;. Sua pequena cilindrada significa boa economia de combust\u00edvel, permitindo que ela rode em qualquer lugar com gasolina comum, e tem ampla capacidade de carga. Al\u00e9m disso, a facilidade de pedalar, mesmo nas estradas mais acidentadas, torna a viagem em si ainda mais libertadora. Ele compartilha seu sonho de um dia circunavegar a Austr\u00e1lia em uma Himalayan, dizendo: &#8220;Quero provar que esta bicicleta tamb\u00e9m \u00e9 poss\u00edvel.&#8221;\n\n\n\n\n\nConclus\u00e3o: Uma \u00f3tima companheira para quem busca embarcar em uma grande jornada\n\n\n\n\n\nOs relatos de ciclistas que viajaram o mundo em uma Himalayan revelam a &#8220;s\u00f3lida confiabilidade e familiaridade&#8221; da bicicleta. Embora n\u00e3o seja uma m\u00e1quina projetada para passeios de alta velocidade e longas dist\u00e2ncias, sua estrutura simples e dur\u00e1vel e mecanismos f\u00e1ceis de consertar \u2014 mesmo se ocorrer algum problema \u2014 proporcionam grande tranquilidade para viajantes solit\u00e1rios que navegam por territ\u00f3rios desconhecidos. De fato, Noralie percorreu quase 40.000 km com a moto sem maiores problemas, mesmo nos terrenos off-road mais dif\u00edceis, e realizou toda a manuten\u00e7\u00e3o necess\u00e1ria sozinho ou recorrendo a oficinas locais. Muitos ciclistas tamb\u00e9m destacam a &#8220;facilidade de manuseio e o conforto&#8221; \u2014 fatores essenciais para uma \u00f3tima viagem. O assento da moto, que reduz a fadiga mesmo em viagens longas, a \u00eanfase do motor no torque em m\u00e9dias e baixas rota\u00e7\u00f5es e seu peso reduzido, de aproximadamente 191 kg em compara\u00e7\u00e3o com motos de aventura maiores \u2014 proporcionam tranquilidade ao ciclista tanto em estradas pavimentadas quanto n\u00e3o pavimentadas. Embora a Himalayan n\u00e3o seja particularmente potente, sua pot\u00eancia bruta permite um ritmo tranquilo durante a viagem, deixando voc\u00ea com mais tempo para apreciar a paisagem e as pessoas que encontra. Acima de tudo, como simbolizado pelas palavras de Noralie: &#8220;Esta moto \u00e9 suficiente, e \u00e9 esta moto que me faz querer viajar&#8221;, a Himalayan \u00e9 uma moto que ensina a alegria de viajar pelo mundo de uma forma diferente das m\u00e1quinas caras e de \u00faltima gera\u00e7\u00e3o. Para os ciclistas que desejam grandes jornadas, o apelo honesto da Himalaia \u00e9 t\u00e3o rico e profundo quanto a pr\u00f3pria jornada. <\/p>\n\n\n\n<p><strong>Refer\u00eancias:<\/strong> Hist\u00f3rias de Motociclistas Himalaios ao Redor do Mundo<\/p>\n\n\n\n<ul class=\"wp-block-list\">\n<li><a href=\"https:\/\/onyabikeadventures.com\/four-adventure-bikers-share-their-experience-of-life-with-a-royal-enfield-himalayan#:~:text=%E2%80%98Over%20the%20course%20of%20my,to%20replace%2C%E2%80%99%20she%20says%20proudly\" target=\"_blank\" rel=\"noreferrer noopener\">Quatro Motociclistas Aventureiros Compartilham Sua Experi\u00eancia de Vida com uma Royal Enfield Himalayan<\/a><\/li>\n\n\n\n<li><a href=\"https:\/\/www.itchyboots.com\/blog\/motorcycle-stories-blog\/on-the-odo-20000-km-welcome-to-the-jungle\" target=\"_blank\" rel=\"noreferrer noopener\">Na ODO: 20.000 km &#8211; Quando o mundo parou de girar<\/a><\/li>\n\n\n\n<li><a href=\"https:\/\/roaddirt.tv\/circling-the-globe-on-a-royal-enfield-himalayan\">Dando a Volta ao Mundo em uma Royal Enfield Himalaia<\/a><\/li>\n<\/ul>\n\n\n\nBaseado em<p>e informa\u00e7\u00f5es relacionadas<\/p>\n","protected":false},"excerpt":{"rendered":"<p>Recentemente, a Good Loop recebeu uma consulta. Era de um motociclista que havia viajado da Europa para o Jap\u00e3o em uma moto de aventura da Royal Enfield, a Himalayan, e queria exportar sua amada moto de volta para sua cidade natal. Ao ver a moto que havia completado a Grande Jornada (uma longa jornada transcontinental) [&hellip;]<\/p>\n","protected":false},"author":1,"featured_media":787,"parent":777,"menu_order":0,"comment_status":"closed","ping_status":"closed","template":"","meta":{"footnotes":""},"class_list":["post-784","page","type-page","status-publish","has-post-thumbnail","hentry"],"_links":{"self":[{"href":"https:\/\/good-loop.co.jp\/pt\/wp-json\/wp\/v2\/pages\/784","targetHints":{"allow":["GET"]}}],"collection":[{"href":"https:\/\/good-loop.co.jp\/pt\/wp-json\/wp\/v2\/pages"}],"about":[{"href":"https:\/\/good-loop.co.jp\/pt\/wp-json\/wp\/v2\/types\/page"}],"author":[{"embeddable":true,"href":"https:\/\/good-loop.co.jp\/pt\/wp-json\/wp\/v2\/users\/1"}],"replies":[{"embeddable":true,"href":"https:\/\/good-loop.co.jp\/pt\/wp-json\/wp\/v2\/comments?post=784"}],"version-history":[{"count":0,"href":"https:\/\/good-loop.co.jp\/pt\/wp-json\/wp\/v2\/pages\/784\/revisions"}],"up":[{"embeddable":true,"href":"https:\/\/good-loop.co.jp\/pt\/wp-json\/wp\/v2\/pages\/777"}],"wp:featuredmedia":[{"embeddable":true,"href":"https:\/\/good-loop.co.jp\/pt\/wp-json\/wp\/v2\/media\/787"}],"wp:attachment":[{"href":"https:\/\/good-loop.co.jp\/pt\/wp-json\/wp\/v2\/media?parent=784"}],"curies":[{"name":"wp","href":"https:\/\/api.w.org\/{rel}","templated":true}]}}