{"id":797,"date":"2025-08-24T12:31:23","date_gmt":"2025-08-24T03:31:23","guid":{"rendered":"https:\/\/good-loop.co.jp\/?page_id=797"},"modified":"2025-08-24T12:31:23","modified_gmt":"2025-08-24T03:31:23","slug":"nissan-heritage-premium","status":"publish","type":"page","link":"https:\/\/good-loop.co.jp\/pt\/software\/nissan-heritage-premium\/","title":{"rendered":"Notifica\u00e7\u00e3o de reserva do Plano Premium da Nissan Heritage Collection"},"content":{"rendered":"\n<h2 class=\"wp-block-heading\">Vis\u00e3o Geral do Servi\u00e7o<\/h2>\n\n\n\n<p>Este servi\u00e7o monitora o site de reservas para o tour Nissan Heritage Collection e notifica os usu\u00e1rios quando h\u00e1 altera\u00e7\u00f5es nos hor\u00e1rios. Membros pagos receber\u00e3o um e-mail com anteced\u00eancia, seguido por uma publica\u00e7\u00e3o no X (antigo Twitter). O objetivo \u00e9 reduzir a necessidade do usu\u00e1rio de consultar o site de reservas e garantir uma reserva bem-sucedida. <\/p>\n\n\n\n<p><a href=\"https:\/\/x.com\/GoodLoop_Nissan\" data-type=\"link\" data-id=\"https:\/\/x.com\/GoodLoop_Nissan\" target=\"_blank\" rel=\"noreferrer noopener\"> Notifica\u00e7\u00e3o de Reserva da Cole\u00e7\u00e3o Nissan Heritage pela Good Loop<\/a><\/p>\n\n\n\n<hr class=\"wp-block-separator has-alpha-channel-opacity\" \/>\n\n\n\n<h2 class=\"wp-block-heading\">Hist\u00f3rico da Introdu\u00e7\u00e3o dos Planos Pagos<\/h2>\n\n\n\n<p>Estamos introduzindo planos pagos para garantir a opera\u00e7\u00e3o sustent\u00e1vel do nosso servi\u00e7o. Embora muitos usu\u00e1rios tenham utilizado nosso servi\u00e7o desde seu lan\u00e7amento no outono de 2024, continuamos a depender apenas de um pequeno n\u00famero de doadores para apoiar nossas opera\u00e7\u00f5es. Ao distribuir a carga operacional de forma mais ampla, caminharemos em dire\u00e7\u00e3o a um sistema mais justo e sustent\u00e1vel. A discrep\u00e2ncia entre benef\u00edcios e encargos \u00e9 um desafio comum enfrentado por muitos servi\u00e7os n\u00e3o remunerados. Ao continuar a oferecer um plano gratuito, buscamos construir um relacionamento justo que reflita o valor dos nossos servi\u00e7os. <\/p>\n\n\n\n<hr class=\"wp-block-separator has-alpha-channel-opacity\" \/>\n\n\n\n<h2 class=\"wp-block-heading\">Planos e Pre\u00e7os<\/h2>\n\n\n\n<figure class=\"wp-block-table\"><table class=\"has-fixed-layout\"><thead><tr><th class=\"has-text-align-center\" data-align=\"center\">Plano<\/th><th class=\"has-text-align-center\" data-align=\"center\">Pre\u00e7o (imposto incluso)<\/th><th>Tempo de Notifica\u00e7\u00e3o<\/th><\/tr><\/thead><tbody><tr><td class=\"has-text-align-center\" data-align=\"center\">Premium com 60 minutos de anteced\u00eancia<\/td><td class=\"has-text-align-center\" data-align=\"center\">\u00a53.000\/m\u00eas<\/td><td>Aproximadamente 60 minutos mais r\u00e1pido que o plano gratuito (notifica\u00e7\u00e3o quase instant\u00e2nea ap\u00f3s a detec\u00e7\u00e3o de atualiza\u00e7\u00e3o) *Observa\u00e7\u00e3o<\/td><\/tr><tr><td class=\"has-text-align-center\" data-align=\"center\">Premium com 30 minutos de anteced\u00eancia Adiantamento<\/td><td class=\"has-text-align-center\" data-align=\"center\">\u00a51.000\/m\u00eas<\/td><td>Aproximadamente 30 minutos mais r\u00e1pido que o plano gratuito<br> (notifica\u00e7\u00e3o 30 minutos ap\u00f3s a detec\u00e7\u00e3o da atualiza\u00e7\u00e3o)<\/td><\/tr><tr><td class=\"has-text-align-center\" data-align=\"center\">Plano Gratuito<\/td><td class=\"has-text-align-center\" data-align=\"center\">\u00a50<\/td><td>Publica\u00e7\u00f5es via X aproximadamente 60 minutos ap\u00f3s a detec\u00e7\u00e3o da atualiza\u00e7\u00e3o<\/td><\/tr><\/tbody><\/table><\/figure>\n\n\n\n<p>Por exemplo, se um hor\u00e1rio de reserva for atualizado \u00e0s 9:00, aqueles com um plano &#8220;Premium de 60 Minutos de Adiantamento&#8221; ser\u00e3o notificados por volta das 9:00, aqueles com um plano &#8220;Premium de 30 Minutos de Adiantamento&#8221; ser\u00e3o notificados por volta das 9:30 e aqueles com um plano &#8220;Gratuito&#8221; receber\u00e3o uma notifica\u00e7\u00e3o via X por volta das 10:00. N\u00e3o \u00e9 necess\u00e1rio cadastro para o plano gratuito; Basta clicar em X. No entanto, a concorr\u00eancia \u00e9 acirrada e as vagas de reserva geralmente se esgotam em 30 minutos. <br>\u203bSe houver solicita\u00e7\u00f5es priorit\u00e1rias, as notifica\u00e7\u00f5es ser\u00e3o atrasadas em alguns minutos, pois ser\u00e3o processadas ap\u00f3s o processamento da solicita\u00e7\u00e3o priorit\u00e1ria.<\/p>\n\n\n\n<hr class=\"wp-block-separator has-alpha-channel-opacity\" \/>\n\n\n\n<h2 class=\"wp-block-heading\">Inscreva-se<\/h2>\n\n\n\n<p>Se voc\u00ea deseja se inscrever no Plano Premium, inscreva-se abaixo. <\/p>\n\n\n\n<ul class=\"wp-block-list\">\n<li><a href=\"https:\/\/buy.stripe.com\/8x2aEW1T09Cv3KzdW94F204\" data-type=\"link\" data-id=\"https:\/\/buy.stripe.com\/fZueVc2X42a35SH3hv4F202\" target=\"_blank\" rel=\"noreferrer noopener\"><strong> Adiantamento premium de 60 minutos<\/strong> (\u00a53.000\/m\u00eas)<\/a><\/li>\n\n\n\n<li><a href=\"https:\/\/buy.stripe.com\/dRmbJ0cxEdSLdl9bO14F205\" target=\"_blank\" rel=\"noreferrer noopener\"><strong> Adiantamento premium de 30 minutos<\/strong> (\u00a51.000\/m\u00eas)<\/a><\/li>\n<\/ul>\n\n\n\n<p><strong> Pagamento<\/strong>:<br> Utilizamos o servi\u00e7o seguro <a href=\"https:\/\/stripe.com\/\" data-type=\"link\" data-id=\"https:\/\/stripe.com\/\" target=\"_blank\" rel=\"noreferrer noopener\">Stripe<\/a> para pagamentos com cart\u00e3o de cr\u00e9dito. <br> Entre em contato conosco se desejar pagar por transfer\u00eancia banc\u00e1ria. <br><strong>E-mail de Notifica\u00e7\u00e3o<\/strong>: <br> As notifica\u00e7\u00f5es ser\u00e3o enviadas para o endere\u00e7o de e-mail registrado no Stripe. Permita os seguintes dom\u00ednios: <br><code>@stripe.com<\/code>, <code>@mg.good-loop.co.jp<\/code>. <\/p>\n\n\n\n<p> Os doadores que apoiaram nosso servi\u00e7o at\u00e9 o momento receber\u00e3o um plano premium gratuito. <\/p>\n\n\n\n<h3 class=\"wp-block-heading\">Ciclo de Cobran\u00e7a<\/h3>\n\n\n\n<ul class=\"wp-block-list\">\n<li><strong>Per\u00edodo de Validade<\/strong>: O per\u00edodo de validade expira no dia anterior ao primeiro dia do m\u00eas subsequente \u00e0 data da compra. No entanto, se n\u00e3o houver data correspondente no m\u00eas seguinte, o plano expirar\u00e1 no \u00faltimo dia desse m\u00eas. <br>Exemplo: Se adquirido em 1\u00ba de janeiro, ser\u00e1 v\u00e1lido at\u00e9 31 de janeiro. <br>Se adquirido em 31 de outubro, ser\u00e1 v\u00e1lido at\u00e9 30 de novembro. <\/li>\n\n\n\n<li><strong>Renova\u00e7\u00e3o Autom\u00e1tica<\/strong>: N\u00e3o (aplic\u00e1vel mensalmente a partir do m\u00eas seguinte)<\/li>\n\n\n\n<li><strong>Sobre o Cancelamento<\/strong>: Se voc\u00ea n\u00e3o adquirir o plano do m\u00eas seguinte, as notifica\u00e7\u00f5es premium ser\u00e3o interrompidas ap\u00f3s o t\u00e9rmino do per\u00edodo de validade. N\u00e3o s\u00e3o necess\u00e1rios procedimentos especiais de cancelamento. <\/li>\n\n\n\n<li><strong>M\u00e9todos de Pagamento<\/strong>:<a href=\"https:\/\/stripe.com\/\" data-type=\"link\" data-id=\"https:\/\/stripe.com\/\" target=\"_blank\" rel=\"noreferrer noopener\">Stripe<\/a> (Pagamento com Cart\u00e3o de Cr\u00e9dito\/Loja de Conveni\u00eancia), Transfer\u00eancia Banc\u00e1ria<\/li>\n\n\n\n<li><strong>Em rela\u00e7\u00e3o \u00e0s Taxas de Servi\u00e7o no M\u00eas de In\u00edcio do Servi\u00e7o:<\/strong>N\u00e3o haver\u00e1 diferen\u00e7a entre as taxas de servi\u00e7o do m\u00eas de in\u00edcio do servi\u00e7o e o valor da fatura dos meses subsequentes. N\u00e3o h\u00e1 taxas adicionais, como taxas de ades\u00e3o. <\/li>\n<\/ul>\n\n\n\n<h3 class=\"wp-block-heading\">Pol\u00edtica de Reembolso<\/h3>\n\n\n\n<ul class=\"wp-block-list\">\n<li>Devido \u00e0 natureza do servi\u00e7o, reembolsos n\u00e3o s\u00e3o aceitos. <\/li>\n\n\n\n<li>Reembolsos n\u00e3o est\u00e3o dispon\u00edveis para cancelamentos ou rescis\u00f5es no meio do per\u00edodo ap\u00f3s a conclus\u00e3o do pagamento. <\/li>\n\n\n\n<li>Reembolsos est\u00e3o dispon\u00edveis para problemas causados \u200b\u200bpela nossa empresa, como pagamentos duplicados ou cobran\u00e7as incorretas, ou para interrup\u00e7\u00f5es de servi\u00e7o ou grandes interrup\u00e7\u00f5es de uma semana ou mais. <\/li>\n<\/ul>\n\n\n\n<h3 class=\"wp-block-heading\">Sobre a Garantia de Sucesso<\/h3>\n\n\n\n<ul class=\"wp-block-list\">\n<li>Este servi\u00e7o n\u00e3o garante uma reserva bem-sucedida. Devido \u00e0 intensa concorr\u00eancia por vagas de reserva, mesmo que voc\u00ea responda imediatamente ap\u00f3s receber uma notifica\u00e7\u00e3o, talvez n\u00e3o consiga fazer uma reserva. <\/li>\n<\/ul>\n\n\n\n<h3 class=\"wp-block-heading\">Sobre Reservas por Proxy pela Operadora<\/h3>\n\n\n\n<ul class=\"wp-block-list\">\n<li>Quando a operadora faz uma reserva em seu nome, o envio da notifica\u00e7\u00e3o premium pode sofrer alguns minutos<\/strong>. Mesmo nesses casos, nos esfor\u00e7aremos para envi\u00e1-la o mais r\u00e1pido poss\u00edvel. <\/li>\n\n\n\n<li>As reservas por proxy s\u00e3o um servi\u00e7o especial desenvolvido para viajantes internacionais que n\u00e3o s\u00e3o fluentes em japon\u00eas<strong>. Entre em contato conosco se desejar utilizar este servi\u00e7o. <\/li>\n<\/ul>\n\n\n\n<hr class=\"wp-block-separator has-alpha-channel-opacity\" \/>\n\n\n\n<h2 class=\"wp-block-heading\">Perguntas Frequentes (FAQ)<\/h2>\n\n\n\n<h3 class=\"wp-block-heading\">P. Recebi uma notifica\u00e7\u00e3o, mas a reserva j\u00e1 est\u00e1 lotada. <\/h3>\n\n\n\n<p>R. Dependendo da velocidade com que outros usu\u00e1rios fazem reservas ou atualizam o estabelecimento, a reserva pode j\u00e1 estar lotada no momento da notifica\u00e7\u00e3o. A notifica\u00e7\u00e3o antecipada tem suas vantagens, mas n\u00e3o garante uma reserva. <\/p>\n\n\n\n<h3 class=\"wp-block-heading\">P. N\u00e3o recebi nenhum e-mail. <\/h3>\n\n\n\n<p>R. Verifique suas abas de spam e promo\u00e7\u00f5es e permita e-mails do dom\u00ednio <code>@mg.good-loop.co.jp<\/code>. Filtros de e-mail podem causar atrasos. <\/p>\n\n\n\n<h3 class=\"wp-block-heading\">P. Outras unidades s\u00e3o eleg\u00edveis? <\/h3>\n\n\n\n<p>R. Atualmente, este servi\u00e7o \u00e9 exclusivo para a Cole\u00e7\u00e3o Nissan Heritage. Informe-nos se houver alguma unidade que deseje este servi\u00e7o. <\/p>\n\n\n\n<h3 class=\"wp-block-heading\">P. Vale a pena usar o plano gratuito? <\/h3>\n\n\n\n<p>R. Sim. Usu\u00e1rios gratuitos podem receber notifica\u00e7\u00f5es de atualiza\u00e7\u00e3o de vagas reservadas 60 minutos depois. <br>No entanto, a concorr\u00eancia \u00e9 acirrada e as vagas reservadas costumam ser preenchidas em 30 minutos. <\/p>\n\n\n\n<h3 class=\"wp-block-heading\">P. Por que voc\u00eas mudaram de um modelo de doa\u00e7\u00e3o para um modelo pago? <\/h3>\n\n\n\n<p>R. Como as doa\u00e7\u00f5es dependem de boa vontade, havia um vi\u00e9s em favor daqueles que nos apoiavam. Ao introduzir um plano pago, aumentamos a justi\u00e7a e migramos para um sistema que permite um servi\u00e7o est\u00e1vel e cont\u00ednuo. <\/p>\n\n\n\n<h3 class=\"wp-block-heading\">P. H\u00e1 reembolsos dispon\u00edveis em caso de interrup\u00e7\u00e3o do servi\u00e7o? <\/h3>\n\n\n\n<p>R. Sim. Oferecemos reembolsos em caso de interrup\u00e7\u00e3o do servi\u00e7o por uma semana ou mais ou uma interrup\u00e7\u00e3o grave. Use o servi\u00e7o com tranquilidade. <\/p>\n\n\n\n<h3 class=\"wp-block-heading\">P. As notifica\u00e7\u00f5es s\u00e3o atrasadas? <\/h3>\n\n\n\n<p>R. Sim. Ao reservar em nome de um h\u00f3spede, as notifica\u00e7\u00f5es premium podem sofrer atrasos de alguns minutos, diferentemente do processamento automatizado do sistema. Al\u00e9m disso, o processamento automatizado do sistema pode sofrer atrasos devido a fatores imprevistos. <\/p>\n\n\n\n<p>Voc\u00ea pode obter informa\u00e7\u00f5es mesmo com o plano gratuito, ent\u00e3o sinta-se \u00e0 vontade para seguir X. <\/p>\n\n\n\n<hr class=\"wp-block-separator has-alpha-channel-opacity\" \/>\n\n\n\n<h2 class=\"wp-block-heading\">Termos de Uso<\/h2>\n\n\n\n<ol class=\"wp-block-list\">\n<li><strong>Detalhes do Servi\u00e7o<\/strong>: Este servi\u00e7o detecta e notifica voc\u00ea sobre altera\u00e7\u00f5es nos hor\u00e1rios de reserva para o tour Nissan Heritage Collection, mas \u00e9 um servi\u00e7o de melhor esfor\u00e7o e n\u00e3o garante confiabilidade. <\/li>\n\n\n\n<li><strong>Pre\u00e7os e Cobran\u00e7a<\/strong>: As taxas e a cobran\u00e7a s\u00e3o mensais e n\u00e3o s\u00e3o renovadas automaticamente. <\/li>\n\n\n\n<li><strong>Pol\u00edtica de Reembolso<\/strong>: Geralmente, n\u00e3o h\u00e1 reembolsos dispon\u00edveis. Reembolsos est\u00e3o dispon\u00edveis apenas em casos de erros de cobran\u00e7a, suspens\u00f5es de uma semana ou mais ou mau funcionamento grave causado por nossa empresa. <\/li>\n\n\n\n<li><strong>Atividades Proibidas<\/strong>: Os usu\u00e1rios est\u00e3o proibidos de revender ou redistribuir informa\u00e7\u00f5es de notifica\u00e7\u00e3o, acesso n\u00e3o autorizado ou interromper a opera\u00e7\u00e3o. <\/li>\n\n\n\n<li><strong>Aviso Legal<\/strong>: N\u00e3o nos responsabilizamos por notifica\u00e7\u00f5es atrasadas ou n\u00e3o entregues, reservas com falha, etc. <\/li>\n\n\n\n<li><strong>Informa\u00e7\u00f5es Pessoais<\/strong>: As informa\u00e7\u00f5es pessoais ser\u00e3o usadas apenas na medida necess\u00e1ria para o processamento de notifica\u00e7\u00f5es e pagamentos e ser\u00e3o gerenciadas pelo Stripe. <\/li>\n<\/ol>\n\n\n\n<hr class=\"wp-block-separator has-alpha-channel-opacity\" \/>\n\n\n\n<h2 class=\"wp-block-heading\">Entre em contato conosco aqui<\/h2>\n\n\n\n<div class=\"wp-block-buttons is-layout-flex wp-block-buttons-is-layout-flex\">\n<div class=\"wp-block-button\"><a class=\"wp-block-button__link has-small-font-size has-custom-font-size wp-element-button\" href=\"https:\/\/docs.google.com\/forms\/d\/1JATPpeGfRXaemIpjUO1PbKltxmmkNDiiO8owNQoPJU4\/\" target=\"_blank\" rel=\"noreferrer noopener\">\nEntre em contato conosco <\/a><\/div>\n<\/div>\n","protected":false},"excerpt":{"rendered":"<p>Vis\u00e3o Geral do Servi\u00e7o Este servi\u00e7o monitora o site de reservas para o tour Nissan Heritage Collection e notifica os usu\u00e1rios quando h\u00e1 altera\u00e7\u00f5es nos hor\u00e1rios. Membros pagos receber\u00e3o um e-mail com anteced\u00eancia, seguido por uma publica\u00e7\u00e3o no X (antigo Twitter). O objetivo \u00e9 reduzir a necessidade do usu\u00e1rio de consultar o site de reservas [&hellip;]<\/p>\n","protected":false},"author":1,"featured_media":677,"parent":504,"menu_order":0,"comment_status":"closed","ping_status":"closed","template":"","meta":{"footnotes":""},"class_list":["post-797","page","type-page","status-publish","has-post-thumbnail","hentry"],"_links":{"self":[{"href":"https:\/\/good-loop.co.jp\/pt\/wp-json\/wp\/v2\/pages\/797","targetHints":{"allow":["GET"]}}],"collection":[{"href":"https:\/\/good-loop.co.jp\/pt\/wp-json\/wp\/v2\/pages"}],"about":[{"href":"https:\/\/good-loop.co.jp\/pt\/wp-json\/wp\/v2\/types\/page"}],"author":[{"embeddable":true,"href":"https:\/\/good-loop.co.jp\/pt\/wp-json\/wp\/v2\/users\/1"}],"replies":[{"embeddable":true,"href":"https:\/\/good-loop.co.jp\/pt\/wp-json\/wp\/v2\/comments?post=797"}],"version-history":[{"count":0,"href":"https:\/\/good-loop.co.jp\/pt\/wp-json\/wp\/v2\/pages\/797\/revisions"}],"up":[{"embeddable":true,"href":"https:\/\/good-loop.co.jp\/pt\/wp-json\/wp\/v2\/pages\/504"}],"wp:featuredmedia":[{"embeddable":true,"href":"https:\/\/good-loop.co.jp\/pt\/wp-json\/wp\/v2\/media\/677"}],"wp:attachment":[{"href":"https:\/\/good-loop.co.jp\/pt\/wp-json\/wp\/v2\/media?parent=797"}],"curies":[{"name":"wp","href":"https:\/\/api.w.org\/{rel}","templated":true}]}}