{"id":814,"date":"2023-01-11T21:00:18","date_gmt":"2023-01-11T12:00:18","guid":{"rendered":"http:\/\/good-loop.co.jp"},"modified":"2025-10-26T14:53:51","modified_gmt":"2025-10-26T05:53:51","slug":"empresa","status":"publish","type":"page","link":"https:\/\/good-loop.co.jp\/pt\/empresa\/","title":{"rendered":"perfil de companhia"},"content":{"rendered":"\n<p>A jornada continua atrav\u00e9s do mar<\/p>\n\n\n\n<figure class=\"wp-block-table\"><table><tbody><tr><td><strong>Nome da Empresa (Nome Comercial)<\/strong><\/td><td>Good Loop, S.A.<br> (japon\u00eas) \u682a\u5f0f\u4f1a\u793e\u30b0\u30c3\u30c9\u30eb\u30fc\u30d7<\/td><\/tr><tr><td><strong>Principais Atividades Comerciais<\/strong><\/td><td>Exporta\u00e7\u00e3o, importa\u00e7\u00e3o e vendas de autom\u00f3veis<br>Desenvolvimento e vendas de pe\u00e7as automotivas<br>Desenvolvimento e vendas de software<\/td><\/tr><tr><td><strong>Funda\u00e7\u00e3o<\/strong><\/td><td>11 de janeiro de 2023<\/td><\/tr><tr><td><strong>Representante<\/strong><\/td><td><iframe src=\"\/nocrawl\/ceo_pt.html\" style=\"border:none\" scrolling=\"no\" height=\"56px\"><\/iframe><\/td><\/tr><tr><td><strong>Local<\/strong><\/td><td>Yokohama, Prefeitura de Kanagawa<\/td><\/tr><\/tbody><\/table><\/figure>\n\n\n\n<h3 class=\"wp-block-heading\">Notifica\u00e7\u00e3o em conformidade com a Lei de Comerciantes de Bens de Segunda M\u00e3o<\/h3>\n\n\n\n<p>Quem deseja comprar ou vender bens usados, como carros usados, deve obter autoriza\u00e7\u00e3o da comiss\u00e3o de seguran\u00e7a p\u00fablica da prefeitura. A Good Loop, S.A. \u00e9 licenciada pela Comiss\u00e3o de Seguran\u00e7a P\u00fablica da Prefeitura de Kanagawa.<\/p>\n\n\n\n<figure class=\"wp-block-table\"><table><tbody><tr><td><strong>Nome<\/strong><\/td><td>Good Loop, S.A.<\/td><\/tr><tr><td><strong>Licenciado pela Comiss\u00e3o de Seguran\u00e7a P\u00fablica<\/strong><\/td><td>Comiss\u00e3o de Seguran\u00e7a P\u00fablica da Prefeitura de Kanagawa<\/td><\/tr><tr><td><strong>N\u00famero da Licen\u00e7a<\/strong><\/td><td>N\u00ba. 451920003680<\/td><\/tr><\/tbody><\/table><\/figure>\n\n\n\n<h3 class=\"wp-block-heading\">Nota\u00e7\u00e3o baseada na Lei de Reciclagem de Autom\u00f3veis<\/h3>\n\n\n\n<p> Empresas que lidam com ve\u00edculos em fim de vida (ve\u00edculos sucateados) devem se registrar junto aos governos locais. A Good Loop, S.A. est\u00e1 registrada junto \u00e0 Prefeitura de Yokohama. <\/p>\n\n\n\n<figure class=\"wp-block-table\"><table><tbody><tr><td><strong>Base Legal<\/strong><\/td><td>Lei sobre Reciclagem, etc. de Ve\u00edculos em Fim de Vida, Artigo 42<\/td><\/tr><tr><td><strong>Tipo de Registro<\/strong><\/td><td>Empresa de Coleta<\/td><\/tr><tr><td><strong>N\u00famero de Registro<\/strong><\/td><td>20561001739<\/td><\/tr><tr><td><strong>Nome da Empresa<\/strong><\/td><td>Good Loop, S.A.<\/td><\/tr><tr><td><strong>Armazenamento de Ve\u00edculos em Fim de Vida, etc.<\/strong><\/td><td>Nenhum<\/td><\/tr><\/tbody><\/table><\/figure>\n","protected":false},"excerpt":{"rendered":"<p>A jornada continua atrav\u00e9s do mar Nome da Empresa (Nome Comercial) Good Loop, S.A. (japon\u00eas) \u682a\u5f0f\u4f1a\u793e\u30b0\u30c3\u30c9\u30eb\u30fc\u30d7 Principais Atividades Comerciais Exporta\u00e7\u00e3o, importa\u00e7\u00e3o e vendas de autom\u00f3veisDesenvolvimento e vendas de pe\u00e7as automotivasDesenvolvimento e vendas de software Funda\u00e7\u00e3o 11 de janeiro de 2023 Representante Local Yokohama, Prefeitura de Kanagawa Notifica\u00e7\u00e3o em conformidade com a Lei de Comerciantes de [&hellip;]<\/p>\n","protected":false},"author":1,"featured_media":0,"parent":0,"menu_order":0,"comment_status":"closed","ping_status":"closed","template":"","meta":{"footnotes":""},"class_list":["post-814","page","type-page","status-publish","hentry"],"_links":{"self":[{"href":"https:\/\/good-loop.co.jp\/pt\/wp-json\/wp\/v2\/pages\/814","targetHints":{"allow":["GET"]}}],"collection":[{"href":"https:\/\/good-loop.co.jp\/pt\/wp-json\/wp\/v2\/pages"}],"about":[{"href":"https:\/\/good-loop.co.jp\/pt\/wp-json\/wp\/v2\/types\/page"}],"author":[{"embeddable":true,"href":"https:\/\/good-loop.co.jp\/pt\/wp-json\/wp\/v2\/users\/1"}],"replies":[{"embeddable":true,"href":"https:\/\/good-loop.co.jp\/pt\/wp-json\/wp\/v2\/comments?post=814"}],"version-history":[{"count":3,"href":"https:\/\/good-loop.co.jp\/pt\/wp-json\/wp\/v2\/pages\/814\/revisions"}],"predecessor-version":[{"id":858,"href":"https:\/\/good-loop.co.jp\/pt\/wp-json\/wp\/v2\/pages\/814\/revisions\/858"}],"wp:attachment":[{"href":"https:\/\/good-loop.co.jp\/pt\/wp-json\/wp\/v2\/media?parent=814"}],"curies":[{"name":"wp","href":"https:\/\/api.w.org\/{rel}","templated":true}]}}