{"id":830,"date":"2025-08-20T22:49:17","date_gmt":"2025-08-20T13:49:17","guid":{"rendered":"https:\/\/good-loop.co.jp\/?page_id=830"},"modified":"2025-08-20T22:49:17","modified_gmt":"2025-08-20T13:49:17","slug":"entrada-no-exterior-tc","status":"publish","type":"page","link":"https:\/\/good-loop.co.jp\/pt\/entrada-no-exterior-tc\/","title":{"rendered":"Como participar do Attack Tsukuba do exterior"},"content":{"rendered":"\nO Attack Tsukuba, um dos principais eventos de contrarrel\u00f3gio do Jap\u00e3o, vem atraindo a aten\u00e7\u00e3o do exterior nos \u00faltimos anos. Com um forte toque internacional, incluindo tempos impressionantes registrados por pilotos estrangeiros, entusiastas do mundo todo sonham em correr neste &#8220;solo sagrado&#8221; de Tsukuba. No entanto, trazer seu amado carro para correr no Jap\u00e3o apresenta in\u00fameros obst\u00e1culos, desde o transporte do ve\u00edculo at\u00e9 a prepara\u00e7\u00e3o e o suporte no local. Como uma empresa profissional internacional de importa\u00e7\u00e3o\/exporta\u00e7\u00e3o de ve\u00edculos, a Good Loop oferece suporte completo para esse desafio. Abaixo, apresentamos os servi\u00e7os necess\u00e1rios para participar do Attack Tsukuba (e de outros eventos de corrida de circuito) do exterior. <\/p>\n\n\n\n<h2 class=\"wp-block-heading\">Envio de Ve\u00edculos para o Jap\u00e3o: Mar\u00edtimo vs. A\u00e9reo<\/h2>\n\n\n\n<p>Existem duas maneiras principais de enviar ve\u00edculos do exterior para o Jap\u00e3o: mar\u00edtimo (frete mar\u00edtimo) e a\u00e9reo. Cada m\u00e9todo tem diferentes tempos e custos de viagem, al\u00e9m de vantagens e desvantagens. Organizaremos o m\u00e9todo ideal para atender \u00e0s suas necessidades. <\/p>\n\n\n\n<ul class=\"wp-block-list\">\n<li><strong>Frete mar\u00edtimo (navio porta-cont\u00eaineres\/navio RORO):<\/strong> Este \u00e9 um m\u00e9todo comum e econ\u00f4mico. A viagem da Europa para o Jap\u00e3o normalmente leva de 3 a 6 semanas, e transportar v\u00e1rios ve\u00edculos de uma s\u00f3 vez reduz o custo por ve\u00edculo. Por exemplo, se voc\u00ea carregar tr\u00eas ou quatro carros de passeio em um \u00fanico cont\u00eainer mar\u00edtimo de 40 p\u00e9s, eles podem ser lacrados com seguran\u00e7a e protegidos contra roubo e danos. No entanto, transportar apenas um ve\u00edculo em um cont\u00eainer pode ser caro, ent\u00e3o considere compartilhar um cont\u00eainer com v\u00e1rios ve\u00edculos ou usar um navio autopropelido, roll-on, roll-off (RORO). <\/li>\n\n\n\n<li><strong>Frete a\u00e9reo:<\/strong> Este m\u00e9todo \u00e9 ideal para situa\u00e7\u00f5es de emerg\u00eancia ou transporte de carros de luxo e \u00e9 extremamente r\u00e1pido, levando apenas alguns dias a uma semana. Por exemplo, \u00e9 eficaz quando voc\u00ea precisa enviar um carro para competir em uma corrida de \u00faltima hora ou quando deseja usar um carro localmente at\u00e9 a data do evento e depois traz\u00ea-lo de volta ao Jap\u00e3o. No entanto, \u00e9 muito caro: enquanto o frete mar\u00edtimo custa v\u00e1rias centenas de milhares de ienes, o frete a\u00e9reo costuma custar bem mais de um milh\u00e3o de ienes, e tamb\u00e9m h\u00e1 restri\u00e7\u00f5es de tamanho e peso. Para clientes que necessitam de frete a\u00e9reo, fornecemos or\u00e7amentos e procedimentos detalhados com anteced\u00eancia, oferecendo a op\u00e7\u00e3o de &#8220;comprar tempo com dinheiro&#8221;. <\/li>\n<\/ul>\n\n\n\n<p>Al\u00e9m disso, existem os seguintes m\u00e9todos para trazer um ve\u00edculo temporariamente para o Jap\u00e3o: <\/p>\n\n\n\n<ul class=\"wp-block-list\">\n<li><strong>Carn\u00ea ATA (Admission Temporaire &#8211; Carnet de Admiss\u00e3o Tempor\u00e1ria)<\/strong><br>Este \u00e9 um documento alfandeg\u00e1rio usado para exposi\u00e7\u00f5es, negocia\u00e7\u00f5es comerciais, etc., e \u00e9 emitido no Jap\u00e3o pela Associa\u00e7\u00e3o Japonesa de Arbitragem Comercial (JCAA). O Carnet ATA \u00e9 mais comumente usado ao trazer um carro de corrida para participar de eventos e shows de automobilismo como o Attack Tsukuba. Pode ser usado por um determinado per\u00edodo (geralmente dentro de um ano) isento de impostos e taxas, e est\u00e1 sujeito a reexporta\u00e7\u00e3o ap\u00f3s o t\u00e9rmino do evento. <\/li>\n\n\n\n<li><strong>Carn\u00ea CPD (Carn\u00ea de Passagem em Douane)<\/strong><br> \u00e9 um sistema para trazer temporariamente um ve\u00edculo pessoal para um pa\u00eds estrangeiro. No Jap\u00e3o, \u00e9 emitido pela Federa\u00e7\u00e3o Automobil\u00edstica do Jap\u00e3o (JAF). \u00c9 normalmente usado para viagens tur\u00edsticas ou de turismo, onde o ve\u00edculo possui placas nacionais e pode circular em vias p\u00fablicas japonesas. <\/li>\n\n\n\n<li><strong>Solicita\u00e7\u00e3o de Importa\u00e7\u00e3o Tempor\u00e1ria pela Alf\u00e2ndega Regular<\/strong><br>Como alternativa ao uso de um carn\u00ea, voc\u00ea tamb\u00e9m pode solicitar uma &#8220;Permiss\u00e3o de Importa\u00e7\u00e3o Tempor\u00e1ria&#8221; na alf\u00e2ndega. Neste caso, voc\u00ea paga impostos e taxas de consumo na importa\u00e7\u00e3o e recebe um reembolso na reexporta\u00e7\u00e3o. Este m\u00e9todo \u00e9 uma op\u00e7\u00e3o realista para ve\u00edculos de pa\u00edses onde os livretes n\u00e3o est\u00e3o dispon\u00edveis ou para ve\u00edculos com requisitos especiais. <\/li>\n\n\n\n<li><strong>Importa\u00e7\u00e3o Tempor\u00e1ria por Balsa Internacional<\/strong><br>Autom\u00f3veis importados temporariamente por balsa entre o Jap\u00e3o e outros pa\u00edses podem ser liberados isentos de impostos usando o Formul\u00e1rio de Declara\u00e7\u00e3o Tempor\u00e1ria de Importa\u00e7\u00e3o\/Exporta\u00e7\u00e3o de Autom\u00f3veis (C5014), al\u00e9m do livrete. <\/li>\n<\/ul>\n\n\n\n<p>Independentemente de voc\u00ea escolher este m\u00e9todo, trabalhamos com parceiros log\u00edsticos e alfandeg\u00e1rios confi\u00e1veis \u200b\u200bpara dar suporte ao processo. Oferecemos suporte completo, desde a prepara\u00e7\u00e3o dos documentos necess\u00e1rios (faturas, manifestos, conhecimentos de embarque, etc.) at\u00e9 as declara\u00e7\u00f5es alfandeg\u00e1rias e a gest\u00e3o do tempo. <\/p>\n\n\n\n<h2 class=\"wp-block-heading\"> Servi\u00e7os de Armazenamento de Ve\u00edculos no Jap\u00e3o <\/h2>\n\n\n\n<p> Se voc\u00ea planeja deixar seu ve\u00edculo no Jap\u00e3o por um tempo ap\u00f3s o evento para passear ou dirigir, \u00e9 importante garantir um local para guard\u00e1-lo. Nossa empresa guardar\u00e1 seu ve\u00edculo em nossas oficinas parceiras com total seguran\u00e7a. O armazenamento interno evita roubo e vandalismo, e tamb\u00e9m oferecemos manuten\u00e7\u00e3o da bateria, partida regular do motor e manuten\u00e7\u00e3o da capa do ve\u00edculo, conforme necess\u00e1rio, para manter as condi\u00e7\u00f5es do ve\u00edculo. O armazenamento de longo prazo tamb\u00e9m est\u00e1 dispon\u00edvel, para que possamos atender \u00e0s solicita\u00e7\u00f5es de clientes que desejam manter seu ve\u00edculo no Jap\u00e3o ap\u00f3s o evento Attack Tsukuba deste ano e participar de futuros eventos e competi\u00e7\u00f5es de dire\u00e7\u00e3o. <\/p>\n\n\n\n<h2 class=\"wp-block-heading\">Suporte para Configura\u00e7\u00e3o e Manuten\u00e7\u00e3o de Ve\u00edculos<\/h2>\n\n\n\n<p>Para ter o melhor desempenho nos circuitos japoneses, a configura\u00e7\u00e3o do ve\u00edculo no local<\/strong> \u00e9 essencial. Fazemos parcerias com oficinas de reparo e prepara\u00e7\u00e3o para oferecer suporte \u00e0 manuten\u00e7\u00e3o e aos ajustes de configura\u00e7\u00e3o antes e depois da corrida. Podemos cuidar de tudo, desde trocas b\u00e1sicas de \u00f3leo e l\u00edquido de arrefecimento at\u00e9 ajustes de suspens\u00e3o, troca e arranjos de pneus e pastilhas de freio reservas. <\/p>\n\n\n\n<p>O Circuito de Tsukuba \u00e9 um percurso t\u00e9cnico com 2.045 metros de extens\u00e3o, e a familiaridade com o local \u00e9 crucial em \u00e1reas como a configura\u00e7\u00e3o do carro para priorizar a sa\u00edda de curvas e a adapta\u00e7\u00e3o \u00e0s caracter\u00edsticas de ader\u00eancia das superf\u00edcies das estradas japonesas. Contamos com uma rede de mec\u00e2nicos e engenheiros com vasta experi\u00eancia em dire\u00e7\u00e3o em Tsukuba e, se necess\u00e1rio, podemos apresent\u00e1-lo \u00e0 equipe de suporte local no dia do passeio. <strong> <\/strong><\/p>\n\n\n\n<h2 class=\"wp-block-heading\"> Agende visitas a renomadas oficinas de tuning japonesas <\/h2>\n\n\n\n<p><strong> Tamb\u00e9m atuamos como intermedi\u00e1rios para solicita\u00e7\u00f5es de tuning e manuten\u00e7\u00e3o na sua oficina de tuning JDM favorita <\/strong>. Por exemplo, podemos atender com flexibilidade a solicita\u00e7\u00f5es como: &#8220;Quero fazer um ajuste fino na minha ECU enquanto estiver no Jap\u00e3o&#8221; ou &#8220;Quero que um profissional de uma oficina renomada fa\u00e7a o ajuste do meu alinhamento&#8221;. Tamb\u00e9m oferecemos servi\u00e7os de interpreta\u00e7\u00e3o e negocia\u00e7\u00e3o de terminologia. No entanto, observe que oficinas renomadas costumam estar lotadas com anteced\u00eancia. <\/p>\n\n\n\n<h2 class=\"wp-block-heading\">Visita guiada a fabricantes de autom\u00f3veis e museus de cole\u00e7\u00f5es particulares<\/h2>\n\n\n\n<p>O Jap\u00e3o possui uma rica cultura automotiva e h\u00e1 museus fascinantes por todo o pa\u00eds. Museus famosos administrados por fabricantes incluem o Museu do Autom\u00f3vel Toyota (Cidade de Nagakute, Prefeitura de Aichi), a Cole\u00e7\u00e3o Hist\u00f3rica Nissan (Cidade de Zama, Prefeitura de Kanagawa, com reserva necess\u00e1ria), o Museu de Hist\u00f3ria Suzuki (Prefeitura de Shizuoka, com reserva necess\u00e1ria) e o Sal\u00e3o de Cole\u00e7\u00f5es Honda (Twin Ring Motegi, Prefeitura de Tochigi). O Sal\u00e3o de Cole\u00e7\u00f5es Honda, em particular, exibe uma grande variedade de carros cl\u00e1ssicos e m\u00e1quinas de corrida de toda a hist\u00f3ria, tornando-se uma meca n\u00e3o apenas para os entusiastas da Honda, mas tamb\u00e9m para os f\u00e3s de automobilismo. Outros fabricantes tamb\u00e9m possuem museus impressionantes, como o Museu Mazda, na sede da Mazda em Hiroshima, e o Yamaha Communication Plaza, em Shizuoka.\n\nPor outro lado, museus fundados a partir de cole\u00e7\u00f5es particulares est\u00e3o espalhados por todo o pa\u00eds. Por exemplo, o Museu do Autom\u00f3vel do Jap\u00e3o, na prov\u00edncia de Ishikawa, \u00e9 um dos maiores do Jap\u00e3o, abrigando aproximadamente 500 carros raros e famosos, incluindo o Toyota 2000GT e o Jaguar XK140. Outros museus famosos incluem o Museu do Autom\u00f3vel de Kawaguchiko (aberto apenas em agosto, exibindo um Cizeta V16T) e o MUSEU GLION, em Osaka. Outros exemplos incluem a Cole\u00e7\u00e3o Iwashita (Oita), que exibe a \u00fanica Ducati Apollo L-4 do mundo, e o Museu de Carros Cl\u00e1ssicos de Nasu (Tochigi), entre muitos outros.\n\n\n\n\n\n<figure class=\"wp-block-image size-large\"><img loading=\"lazy\" decoding=\"async\" width=\"1024\" height=\"576\" src=\"https:\/\/good-loop.co.jp\/pt\/wp-content\/uploads\/2025\/08\/cizeta-1024x576.jpg\" alt=\"\" class=\"wp-image-838\" srcset=\"https:\/\/good-loop.co.jp\/pt\/wp-content\/uploads\/sites\/7\/2025\/08\/cizeta-1024x576.jpg 1024w, https:\/\/good-loop.co.jp\/pt\/wp-content\/uploads\/sites\/7\/2025\/08\/cizeta-300x169.jpg 300w, https:\/\/good-loop.co.jp\/pt\/wp-content\/uploads\/sites\/7\/2025\/08\/cizeta-768x432.jpg 768w, https:\/\/good-loop.co.jp\/pt\/wp-content\/uploads\/sites\/7\/2025\/08\/cizeta-1536x864.jpg 1536w, https:\/\/good-loop.co.jp\/pt\/wp-content\/uploads\/sites\/7\/2025\/08\/cizeta-2048x1152.jpg 2048w\" sizes=\"auto, (max-width: 1024px) 100vw, 1024px\" \/><figcaption class=\"wp-element-caption\"> Cizeta V16T no Museu do Autom\u00f3vel de Kawaguchiko\n\n\n\n\n\n<p> Tamb\u00e9m planejamos passeios a museus com base nos seus interesses. Se voc\u00ea deseja visitar esses museus durante sua estadia no Jap\u00e3o, mas n\u00e3o sabe como acess\u00e1-los ou fazer uma reserva, n\u00e3o se preocupe. Por exemplo, o Nissan Heritage Collection exige reservas, mas nossa empresa cuida do processo de reserva e fornece guia tur\u00edstico em ingl\u00eas. Para visitantes internacionais, visitar esses museus e vivenciar a cultura automotiva japonesa em primeira m\u00e3o ser\u00e1 uma experi\u00eancia inesquec\u00edvel.\n\n\n\n\n\n<h2 class=\"wp-block-heading\"> Visitando locais de &#8220;corrida de rua&#8221; como Daikoku PA e Hakone Turnpike\n\n\n\n\n\n<p> Peregrina\u00e7\u00f5es ao ber\u00e7o das corridas de rua s\u00e3o essenciais para discutir o cen\u00e1rio automobil\u00edstico japon\u00eas. Um excelente exemplo disso \u00e9 o Estacionamento do P\u00eder de Daikoku (Daikoku PA). Localizado em um canto de uma ilha artificial abaixo da elevada Linha Bayshore da Shuto Expressway, este PA \u00e9 um dos principais pontos de encontro de carros do mundo, atraindo in\u00fameros carros modificados e supercarros \u00e0 noite. Combinado com sua paisagem incomum cercada por rampas de rodovia em espiral, Daikoku PA tem sido descrito como um microcosmo da cultura automobil\u00edstica japonesa. <\/p>\n\n\n\n<p> Cursos de dire\u00e7\u00e3o suburbana fora da capital tamb\u00e9m s\u00e3o populares. Em particular, a Hakone Turnpike, na prov\u00edncia de Kanagawa (hoje a rodovia com ped\u00e1gio para o Mazda Sky Lounge), \u00e9 conhecida como uma das estradas mais sinuosas do Jap\u00e3o. Com uma s\u00e9rie de curvas suaves e de alta velocidade e vistas excepcionais do Monte Fuji, \u00e0s vezes \u00e9 chamada de &#8220;Mini N\u00fcrburgring do Jap\u00e3o&#8221;. Que tal sair de T\u00f3quio bem cedo pela manh\u00e3 para um passeio at\u00e9 o sop\u00e9 do Monte Fuji, passando por fontes termais e passeios tur\u00edsticos ao longo do caminho? <\/p>\n\n\n\n<p> Tamb\u00e9m podemos organizar passeios por outros pontos de corrida de rua no Jap\u00e3o, de acordo com suas necessidades. Desfrute de uma experi\u00eancia memor\u00e1vel com a cultura automobil\u00edstica. <strong>\n\n\n\n<h2 class=\"wp-block-heading\">Suporte de Viagem (Informa\u00e7\u00f5es) Durante a Sua Estadia<\/h2>\n\n\n\n<p>Oferecemos informa\u00e7\u00f5es e conselhos gratuitos<\/strong> sobre aspectos n\u00e3o relacionados a ve\u00edculos da sua estadia, para que voc\u00ea possa aproveitar o Jap\u00e3o com tranquilidade. Ajudamos voc\u00ea a planejar sua viagem sem problemas, apresentando servi\u00e7os externos confi\u00e1veis \u200b\u200be sites oficiais de reservas. <\/p>\n\n\n\n<ul class=\"wp-block-list\">\n<li><strong>Informa\u00e7\u00f5es sobre Acomoda\u00e7\u00f5es<\/strong><br>Oferecemos informa\u00e7\u00f5es gratuitas sobre hot\u00e9is pr\u00f3ximos ao circuito, acomoda\u00e7\u00f5es no centro da cidade e pousadas com \u00e1guas termais. Os h\u00f3spedes s\u00e3o respons\u00e1veis \u200b\u200bpor fazer suas pr\u00f3prias reservas. <\/li>\n\n\n\n<li><strong> Aluguel de Carros e Informa\u00e7\u00f5es sobre Transporte<\/strong><br> Apresentamos modelos de carros que podem ser dirigidos com carteira de motorista internacional e classes de ve\u00edculos populares entre os participantes do circuito. <\/li>\n\n\n\n<li><strong> Dicas de Turismo e Gastronomia<\/strong><br> Apresentamos pontos tur\u00edsticos e restaurantes que valem a pena visitar perto de Tsukuba e da regi\u00e3o metropolitana de T\u00f3quio, com base nas experi\u00eancias e avalia\u00e7\u00f5es de nossa equipe. <\/li>\n\n\n\n<li><strong> Introdu\u00e7\u00e3o a Int\u00e9rpretes e Servi\u00e7os de Apoio<\/strong><br> Se precisar de int\u00e9rpretes ou guias profissionais, apresentaremos parceiros externos de confian\u00e7a. <\/li>\n<\/ul>\n\n\n\n<p>Embora n\u00e3o ofere\u00e7amos servi\u00e7os de viagem, oferecemos suporte abrangente na forma de fornecimento de informa\u00e7\u00f5es para ajudar h\u00f3spedes internacionais a terem uma estadia mais confort\u00e1vel no Jap\u00e3o. <\/p>\n\n\n\n<h2 class=\"wp-block-heading\">Por que escolher a Good Loop: Parcerias confi\u00e1veis \u200b\u200be resposta flex\u00edvel<\/h2>\n\n\n\n<ul class=\"wp-block-list\">\n<li><strong>Trabalhando com parceiros confi\u00e1veis:<\/strong> Temos parcerias com especialistas confi\u00e1veis \u200b\u200bem diversas \u00e1reas, incluindo log\u00edstica internacional, manuten\u00e7\u00e3o e turismo, para fornecer servi\u00e7os adaptados \u00e0s necessidades de nossos clientes. Fazemos parcerias com empresas de log\u00edstica experientes para fornecer suporte confi\u00e1vel e seguro para procedimentos de importa\u00e7\u00e3o\/exporta\u00e7\u00e3o e transporte. <\/li>\n\n\n\n<li><strong> Servi\u00e7os Completos e Personalizados: <\/strong> A oferta exclusiva da Good Loop \u00e9 o nosso servi\u00e7o completo, desde o transporte e armazenamento at\u00e9 a instala\u00e7\u00e3o e suporte em viagens. Como a situa\u00e7\u00e3o de cada cliente \u00e9 \u00fanica, oferecemos personaliza\u00e7\u00e3o flex\u00edvel para criar um &#8220;plano especial e personalizado&#8221;. <\/li>\n\n\n\n<li><strong> Transpar\u00eancia e Considera\u00e7\u00e3o de Custos: <\/strong> Fornecemos or\u00e7amentos claros e detalhados e propomos planos ideais que eliminam custos desnecess\u00e1rios. Por exemplo, podemos oferecer solu\u00e7\u00f5es de economia de custos, como compartilhar cont\u00eaineres com v\u00e1rios clientes ou aproveitar rotas de baixo custo durante a baixa temporada. <\/li>\n\n\n\n<li><strong> Suporte Apaixonado:<\/strong> Como entusiastas da cultura automobil\u00edstica e do automobilismo, a Good Loop quer apoiar nossos clientes em seus empreendimentos. Analisamos cuidadosamente cada projeto e nos esfor\u00e7amos para criar uma experi\u00eancia que fa\u00e7a voc\u00ea se sentir &#8220;recompensado&#8221;. <\/li>\n<\/ul>\n\n\n\n<p> Viajar atrav\u00e9s das fronteiras com seu carro ser\u00e1 uma lembran\u00e7a \u00fanica na vida. A Good Loop far\u00e1 o m\u00e1ximo para ajudar a torn\u00e1-la realidade. <strong> Se voc\u00ea est\u00e1 pensando em participar do Attack Tsukuba, entre em contato conosco. <\/strong> Vamos juntos buscar o melhor tempo no Percurso 2000 do Circuito de Tsukuba! <\/p>\n\n\n\n<h2 class=\"wp-block-heading\">Fale Conosco<\/h2>\n\n\n\n<div class=\"wp-block-buttons is-layout-flex wp-block-buttons-is-layout-flex\">\n<div class=\"wp-block-button\"><a class=\"wp-block-button__link has-small-font-size has-custom-font-size wp-element-button\" href=\"https:\/\/docs.google.com\/forms\/d\/1JATPpeGfRXaemIpjUO1PbKltxmmkNDiiO8owNQoPJU4\/\" target=\"_blank\" rel=\"noreferrer noopener\">\nFale Conosco<\/a><\/div>\n<\/div>\n","protected":false},"excerpt":{"rendered":"<p>O Attack Tsukuba, um dos principais eventos de contrarrel\u00f3gio do Jap\u00e3o, vem atraindo a aten\u00e7\u00e3o do exterior nos \u00faltimos anos. Com um forte toque internacional, incluindo tempos impressionantes registrados por pilotos estrangeiros, entusiastas do mundo todo sonham em correr neste &#8220;solo sagrado&#8221; de Tsukuba. No entanto, trazer seu amado carro para correr no Jap\u00e3o apresenta [&hellip;]<\/p>\n","protected":false},"author":1,"featured_media":831,"parent":0,"menu_order":0,"comment_status":"closed","ping_status":"closed","template":"","meta":{"footnotes":""},"class_list":["post-830","page","type-page","status-publish","has-post-thumbnail","hentry"],"_links":{"self":[{"href":"https:\/\/good-loop.co.jp\/pt\/wp-json\/wp\/v2\/pages\/830","targetHints":{"allow":["GET"]}}],"collection":[{"href":"https:\/\/good-loop.co.jp\/pt\/wp-json\/wp\/v2\/pages"}],"about":[{"href":"https:\/\/good-loop.co.jp\/pt\/wp-json\/wp\/v2\/types\/page"}],"author":[{"embeddable":true,"href":"https:\/\/good-loop.co.jp\/pt\/wp-json\/wp\/v2\/users\/1"}],"replies":[{"embeddable":true,"href":"https:\/\/good-loop.co.jp\/pt\/wp-json\/wp\/v2\/comments?post=830"}],"version-history":[{"count":0,"href":"https:\/\/good-loop.co.jp\/pt\/wp-json\/wp\/v2\/pages\/830\/revisions"}],"wp:featuredmedia":[{"embeddable":true,"href":"https:\/\/good-loop.co.jp\/pt\/wp-json\/wp\/v2\/media\/831"}],"wp:attachment":[{"href":"https:\/\/good-loop.co.jp\/pt\/wp-json\/wp\/v2\/media?parent=830"}],"curies":[{"name":"wp","href":"https:\/\/api.w.org\/{rel}","templated":true}]}}