{"id":882,"date":"2026-02-18T22:38:55","date_gmt":"2026-02-18T13:38:55","guid":{"rendered":"https:\/\/good-loop.co.jp\/pt\/rider-support\/pricing\/"},"modified":"2026-02-18T22:38:55","modified_gmt":"2026-02-18T13:38:55","slug":"pricing","status":"publish","type":"page","link":"https:\/\/good-loop.co.jp\/pt\/pricing\/","title":{"rendered":"Como Funcionam os Pre\u00e7os"},"content":{"rendered":"\n<p><strong>Cada trabalho \u00e9 diferente, ent\u00e3o n\u00e3o h\u00e1 uma tabela de pre\u00e7os fixa.<\/strong><\/p>\n\n\n\n<hr class=\"wp-block-separator has-alpha-channel-opacity\" \/>\n\n\n\n<h2 class=\"wp-block-heading\">Como Nossas Taxas S\u00e3o Estruturadas<\/h2>\n\n\n\n<p>O Concierge de Ve\u00edculos da Good Loop \u00e9 um <strong>servi\u00e7o de coordena\u00e7\u00e3o e log\u00edstica<\/strong>. As taxas s\u00e3o compostas por dois componentes:<\/p>\n\n\n\n<figure class=\"wp-block-table\"><table class=\"has-fixed-layout\"><tbody><tr><td><strong>Taxa de Servi\u00e7o<\/strong><\/td><td>Paga \u00e0 Good Loop. Cobre planejamento, comunica\u00e7\u00e3o e gerenciamento do progresso.<\/td><\/tr><tr><td><strong>Custos Reais<\/strong><\/td><td>Pagos aos nossos parceiros. Inclui transporte, embalagem, manuseio e despesas relacionadas.<\/td><\/tr><\/tbody><\/table><\/figure>\n\n\n\n<p>A taxa de servi\u00e7o varia conforme a natureza do trabalho \u2014 tamanho do ve\u00edculo, localiza\u00e7\u00e3o, escopo do trabalho e urg\u00eancia. Os custos reais dependem das cota\u00e7\u00f5es dos parceiros e, como muitos s\u00e3o denominados em USD, est\u00e3o sujeitos a flutua\u00e7\u00f5es cambiais.<\/p>\n\n\n\n<p>Daremos um valor espec\u00edfico ap\u00f3s ouvir os detalhes da sua solicita\u00e7\u00e3o.<\/p>\n\n\n\n<hr class=\"wp-block-separator has-alpha-channel-opacity\" \/>\n\n\n\n<h2 class=\"wp-block-heading\">O Que Afeta o Pre\u00e7o<\/h2>\n\n\n\n<p><strong>Tende a ser mais alto quando:<\/strong><\/p>\n\n\n\n<ul class=\"wp-block-list\">\n<li>\u00c9 necess\u00e1rio atendimento urgente (prazo menor que o usual)<\/li>\n\n\n\n<li>O trabalho envolve uma localiza\u00e7\u00e3o remota<\/li>\n\n\n\n<li>O caso \u00e9 particularmente complexo<\/li>\n<\/ul>\n\n\n\n<p><strong>Tende a ser mais baixo quando:<\/strong><\/p>\n\n\n\n<ul class=\"wp-block-list\">\n<li>M\u00faltiplos servi\u00e7os s\u00e3o combinados (ex.: compra + transporte)<\/li>\n\n\n\n<li>As informa\u00e7\u00f5es est\u00e3o prontas antecipadamente (fotos, dimens\u00f5es, cronograma)<\/li>\n\n\n\n<li>H\u00e1 prazo confort\u00e1vel<\/li>\n<\/ul>\n\n\n\n<p>Quanto mais informa\u00e7\u00f5es voc\u00ea tiver prontas ao entrar em contato, mais f\u00e1cil ser\u00e1 para n\u00f3s agir rapidamente \u2014 e mais prov\u00e1vel ser\u00e1 mantermos os custos baixos.<\/p>\n\n\n\n<hr class=\"wp-block-separator has-alpha-channel-opacity\" \/>\n\n\n\n<h2 class=\"wp-block-heading\">Como Funcionam os Or\u00e7amentos<\/h2>\n\n\n\n<ol class=\"wp-block-list\">\n<li><strong>Consulta<\/strong> \u2014 Envie-nos os detalhes relevantes<\/li>\n\n\n\n<li><strong>Estimativa aproximada<\/strong> \u2014 Retornaremos em 24\u201348 horas<\/li>\n\n\n\n<li><strong>An\u00e1lise &amp; perguntas<\/strong> \u2014 Pergunte o que quiser<\/li>\n\n\n\n<li><strong>Acordo<\/strong> \u2014 Quando estiver satisfeito, o pagamento \u00e9 realizado<\/li>\n\n\n\n<li><strong>Iniciamos o trabalho<\/strong><\/li>\n<\/ol>\n\n\n\n<p>Or\u00e7amentos s\u00e3o gratuitos. &#8220;Ainda n\u00e3o decidi \u2014 s\u00f3 quero uma ideia aproximada&#8221; est\u00e1 perfeitamente bem.<\/p>\n\n\n\n<hr class=\"wp-block-separator has-alpha-channel-opacity\" \/>\n\n\n\n<h2 class=\"wp-block-heading\">M\u00e9todos de Pagamento<\/h2>\n\n\n\n<ul class=\"wp-block-list\">\n<li>Transfer\u00eancia banc\u00e1ria<\/li>\n\n\n\n<li>Cart\u00e3o de cr\u00e9dito<\/li>\n\n\n\n<li>Wise, Revolut, PayPal<\/li>\n\n\n\n<li>Moeda: Iene Japon\u00eas (JPY)<\/li>\n<\/ul>\n\n\n\n<p><em>Taxas de c\u00e2mbio e taxas de transfer\u00eancia s\u00e3o de responsabilidade do cliente.<\/em><\/p>\n\n\n\n<hr class=\"wp-block-separator has-alpha-channel-opacity\" \/>\n\n\n\n<h2 class=\"wp-block-heading\">Pre\u00e7os Transparentes<\/h2>\n\n\n\n<p>Fornecemos um detalhamento completo dos custos na fase de or\u00e7amento. Se algo parecer que pode mudar, discutiremos com voc\u00ea antes de prosseguir.<\/p>\n\n\n\n<div class=\"wp-block-buttons is-layout-flex wp-block-buttons-is-layout-flex\">\n<div class=\"wp-block-button\"><a class=\"wp-block-button__link has-small-font-size has-custom-font-size wp-element-button\" href=\"https:\/\/docs.google.com\/forms\/d\/1JATPpeGfRXaemIpjUO1PbKltxmmkNDiiO8owNQoPJU4\/\" target=\"_blank\" rel=\"noreferrer noopener\">Fale Conosco<\/a><\/div>\n<\/div>\n\n\n\n<hr class=\"wp-block-separator has-alpha-channel-opacity\" \/>\n\n\n\n<p><strong>P\u00e1ginas Relacionadas<\/strong><\/p>\n\n\n\n<ul class=\"wp-block-list\">\n<li><a href=\"https:\/\/good-loop.co.jp\/pt\/pt\/rider-support\/\" data-type=\"page\" data-id=\"906\">Concierge de Ve\u00edculos (Topo)<\/a><\/li>\n\n\n\n<li><a href=\"https:\/\/good-loop.co.jp\/pt\/pt\/purchase\/\" data-type=\"page\" data-id=\"915\">Busca de Ve\u00edculos JDM &amp; de Qualidade (Jap\u00e3o)<\/a><\/li>\n\n\n\n<li><a href=\"https:\/\/good-loop.co.jp\/pt\/pt\/rider-support\/shipping\/\" data-type=\"page\" data-id=\"911\">Transporte Internacional (Importa\u00e7\u00e3o &amp; Exporta\u00e7\u00e3o)<\/a><\/li>\n\n\n\n<li><a href=\"https:\/\/good-loop.co.jp\/pt\/pt\/rider-support\/how-it-works\/\" data-type=\"page\" data-id=\"920\">Como Funciona &amp; Contato<\/a><\/li>\n\n\n\n<li><a href=\"https:\/\/good-loop.co.jp\/pt\/pt\/rider-support\/faq\/\" data-type=\"page\" data-id=\"930\">Perguntas Frequentes<\/a><\/li>\n<\/ul>\n","protected":false},"excerpt":{"rendered":"<p>Cada trabalho \u00e9 diferente, ent\u00e3o n\u00e3o h\u00e1 uma tabela de pre\u00e7os fixa. Como Nossas Taxas S\u00e3o Estruturadas O Concierge de Ve\u00edculos da Good Loop \u00e9 um servi\u00e7o de coordena\u00e7\u00e3o e log\u00edstica. As taxas s\u00e3o compostas por dois componentes: Taxa de Servi\u00e7o Paga \u00e0 Good Loop. Cobre planejamento, comunica\u00e7\u00e3o e gerenciamento do progresso. Custos Reais Pagos [&hellip;]<\/p>\n","protected":false},"author":1,"featured_media":0,"parent":0,"menu_order":0,"comment_status":"closed","ping_status":"closed","template":"","meta":{"footnotes":""},"class_list":["post-882","page","type-page","status-publish","hentry"],"_links":{"self":[{"href":"https:\/\/good-loop.co.jp\/pt\/wp-json\/wp\/v2\/pages\/882","targetHints":{"allow":["GET"]}}],"collection":[{"href":"https:\/\/good-loop.co.jp\/pt\/wp-json\/wp\/v2\/pages"}],"about":[{"href":"https:\/\/good-loop.co.jp\/pt\/wp-json\/wp\/v2\/types\/page"}],"author":[{"embeddable":true,"href":"https:\/\/good-loop.co.jp\/pt\/wp-json\/wp\/v2\/users\/1"}],"replies":[{"embeddable":true,"href":"https:\/\/good-loop.co.jp\/pt\/wp-json\/wp\/v2\/comments?post=882"}],"version-history":[{"count":0,"href":"https:\/\/good-loop.co.jp\/pt\/wp-json\/wp\/v2\/pages\/882\/revisions"}],"wp:attachment":[{"href":"https:\/\/good-loop.co.jp\/pt\/wp-json\/wp\/v2\/media?parent=882"}],"curies":[{"name":"wp","href":"https:\/\/api.w.org\/{rel}","templated":true}]}}